{"id":17042,"date":"2025-07-15T23:39:05","date_gmt":"2025-07-15T21:39:05","guid":{"rendered":"https:\/\/uj.adatbank.ro\/lexikon\/termek\/oltjan-sandor\/"},"modified":"2025-07-15T23:39:05","modified_gmt":"2025-07-15T21:39:05","slug":"oltjan-sandor","status":"publish","type":"product","link":"https:\/\/uj.adatbank.ro\/lexikon\/termek\/oltjan-sandor\/","title":{"rendered":"OLTJ\u00c1N S\u00e1ndor"},"content":{"rendered":"<p>Abaf\u00e1ja, 1897., \u2020\u00a0?: gazd\u00e1lkod\u00f3. \u2013 Iskol\u00e1i elv\u00e9gz\u00e9se ut\u00e1n gazd\u00e1lkod\u00e1st tanult, \u00f6n\u00e1ll\u00f3 lett Abaf\u00e9j\u00e9n (1922\u2013). Az els\u0151 vh.-ban mint t\u00fcz\u00e9r az orosz fronton harcolt, mint tizedes szerelt le a K\u00e1roly Csapatkereszt kit\u00fcntet\u00e9ssel. Abaf\u00e1ja k\u00f6zs\u00e9g tan\u00e1csosa, hazafias \u00e9s kultur\u00e1lis egyes\u00fcletek t\u00e1mogat\u00f3ja volt. <br \/><strong>Irod.:<\/strong> Sz\u00e9kelyf\u00f6ld \u00ed.k<\/br><\/p>\n","protected":false},"excerpt":{"rendered":"<p>Abaf\u00e1ja, 1897., \u2020\u00a0?: gazd\u00e1lkod\u00f3. \u2013 Iskol\u00e1i elv\u00e9gz\u00e9se ut\u00e1n gazd\u00e1lkod\u00e1st tanult, \u00f6n\u00e1ll\u00f3 lett Abaf\u00e9j\u00e9n (1922\u2013). Az els\u0151 vh.-ban mint t\u00fcz\u00e9r az orosz fronton harcolt, mint tizedes szerelt le a K\u00e1roly Csapatkereszt kit\u00fcntet\u00e9ssel. Abaf\u00e1ja k\u00f6zs\u00e9g tan\u00e1csosa, hazafias \u00e9s kultur\u00e1lis egyes\u00fcletek t\u00e1mogat\u00f3ja volt. Irod.: Sz\u00e9kelyf\u00f6ld \u00ed.k<\/p>\n","protected":false},"featured_media":0,"comment_status":"open","ping_status":"closed","template":"","meta":[],"product_brand":[],"product_cat":[137],"product_tag":[],"class_list":{"0":"post-17042","1":"product","2":"type-product","3":"status-publish","5":"product_cat-maros-megyei-eletrajzi-lexikon","7":"first","8":"instock","9":"shipping-taxable","10":"product-type-simple"},"_links":{"self":[{"href":"https:\/\/uj.adatbank.ro\/lexikon\/wp-json\/wp\/v2\/product\/17042","targetHints":{"allow":["GET"]}}],"collection":[{"href":"https:\/\/uj.adatbank.ro\/lexikon\/wp-json\/wp\/v2\/product"}],"about":[{"href":"https:\/\/uj.adatbank.ro\/lexikon\/wp-json\/wp\/v2\/types\/product"}],"replies":[{"embeddable":true,"href":"https:\/\/uj.adatbank.ro\/lexikon\/wp-json\/wp\/v2\/comments?post=17042"}],"wp:attachment":[{"href":"https:\/\/uj.adatbank.ro\/lexikon\/wp-json\/wp\/v2\/media?parent=17042"}],"wp:term":[{"taxonomy":"product_brand","embeddable":true,"href":"https:\/\/uj.adatbank.ro\/lexikon\/wp-json\/wp\/v2\/product_brand?post=17042"},{"taxonomy":"product_cat","embeddable":true,"href":"https:\/\/uj.adatbank.ro\/lexikon\/wp-json\/wp\/v2\/product_cat?post=17042"},{"taxonomy":"product_tag","embeddable":true,"href":"https:\/\/uj.adatbank.ro\/lexikon\/wp-json\/wp\/v2\/product_tag?post=17042"}],"curies":[{"name":"wp","href":"https:\/\/api.w.org\/{rel}","templated":true}]}}