{"id":17044,"date":"2025-07-15T23:39:08","date_gmt":"2025-07-15T21:39:08","guid":{"rendered":"https:\/\/uj.adatbank.ro\/lexikon\/termek\/oltyan-istvan\/"},"modified":"2025-07-15T23:39:08","modified_gmt":"2025-07-15T21:39:08","slug":"oltyan-istvan","status":"publish","type":"product","link":"https:\/\/uj.adatbank.ro\/lexikon\/termek\/oltyan-istvan\/","title":{"rendered":"OLTY\u00c1N Istv\u00e1n"},"content":{"rendered":"<p>? \u2020 : sz\u00edn\u00e9sz. \u2013 a Mv. Sz\u00e9kely Sz\u00ednh\u00e1zban j\u00e1tszott (1946\u20131947). \u2013 <strong>F. sz.:<\/strong> Kinai tiszt (Leh\u00e1r Ferenc: A mosoly orsz\u00e1ga); Pelegrini (Leh\u00e1r Ferenc: Luxemburg gr\u00f3fja); Inas (Zilahy Lajos: Hazaj\u00e1r\u00f3 l\u00e9lek); Szidor \u00c1kos (Farkas Imre: Igl\u00f3di di\u00e1kok); Endrei (K\u00e1lm\u00e1n Imre: Cs\u00e1rd\u00e1skir\u00e1lyn\u0151); Andr\u00e9, di\u00e1k (Paul Laurent: Szerelmes di\u00e1kok); Miska haj\u00f3sleg\u00e9ny (Johann Strauss: A cig\u00e1nyb\u00e1r\u00f3); Udvari fut\u00e1r (Jakobi Viktor: Sybill); Pinc\u00e9r (Eisemann M.: Egy cs\u00f3k \u00e9s m\u00e1s semmi), Benetti (Eisemann M.: Fekete P\u00e9ter), Tardeu, \u00fajs\u00e1g\u00edr\u00f3 (K\u00e1lm\u00e1n Imre: Bajad\u00e9r); Kalauz (M. Sebastian: N\u00e9vtelen csillag); J\u00f3ska, b\u00e9res ( T\u00f3th Ede: A falu rossza); Mikszi gr\u00f3f (Szirmai Albert: M\u00e1gn\u00e1s Miska); Bemond\u00f3 (Kov\u00e1ts Dezs\u0151: Egyiptomi legenda); Pinelli, a boh\u00f3c (K\u00e1lm\u00e1n Imre: Cirkuszhercegn\u0151); P\u00e9ter (***Marci, mint Robinson); Titk\u00e1r (F\u00e9nyes Szabolcs: V\u00e9n di\u00f3fa); Feri (Vaszary G\u00e1bor: Mondj igazat); Z\u00fclfik\u00e1r, f\u0151eunuch (Huszka Jen\u0151: G\u00fcl-Baba); M\u00e1sodik di\u00e1k (L. Rachmanov: Viharos alkonyat); Schwind M\u00f3ric, fest\u0151 (Schubert- Bert\u00e9: H\u00e1rom a kisl\u00e1ny); Tam\u00e1s (F\u00e9nyes Szabolcs: Az utols\u00f3 Vereb\u00e9ly l\u00e1ny); Rendez\u0151( Carlo de Fries: Ilyenek a f\u00e9rfiak). <br \/><strong>Irod.:<\/strong> Horv\u00e1th Bea<\/br><\/p>\n","protected":false},"excerpt":{"rendered":"<p>? \u2020 : sz\u00edn\u00e9sz. \u2013 a Mv. Sz\u00e9kely Sz\u00ednh\u00e1zban j\u00e1tszott (1946\u20131947). \u2013 F. sz.: Kinai tiszt (Leh\u00e1r Ferenc: A mosoly orsz\u00e1ga); Pelegrini (Leh\u00e1r Ferenc: Luxemburg gr\u00f3fja); Inas (Zilahy Lajos: Hazaj\u00e1r\u00f3 l\u00e9lek); Szidor \u00c1kos (Farkas Imre: Igl\u00f3di di\u00e1kok); Endrei (K\u00e1lm\u00e1n Imre: Cs\u00e1rd\u00e1skir\u00e1lyn\u0151); Andr\u00e9, di\u00e1k (Paul Laurent: Szerelmes di\u00e1kok); Miska haj\u00f3sleg\u00e9ny (Johann Strauss: A cig\u00e1nyb\u00e1r\u00f3); Udvari fut\u00e1r [&hellip;]<\/p>\n","protected":false},"featured_media":0,"comment_status":"open","ping_status":"closed","template":"","meta":[],"product_brand":[],"product_cat":[137],"product_tag":[],"class_list":{"0":"post-17044","1":"product","2":"type-product","3":"status-publish","5":"product_cat-maros-megyei-eletrajzi-lexikon","7":"first","8":"instock","9":"shipping-taxable","10":"product-type-simple"},"_links":{"self":[{"href":"https:\/\/uj.adatbank.ro\/lexikon\/wp-json\/wp\/v2\/product\/17044","targetHints":{"allow":["GET"]}}],"collection":[{"href":"https:\/\/uj.adatbank.ro\/lexikon\/wp-json\/wp\/v2\/product"}],"about":[{"href":"https:\/\/uj.adatbank.ro\/lexikon\/wp-json\/wp\/v2\/types\/product"}],"replies":[{"embeddable":true,"href":"https:\/\/uj.adatbank.ro\/lexikon\/wp-json\/wp\/v2\/comments?post=17044"}],"wp:attachment":[{"href":"https:\/\/uj.adatbank.ro\/lexikon\/wp-json\/wp\/v2\/media?parent=17044"}],"wp:term":[{"taxonomy":"product_brand","embeddable":true,"href":"https:\/\/uj.adatbank.ro\/lexikon\/wp-json\/wp\/v2\/product_brand?post=17044"},{"taxonomy":"product_cat","embeddable":true,"href":"https:\/\/uj.adatbank.ro\/lexikon\/wp-json\/wp\/v2\/product_cat?post=17044"},{"taxonomy":"product_tag","embeddable":true,"href":"https:\/\/uj.adatbank.ro\/lexikon\/wp-json\/wp\/v2\/product_tag?post=17044"}],"curies":[{"name":"wp","href":"https:\/\/api.w.org\/{rel}","templated":true}]}}