{"id":17045,"date":"2025-07-15T23:39:11","date_gmt":"2025-07-15T21:39:11","guid":{"rendered":"https:\/\/uj.adatbank.ro\/lexikon\/termek\/oltyan-jozsef\/"},"modified":"2025-07-15T23:39:11","modified_gmt":"2025-07-15T21:39:11","slug":"oltyan-jozsef","status":"publish","type":"product","link":"https:\/\/uj.adatbank.ro\/lexikon\/termek\/oltyan-jozsef\/","title":{"rendered":"OLTY\u00c1N J\u00f3zsef"},"content":{"rendered":"<p>Harc\u00f3, 1919. nov. 23., \u2020\u00a0Czernakowka, 1944. aug. 20.: \u0151rvezet\u0151. \u2013 Anyja Sztr\u00f3ja Hel\u00e9n. \u2013 \u0150rvezet\u0151 az 57\/ III. z\u00e1szl\u00f3aljban. G\u00e9ppisztolyl\u00f6v\u00e9s miatt vesztette \u00e9let\u00e9t. <br \/><strong>Irod.:<\/strong> Berekm\u00e9ri 2015<\/br><\/p>\n","protected":false},"excerpt":{"rendered":"<p>Harc\u00f3, 1919. nov. 23., \u2020\u00a0Czernakowka, 1944. aug. 20.: \u0151rvezet\u0151. \u2013 Anyja Sztr\u00f3ja Hel\u00e9n. \u2013 \u0150rvezet\u0151 az 57\/ III. z\u00e1szl\u00f3aljban. G\u00e9ppisztolyl\u00f6v\u00e9s miatt vesztette \u00e9let\u00e9t. Irod.: Berekm\u00e9ri 2015<\/p>\n","protected":false},"featured_media":0,"comment_status":"open","ping_status":"closed","template":"","meta":[],"product_brand":[],"product_cat":[137],"product_tag":[],"class_list":{"0":"post-17045","1":"product","2":"type-product","3":"status-publish","5":"product_cat-maros-megyei-eletrajzi-lexikon","7":"first","8":"instock","9":"shipping-taxable","10":"product-type-simple"},"_links":{"self":[{"href":"https:\/\/uj.adatbank.ro\/lexikon\/wp-json\/wp\/v2\/product\/17045","targetHints":{"allow":["GET"]}}],"collection":[{"href":"https:\/\/uj.adatbank.ro\/lexikon\/wp-json\/wp\/v2\/product"}],"about":[{"href":"https:\/\/uj.adatbank.ro\/lexikon\/wp-json\/wp\/v2\/types\/product"}],"replies":[{"embeddable":true,"href":"https:\/\/uj.adatbank.ro\/lexikon\/wp-json\/wp\/v2\/comments?post=17045"}],"wp:attachment":[{"href":"https:\/\/uj.adatbank.ro\/lexikon\/wp-json\/wp\/v2\/media?parent=17045"}],"wp:term":[{"taxonomy":"product_brand","embeddable":true,"href":"https:\/\/uj.adatbank.ro\/lexikon\/wp-json\/wp\/v2\/product_brand?post=17045"},{"taxonomy":"product_cat","embeddable":true,"href":"https:\/\/uj.adatbank.ro\/lexikon\/wp-json\/wp\/v2\/product_cat?post=17045"},{"taxonomy":"product_tag","embeddable":true,"href":"https:\/\/uj.adatbank.ro\/lexikon\/wp-json\/wp\/v2\/product_tag?post=17045"}],"curies":[{"name":"wp","href":"https:\/\/api.w.org\/{rel}","templated":true}]}}