{"id":17047,"date":"2025-07-15T23:39:17","date_gmt":"2025-07-15T21:39:17","guid":{"rendered":"https:\/\/uj.adatbank.ro\/lexikon\/termek\/olvedi-domokos\/"},"modified":"2025-07-15T23:39:17","modified_gmt":"2025-07-15T21:39:17","slug":"olvedi-domokos","status":"publish","type":"product","link":"https:\/\/uj.adatbank.ro\/lexikon\/termek\/olvedi-domokos\/","title":{"rendered":"\u00d6LVEDI Domokos"},"content":{"rendered":"<p>Marosj\u00e1ra, 1907., \u2020\u00a0?\u00a0: gazd\u00e1lkod\u00f3 \u2013 Iskol\u00e1i elv\u00e9gz\u00e9se ut\u00e1n a sz\u00fcl\u0151i h\u00e1zn\u00e1l tanult gazd\u00e1lkodni, azut\u00e1n \u00f6n\u00e1ll\u00f3s\u00edtotta mag\u00e1t 20 hold f\u00f6ldj\u00e9t m\u0171velte szakszer\u0171en, haszon\u00e1llatok teny\u00e9szt\u00e9s\u00e9vel is foglalkozott. A ref. egyh\u00e1z presbitere, az Erd\u00e9lyi Birt. Sz\u00f6vets\u00e9g eln\u00f6ke, a Szoci\u00e1lis Bizotts\u00e1g tagja, k\u00f6zs\u00e9gi b\u00edr\u00f3 (1940\u2013). <br \/><strong>Irod.:<\/strong> Sz\u00e9klelyf\u00f6ld \u00ed.k.<\/br><\/p>\n","protected":false},"excerpt":{"rendered":"<p>Marosj\u00e1ra, 1907., \u2020\u00a0?\u00a0: gazd\u00e1lkod\u00f3 \u2013 Iskol\u00e1i elv\u00e9gz\u00e9se ut\u00e1n a sz\u00fcl\u0151i h\u00e1zn\u00e1l tanult gazd\u00e1lkodni, azut\u00e1n \u00f6n\u00e1ll\u00f3s\u00edtotta mag\u00e1t 20 hold f\u00f6ldj\u00e9t m\u0171velte szakszer\u0171en, haszon\u00e1llatok teny\u00e9szt\u00e9s\u00e9vel is foglalkozott. A ref. egyh\u00e1z presbitere, az Erd\u00e9lyi Birt. Sz\u00f6vets\u00e9g eln\u00f6ke, a Szoci\u00e1lis Bizotts\u00e1g tagja, k\u00f6zs\u00e9gi b\u00edr\u00f3 (1940\u2013). Irod.: Sz\u00e9klelyf\u00f6ld \u00ed.k.<\/p>\n","protected":false},"featured_media":0,"comment_status":"open","ping_status":"closed","template":"","meta":[],"product_brand":[],"product_cat":[137],"product_tag":[],"class_list":{"0":"post-17047","1":"product","2":"type-product","3":"status-publish","5":"product_cat-maros-megyei-eletrajzi-lexikon","7":"first","8":"instock","9":"shipping-taxable","10":"product-type-simple"},"_links":{"self":[{"href":"https:\/\/uj.adatbank.ro\/lexikon\/wp-json\/wp\/v2\/product\/17047","targetHints":{"allow":["GET"]}}],"collection":[{"href":"https:\/\/uj.adatbank.ro\/lexikon\/wp-json\/wp\/v2\/product"}],"about":[{"href":"https:\/\/uj.adatbank.ro\/lexikon\/wp-json\/wp\/v2\/types\/product"}],"replies":[{"embeddable":true,"href":"https:\/\/uj.adatbank.ro\/lexikon\/wp-json\/wp\/v2\/comments?post=17047"}],"wp:attachment":[{"href":"https:\/\/uj.adatbank.ro\/lexikon\/wp-json\/wp\/v2\/media?parent=17047"}],"wp:term":[{"taxonomy":"product_brand","embeddable":true,"href":"https:\/\/uj.adatbank.ro\/lexikon\/wp-json\/wp\/v2\/product_brand?post=17047"},{"taxonomy":"product_cat","embeddable":true,"href":"https:\/\/uj.adatbank.ro\/lexikon\/wp-json\/wp\/v2\/product_cat?post=17047"},{"taxonomy":"product_tag","embeddable":true,"href":"https:\/\/uj.adatbank.ro\/lexikon\/wp-json\/wp\/v2\/product_tag?post=17047"}],"curies":[{"name":"wp","href":"https:\/\/api.w.org\/{rel}","templated":true}]}}