{"id":17048,"date":"2025-07-15T23:39:19","date_gmt":"2025-07-15T21:39:19","guid":{"rendered":"https:\/\/uj.adatbank.ro\/lexikon\/termek\/olvedi-ignac\/"},"modified":"2025-07-15T23:39:19","modified_gmt":"2025-07-15T21:39:19","slug":"olvedi-ignac","status":"publish","type":"product","link":"https:\/\/uj.adatbank.ro\/lexikon\/termek\/olvedi-ignac\/","title":{"rendered":"\u00d6LVEDI Ign\u00e1c"},"content":{"rendered":"<p>Marosj\u00e1ra, 1896., \u2020\u00a0?: gazd\u00e1lkod\u00f3 \u2013 Iskol\u00e1i elv\u00e9gz\u00e9se ut\u00e1n a sz\u00fcl\u0151i birtokon gazd\u00e1lkodott, majd \u00f6n\u00e1ll\u00f3 gazda lett Marosj\u00e1r\u00e1n (1919\u2013). A sz\u00f6vetkezet \u00fcgyvezet\u0151 k\u00f6nyvel\u0151je, a Szoci\u00e1lis Seg\u00e9lyz\u0151 Bizotts\u00e1g tagja. T\u00f6bb verse jelent meg k\u00f6rny\u00e9kbeli lapokban, az orsz\u00e1gz\u00e1szl\u00f3 szentel\u00e9sekor is az \u0151 vers\u00e9t szavalt\u00e1k. \u2013 Irod\u00a0: Guly\u00e1s\u00a0; Sz\u00e9kelyf\u00f6ld \u00ed.k.<\/br><\/p>\n","protected":false},"excerpt":{"rendered":"<p>Marosj\u00e1ra, 1896., \u2020\u00a0?: gazd\u00e1lkod\u00f3 \u2013 Iskol\u00e1i elv\u00e9gz\u00e9se ut\u00e1n a sz\u00fcl\u0151i birtokon gazd\u00e1lkodott, majd \u00f6n\u00e1ll\u00f3 gazda lett Marosj\u00e1r\u00e1n (1919\u2013). A sz\u00f6vetkezet \u00fcgyvezet\u0151 k\u00f6nyvel\u0151je, a Szoci\u00e1lis Seg\u00e9lyz\u0151 Bizotts\u00e1g tagja. T\u00f6bb verse jelent meg k\u00f6rny\u00e9kbeli lapokban, az orsz\u00e1gz\u00e1szl\u00f3 szentel\u00e9sekor is az \u0151 vers\u00e9t szavalt\u00e1k. \u2013 Irod\u00a0: Guly\u00e1s\u00a0; Sz\u00e9kelyf\u00f6ld \u00ed.k.<\/p>\n","protected":false},"featured_media":0,"comment_status":"open","ping_status":"closed","template":"","meta":[],"product_brand":[],"product_cat":[137],"product_tag":[],"class_list":{"0":"post-17048","1":"product","2":"type-product","3":"status-publish","5":"product_cat-maros-megyei-eletrajzi-lexikon","7":"first","8":"instock","9":"shipping-taxable","10":"product-type-simple"},"_links":{"self":[{"href":"https:\/\/uj.adatbank.ro\/lexikon\/wp-json\/wp\/v2\/product\/17048","targetHints":{"allow":["GET"]}}],"collection":[{"href":"https:\/\/uj.adatbank.ro\/lexikon\/wp-json\/wp\/v2\/product"}],"about":[{"href":"https:\/\/uj.adatbank.ro\/lexikon\/wp-json\/wp\/v2\/types\/product"}],"replies":[{"embeddable":true,"href":"https:\/\/uj.adatbank.ro\/lexikon\/wp-json\/wp\/v2\/comments?post=17048"}],"wp:attachment":[{"href":"https:\/\/uj.adatbank.ro\/lexikon\/wp-json\/wp\/v2\/media?parent=17048"}],"wp:term":[{"taxonomy":"product_brand","embeddable":true,"href":"https:\/\/uj.adatbank.ro\/lexikon\/wp-json\/wp\/v2\/product_brand?post=17048"},{"taxonomy":"product_cat","embeddable":true,"href":"https:\/\/uj.adatbank.ro\/lexikon\/wp-json\/wp\/v2\/product_cat?post=17048"},{"taxonomy":"product_tag","embeddable":true,"href":"https:\/\/uj.adatbank.ro\/lexikon\/wp-json\/wp\/v2\/product_tag?post=17048"}],"curies":[{"name":"wp","href":"https:\/\/api.w.org\/{rel}","templated":true}]}}