{"id":17049,"date":"2025-07-15T23:39:20","date_gmt":"2025-07-15T21:39:20","guid":{"rendered":"https:\/\/uj.adatbank.ro\/lexikon\/termek\/olvedi-ignac-2\/"},"modified":"2025-07-15T23:39:20","modified_gmt":"2025-07-15T21:39:20","slug":"olvedi-ignac-2","status":"publish","type":"product","link":"https:\/\/uj.adatbank.ro\/lexikon\/termek\/olvedi-ignac-2\/","title":{"rendered":"\u00d6LVEDI Ign\u00e1c"},"content":{"rendered":"<p>Marosj\u00e1ra, 1922. jan. 16., \u2020\u00a0?\u00a0: hadt\u00f6rt\u00e9n\u00e9sz. \u2013 Katona (1941\u201344); partiz\u00e1n Ukrajn\u00e1ban (1944\u201345); nevel\u0151tiszt a honv\u00e9ds\u00e9gn\u00e9l (1945\u201349); Moszkv\u00e1ban a Lenin Katonai Politikai Akad\u00e9mi\u00e1n v\u00e9gzett (1949\u201354); a Pet\u0151fi Katonai Akad\u00e9mi\u00e1n parancsnok (1954\u2013)\u00a0; a Kossuth T\u00fcz\u00e9rtiszti Iskola politikai oszt\u00e1lyvezet\u0151je (1955\u201356); a Zrinyi Mikl\u00f3s Katonai Akad\u00e9mia hadm\u0171v\u00e9szett\u00f6rt\u00e9neti tansz\u00e9k\u00e9nek helyettes tansz\u00e9kvezet\u0151je (1957\u201377)\u00a0; a moszkvai Lenin Katonai Politikai Akad\u00e9mi\u00e1n aspir\u00e1ns (1960\u201365), a hadtudom\u00e1ny kandid\u00e1tusa (1965)\u00a0; doktor\u00e1tust szerzett (1992). \u2013 F.m.\u00a0: A budai v\u00e1r \u00e9s a debreceni csata (Bp., 1970), A m\u00e1sodik vil\u00e1gh\u00e1bor\u00fa k\u00e9pei 1939\u20131945; Magyarorsz\u00e1g felszabad\u00edt\u00e1sa (Bp., 1975); A magyar kir\u00e1lyi 1. honv\u00e9d hadsereg t\u00f6rt\u00e9nete (Bp., 1889); Kassa- 1941 (Bp., 1991)\u00a0; Magyarorsz\u00e1g n\u00e9met megsz\u00e1ll\u00e1sa (Bp., 1993)\u00a0; tank\u00f6nyvek: A hadm\u0171v\u00e9szet t\u00f6rt\u00e9nete az \u00f3kort\u00f3l 1919.-ig\u00a0; a hadm\u0171v\u00e9szet t\u00f6rt\u00e9nete a k\u00e9t vil\u00e1gh\u00e1bor\u00fa k\u00f6z\u00f6tt \u00e9s a m\u00e1sodik vil\u00e1gh\u00e1bor\u00fa els\u0151 id\u0151szak\u00e1ban; A hadm\u0171v\u00e9szet t\u00f6rt\u00e9nete a m\u00e1sodik vil\u00e1gh\u00e1bor\u00fa m\u00e1sodik-\u00f6t\u00f6dik id\u0151szak\u00e1ban. <br \/><strong>Irod.:<\/strong> MNKK<\/br><\/p>\n","protected":false},"excerpt":{"rendered":"<p>Marosj\u00e1ra, 1922. jan. 16., \u2020\u00a0?\u00a0: hadt\u00f6rt\u00e9n\u00e9sz. \u2013 Katona (1941\u201344); partiz\u00e1n Ukrajn\u00e1ban (1944\u201345); nevel\u0151tiszt a honv\u00e9ds\u00e9gn\u00e9l (1945\u201349); Moszkv\u00e1ban a Lenin Katonai Politikai Akad\u00e9mi\u00e1n v\u00e9gzett (1949\u201354); a Pet\u0151fi Katonai Akad\u00e9mi\u00e1n parancsnok (1954\u2013)\u00a0; a Kossuth T\u00fcz\u00e9rtiszti Iskola politikai oszt\u00e1lyvezet\u0151je (1955\u201356); a Zrinyi Mikl\u00f3s Katonai Akad\u00e9mia hadm\u0171v\u00e9szett\u00f6rt\u00e9neti tansz\u00e9k\u00e9nek helyettes tansz\u00e9kvezet\u0151je (1957\u201377)\u00a0; a moszkvai Lenin Katonai Politikai Akad\u00e9mi\u00e1n aspir\u00e1ns (1960\u201365), [&hellip;]<\/p>\n","protected":false},"featured_media":0,"comment_status":"open","ping_status":"closed","template":"","meta":[],"product_brand":[],"product_cat":[137],"product_tag":[],"class_list":{"0":"post-17049","1":"product","2":"type-product","3":"status-publish","5":"product_cat-maros-megyei-eletrajzi-lexikon","7":"first","8":"instock","9":"shipping-taxable","10":"product-type-simple"},"_links":{"self":[{"href":"https:\/\/uj.adatbank.ro\/lexikon\/wp-json\/wp\/v2\/product\/17049","targetHints":{"allow":["GET"]}}],"collection":[{"href":"https:\/\/uj.adatbank.ro\/lexikon\/wp-json\/wp\/v2\/product"}],"about":[{"href":"https:\/\/uj.adatbank.ro\/lexikon\/wp-json\/wp\/v2\/types\/product"}],"replies":[{"embeddable":true,"href":"https:\/\/uj.adatbank.ro\/lexikon\/wp-json\/wp\/v2\/comments?post=17049"}],"wp:attachment":[{"href":"https:\/\/uj.adatbank.ro\/lexikon\/wp-json\/wp\/v2\/media?parent=17049"}],"wp:term":[{"taxonomy":"product_brand","embeddable":true,"href":"https:\/\/uj.adatbank.ro\/lexikon\/wp-json\/wp\/v2\/product_brand?post=17049"},{"taxonomy":"product_cat","embeddable":true,"href":"https:\/\/uj.adatbank.ro\/lexikon\/wp-json\/wp\/v2\/product_cat?post=17049"},{"taxonomy":"product_tag","embeddable":true,"href":"https:\/\/uj.adatbank.ro\/lexikon\/wp-json\/wp\/v2\/product_tag?post=17049"}],"curies":[{"name":"wp","href":"https:\/\/api.w.org\/{rel}","templated":true}]}}