{"id":17050,"date":"2025-07-15T23:39:22","date_gmt":"2025-07-15T21:39:22","guid":{"rendered":"https:\/\/uj.adatbank.ro\/lexikon\/termek\/onciul-gheorghe\/"},"modified":"2025-07-15T23:39:22","modified_gmt":"2025-07-15T21:39:22","slug":"onciul-gheorghe","status":"publish","type":"product","link":"https:\/\/uj.adatbank.ro\/lexikon\/termek\/onciul-gheorghe\/","title":{"rendered":"ONCIUL, Gheorghe"},"content":{"rendered":"<p>? \u2020\u00a0?. zen\u00e9sz, tan\u00e1r. \u2013 a MV.-I Zeneiskola igazgat\u00f3ja (1937) Cernovicban volt azel\u0151tt zeneiskola igazgat\u00f3k\u00e9nt. A sz\u00e9ls\u0151jobb h\u00edve volt. <br \/><strong>Irod.:<\/strong> Id\u0151t\u00e1r 3<\/br><\/p>\n","protected":false},"excerpt":{"rendered":"<p>? \u2020\u00a0?. zen\u00e9sz, tan\u00e1r. \u2013 a MV.-I Zeneiskola igazgat\u00f3ja (1937) Cernovicban volt azel\u0151tt zeneiskola igazgat\u00f3k\u00e9nt. A sz\u00e9ls\u0151jobb h\u00edve volt. Irod.: Id\u0151t\u00e1r 3<\/p>\n","protected":false},"featured_media":0,"comment_status":"open","ping_status":"closed","template":"","meta":[],"product_brand":[],"product_cat":[137],"product_tag":[],"class_list":{"0":"post-17050","1":"product","2":"type-product","3":"status-publish","5":"product_cat-maros-megyei-eletrajzi-lexikon","7":"first","8":"instock","9":"shipping-taxable","10":"product-type-simple"},"_links":{"self":[{"href":"https:\/\/uj.adatbank.ro\/lexikon\/wp-json\/wp\/v2\/product\/17050","targetHints":{"allow":["GET"]}}],"collection":[{"href":"https:\/\/uj.adatbank.ro\/lexikon\/wp-json\/wp\/v2\/product"}],"about":[{"href":"https:\/\/uj.adatbank.ro\/lexikon\/wp-json\/wp\/v2\/types\/product"}],"replies":[{"embeddable":true,"href":"https:\/\/uj.adatbank.ro\/lexikon\/wp-json\/wp\/v2\/comments?post=17050"}],"wp:attachment":[{"href":"https:\/\/uj.adatbank.ro\/lexikon\/wp-json\/wp\/v2\/media?parent=17050"}],"wp:term":[{"taxonomy":"product_brand","embeddable":true,"href":"https:\/\/uj.adatbank.ro\/lexikon\/wp-json\/wp\/v2\/product_brand?post=17050"},{"taxonomy":"product_cat","embeddable":true,"href":"https:\/\/uj.adatbank.ro\/lexikon\/wp-json\/wp\/v2\/product_cat?post=17050"},{"taxonomy":"product_tag","embeddable":true,"href":"https:\/\/uj.adatbank.ro\/lexikon\/wp-json\/wp\/v2\/product_tag?post=17050"}],"curies":[{"name":"wp","href":"https:\/\/api.w.org\/{rel}","templated":true}]}}