{"id":17052,"date":"2025-07-15T23:39:27","date_gmt":"2025-07-15T21:39:27","guid":{"rendered":"https:\/\/uj.adatbank.ro\/lexikon\/termek\/oniga-ioan\/"},"modified":"2025-07-15T23:39:27","modified_gmt":"2025-07-15T21:39:27","slug":"oniga-ioan","status":"publish","type":"product","link":"https:\/\/uj.adatbank.ro\/lexikon\/termek\/oniga-ioan\/","title":{"rendered":"ONIGA, Ioan"},"content":{"rendered":"<p>? \u2020\u00a0?: g. kat. pap. \u2013 Dics\u0151szentm\u00e1rtonban szolg\u00e1lt (1946\u201348). Arie\u015fan Eugeniu lp. hely\u00e9re nevezt\u00e9k ki, de a kommunista vezet\u00e9s betiltotta a g.kat egyh\u00e1z m\u0171k\u00f6d\u00e9s\u00e9t (1948).-<br \/><strong>Irod.:<\/strong> T\u00e2rn\u0103veni, cult.-ist.<\/br><\/p>\n","protected":false},"excerpt":{"rendered":"<p>? \u2020\u00a0?: g. kat. pap. \u2013 Dics\u0151szentm\u00e1rtonban szolg\u00e1lt (1946\u201348). Arie\u015fan Eugeniu lp. hely\u00e9re nevezt\u00e9k ki, de a kommunista vezet\u00e9s betiltotta a g.kat egyh\u00e1z m\u0171k\u00f6d\u00e9s\u00e9t (1948).-Irod.: T\u00e2rn\u0103veni, cult.-ist.<\/p>\n","protected":false},"featured_media":0,"comment_status":"open","ping_status":"closed","template":"","meta":[],"product_brand":[],"product_cat":[137],"product_tag":[],"class_list":{"0":"post-17052","1":"product","2":"type-product","3":"status-publish","5":"product_cat-maros-megyei-eletrajzi-lexikon","7":"first","8":"instock","9":"shipping-taxable","10":"product-type-simple"},"_links":{"self":[{"href":"https:\/\/uj.adatbank.ro\/lexikon\/wp-json\/wp\/v2\/product\/17052","targetHints":{"allow":["GET"]}}],"collection":[{"href":"https:\/\/uj.adatbank.ro\/lexikon\/wp-json\/wp\/v2\/product"}],"about":[{"href":"https:\/\/uj.adatbank.ro\/lexikon\/wp-json\/wp\/v2\/types\/product"}],"replies":[{"embeddable":true,"href":"https:\/\/uj.adatbank.ro\/lexikon\/wp-json\/wp\/v2\/comments?post=17052"}],"wp:attachment":[{"href":"https:\/\/uj.adatbank.ro\/lexikon\/wp-json\/wp\/v2\/media?parent=17052"}],"wp:term":[{"taxonomy":"product_brand","embeddable":true,"href":"https:\/\/uj.adatbank.ro\/lexikon\/wp-json\/wp\/v2\/product_brand?post=17052"},{"taxonomy":"product_cat","embeddable":true,"href":"https:\/\/uj.adatbank.ro\/lexikon\/wp-json\/wp\/v2\/product_cat?post=17052"},{"taxonomy":"product_tag","embeddable":true,"href":"https:\/\/uj.adatbank.ro\/lexikon\/wp-json\/wp\/v2\/product_tag?post=17052"}],"curies":[{"name":"wp","href":"https:\/\/api.w.org\/{rel}","templated":true}]}}