{"id":17053,"date":"2025-07-15T23:39:29","date_gmt":"2025-07-15T21:39:29","guid":{"rendered":"https:\/\/uj.adatbank.ro\/lexikon\/termek\/oniska-patricius-gyorgy\/"},"modified":"2025-07-15T23:39:29","modified_gmt":"2025-07-15T21:39:29","slug":"oniska-patricius-gyorgy","status":"publish","type":"product","link":"https:\/\/uj.adatbank.ro\/lexikon\/termek\/oniska-patricius-gyorgy\/","title":{"rendered":"ONISKA PATRICIUS Gy\u00f6rgy"},"content":{"rendered":"<p>K\u00fck\u00fcll\u0151solymos, 1883. j\u00fal. 11., \u2020 ? : jog\u00e1sz. \u2013 Jogot Kv. a FJTE hallgat\u00f3ja (1903\u201304), Ev. Jogakad\u00e9mi\u00e1t Eperjesen v\u00e9gzett (1904\u201306), a politikai tudom\u00e1nyok doktora (1909. m\u00e1j. 29), jogi doktor\u00e1tust tett (1910. j\u00fan. 18.). \u2013 Irod: Sigmirean<\/br><\/p>\n","protected":false},"excerpt":{"rendered":"<p>K\u00fck\u00fcll\u0151solymos, 1883. j\u00fal. 11., \u2020 ? : jog\u00e1sz. \u2013 Jogot Kv. a FJTE hallgat\u00f3ja (1903\u201304), Ev. Jogakad\u00e9mi\u00e1t Eperjesen v\u00e9gzett (1904\u201306), a politikai tudom\u00e1nyok doktora (1909. m\u00e1j. 29), jogi doktor\u00e1tust tett (1910. j\u00fan. 18.). \u2013 Irod: Sigmirean<\/p>\n","protected":false},"featured_media":0,"comment_status":"open","ping_status":"closed","template":"","meta":[],"product_brand":[],"product_cat":[137],"product_tag":[],"class_list":{"0":"post-17053","1":"product","2":"type-product","3":"status-publish","5":"product_cat-maros-megyei-eletrajzi-lexikon","7":"first","8":"instock","9":"shipping-taxable","10":"product-type-simple"},"_links":{"self":[{"href":"https:\/\/uj.adatbank.ro\/lexikon\/wp-json\/wp\/v2\/product\/17053","targetHints":{"allow":["GET"]}}],"collection":[{"href":"https:\/\/uj.adatbank.ro\/lexikon\/wp-json\/wp\/v2\/product"}],"about":[{"href":"https:\/\/uj.adatbank.ro\/lexikon\/wp-json\/wp\/v2\/types\/product"}],"replies":[{"embeddable":true,"href":"https:\/\/uj.adatbank.ro\/lexikon\/wp-json\/wp\/v2\/comments?post=17053"}],"wp:attachment":[{"href":"https:\/\/uj.adatbank.ro\/lexikon\/wp-json\/wp\/v2\/media?parent=17053"}],"wp:term":[{"taxonomy":"product_brand","embeddable":true,"href":"https:\/\/uj.adatbank.ro\/lexikon\/wp-json\/wp\/v2\/product_brand?post=17053"},{"taxonomy":"product_cat","embeddable":true,"href":"https:\/\/uj.adatbank.ro\/lexikon\/wp-json\/wp\/v2\/product_cat?post=17053"},{"taxonomy":"product_tag","embeddable":true,"href":"https:\/\/uj.adatbank.ro\/lexikon\/wp-json\/wp\/v2\/product_tag?post=17053"}],"curies":[{"name":"wp","href":"https:\/\/api.w.org\/{rel}","templated":true}]}}