{"id":17054,"date":"2025-07-15T23:39:30","date_gmt":"2025-07-15T21:39:30","guid":{"rendered":"https:\/\/uj.adatbank.ro\/lexikon\/termek\/onisor-traian-viorel\/"},"modified":"2025-07-15T23:39:30","modified_gmt":"2025-07-15T21:39:30","slug":"onisor-traian-viorel","status":"publish","type":"product","link":"https:\/\/uj.adatbank.ro\/lexikon\/termek\/onisor-traian-viorel\/","title":{"rendered":"ONI\u015eOR, Traian Viorel"},"content":{"rendered":"<p>Egyike Maros megye m\u00e1rt\u00edrjainak (1989. dec.)<\/br><\/p>\n","protected":false},"excerpt":{"rendered":"<p>Egyike Maros megye m\u00e1rt\u00edrjainak (1989. dec.)<\/p>\n","protected":false},"featured_media":0,"comment_status":"open","ping_status":"closed","template":"","meta":[],"product_brand":[],"product_cat":[137],"product_tag":[],"class_list":{"0":"post-17054","1":"product","2":"type-product","3":"status-publish","5":"product_cat-maros-megyei-eletrajzi-lexikon","7":"first","8":"instock","9":"shipping-taxable","10":"product-type-simple"},"_links":{"self":[{"href":"https:\/\/uj.adatbank.ro\/lexikon\/wp-json\/wp\/v2\/product\/17054","targetHints":{"allow":["GET"]}}],"collection":[{"href":"https:\/\/uj.adatbank.ro\/lexikon\/wp-json\/wp\/v2\/product"}],"about":[{"href":"https:\/\/uj.adatbank.ro\/lexikon\/wp-json\/wp\/v2\/types\/product"}],"replies":[{"embeddable":true,"href":"https:\/\/uj.adatbank.ro\/lexikon\/wp-json\/wp\/v2\/comments?post=17054"}],"wp:attachment":[{"href":"https:\/\/uj.adatbank.ro\/lexikon\/wp-json\/wp\/v2\/media?parent=17054"}],"wp:term":[{"taxonomy":"product_brand","embeddable":true,"href":"https:\/\/uj.adatbank.ro\/lexikon\/wp-json\/wp\/v2\/product_brand?post=17054"},{"taxonomy":"product_cat","embeddable":true,"href":"https:\/\/uj.adatbank.ro\/lexikon\/wp-json\/wp\/v2\/product_cat?post=17054"},{"taxonomy":"product_tag","embeddable":true,"href":"https:\/\/uj.adatbank.ro\/lexikon\/wp-json\/wp\/v2\/product_tag?post=17054"}],"curies":[{"name":"wp","href":"https:\/\/api.w.org\/{rel}","templated":true}]}}