{"id":17055,"date":"2025-07-15T23:39:32","date_gmt":"2025-07-15T21:39:32","guid":{"rendered":"https:\/\/uj.adatbank.ro\/lexikon\/termek\/onitiu-virgil-%c2%a7-alnevei-v-gilu-gil-ile-borg-sorcova-mort-de-frica\/"},"modified":"2025-07-15T23:39:32","modified_gmt":"2025-07-15T21:39:32","slug":"onitiu-virgil-%c2%a7-alnevei-v-gilu-gil-ile-borg-sorcova-mort-de-frica","status":"publish","type":"product","link":"https:\/\/uj.adatbank.ro\/lexikon\/termek\/onitiu-virgil-%c2%a7-alnevei-v-gilu-gil-ile-borg-sorcova-mort-de-frica\/","title":{"rendered":"ONI\u0162IU, Virgil, \u00a7 \u00e1lnevei: V.Gilu, Gil, Ile Borg, Sorcova, Mort de fric\u0103"},"content":{"rendered":"<p>Sz\u00e1szr\u00e9gen, 1864. febr. 6., \u2020 Brass\u00f3, 1915. okt. 21.: tan\u00e1r, \u00edr\u00f3, irodalomkritikus. \u2013 Apja tan\u00e1csos Szegeden. Elemi iskol\u00e1it Sz\u00e1szr\u00e9genben \u00e9s Kar\u00e1nsebesen, a gimn\u00e1ziumot Szegeden v\u00e9gezte (1882). Teol\u00f3gi\u00e1t Szebenben hallgatott (1885), ott els\u0151 irodalmi alkot\u00e1sait a Musa c. foly\u00f3iratban k\u00f6z\u00f6lte. A teol\u00f3gia elv\u00e9gz\u00e9se ut\u00e1n a Telegraful Rom\u00e2n szerkeszt\u0151je lett. B\u00e9csben filol\u00f3gi\u00e1t \u00e9s filoz\u00f3fi\u00e1t hallgatott (1886\u201390), Bp.-en irodalmat \u00e9s filoz\u00f3fi\u00e1t tanult (1886\u201390). Brass\u00f3ban telepedett le (1890) a rom\u00e1n l\u00edc.-ban latin- rom\u00e1ntan\u00e1r, igazgat\u00f3 hal\u00e1l\u00e1ig (1894\u20131915). L\u00e9tre hozta a Coresi Alapot amely taner\u0151k \u00e9s tank\u00f6nyvkiad\u00f3k t\u00e1nogat\u00e1s\u00e1ra l\u00e9tes\u00fclt (1896); akt\u00edv tagja az ASTRA-nak (1900\u2013), alen\u00f6ke (1910\u2013), a Casina Egyes\u00fcletnek, a Rom\u00e1n Sz\u00ednh\u00e1zalap\u00edt\u00f3 T\u00e1rsas\u00e1gnak, melynek aleln\u00f6ke is (1903\u2013); l. tagja a Rom\u00e1n Akad\u00e9mi\u00e1nak (1902. \u00e1pr. 3.\u2013); eln\u00f6ke a b\u00e9csi Rom\u00e2nia jun\u0103 t\u00e1rsas\u00e1gnak (1888); Bp.-en a Petru Maior T\u00e1rsas\u00e1g akt\u00edv tagja egyben szerkeszt\u0151je a Roza cu ghimpi c. lapnak (1888). Kezdem\u00e9nyez\u0151je a Biblioteca teatral\u0103 sorozatnak; letette egy \u00e9p\u00edtend\u0151 intern\u00e1tus alapk\u00f6veit (1911). Tank\u00f6nyveket, olvas\u00f3k\u00f6nyveket, novell\u00e1kat, sz\u00edndarabokat \u00edrt. Pedag\u00f3giai t\u00e1rgy\u00fa munk\u00e1iban a rom\u00e1n nyelv \u00e9s irodalom oktat\u00e1s moderniz\u00e1l\u00e1s\u00e1t szorgalmazta. Irodalomt\u00f6rt\u00e9neti \u00e9s irodalomkritikai cikkei megjelentek a Musa, Telegraful Rom\u00e2n, Familia, Convorbiri literare, Tribuna, Foaia ilustrat\u0103, Vatra, Gazeta Transilvaniei, Drapelul, Rom\u00e2nul lapokban, valamint a gimn\u00e1zium \u00e9vk\u00f6nyveiben. A sz\u00e1szr\u00e9geni 1. sz. \u00e1ltal\u00e1nos iskola felvette a V. O. nevet (1994. nov. 21.). A mv.-i h\u00e1z, amelyben \u00e9lt (19. sz.) (Mihai Viteazul u. 87) \u201eB\u201d kateg\u00f3ri\u00e1ba tartoz\u00f3 m\u0171eml\u00e9k. \u2013 F. m.\u00a0: Plan de \u00eenv\u0103\u0163\u0103m\u00e2nt pentru limba rom\u00e2n\u0103 la marele gimnaziu gr. or. rom\u00e2n din Bra\u015fov (Bra\u015fov, 1893); Carte de cetire (Bra\u015fov, 1893, 1895, 1914); Limba rom\u00e2n\u0103: Fiin\u0163a, originea, rudeniile \u015fi istoria ei (Bra\u015fov, 1894); De toate: schi\u0163e \u015fi nuvele (Bra\u015fov, 1897); Conferin\u0163e pedagogice ale corpului profesoral \u0163inute \u00een anii \u015fcolare 1897\/98, 1898\/99, 1899\/1900. 1\u20132. (Bra\u015fov, 1897, 1900); Masa studen\u0163ilor rom\u00e2ni din Bra\u015fov (Bra\u015fov, 1899); Istoria literaturei rom\u00e2ne\u015fti (curs litografiat; Bra\u015fov, 1900); Clipe de repaus: schi\u0163e \u015fi foi\u0163e (Bra\u015fov, 1901; 1903); Plevna, dram\u0103 \u00een 5 acte (Bra\u015fov, 1903); Istoria literaturei rom\u00e2ne (Bra\u015fov, 1908); \u00cen sat la t\u00e2ngue\u015fti: pies\u0103 popular\u0103 (Sibiu, 1912); Din cele trecute vremi&#8230; (Arad, 1912); Clipe de repaus, schite, povestiri, nuvele, studii, articole, discursuri (Cluj-N., 1985); <strong>antol\u00f3g.:<\/strong> Almanahul scriitorilor de la noi (Or\u0103\u015ftie, 1911); Antologia scriitorilor rom\u00e2ni dela 1821 \u00eencoace (Arad, 1918); Album Vlaicu (Or\u0103\u015ftie, 1920); Torou\u0163iu, Ilie; Studii \u015fi documente literare (Buc., 1931\u201346); Povestitori ardeleni \u015fi b\u0103n\u0103\u0163eni p\u00e2n\u0103 la unire( Cluj, 1937); Scrisori cu mai multe figuri \u015fi un adaos (Sibiu, 1940); <strong>ford.:<\/strong> Pentru ochii lumii : pies\u0103 teatral\u0103 \/ dup\u0103 Labiche; 101 istorioare morale: prelucrare din german\u0103 (Bra\u015fov, 1891); \u00ab \u0162iganiada\u00a0\u00bbseu Alexandria \u0103i \u0163ig\u0103nesc\u0103 \/ scris\u0103&#8230;de Budai-Deleanu (Bra\u015fov, 1900). <br \/><strong>Irod.:<\/strong> Adamescu, Breazu, Ion: Literatura Transilvaniei (Buc., 1944); Carda\u015f. Gheorghe: Istoria literaturii rom\u00e2ne\u015fti (Buc., 1938); Chendi, Ilarie: Direc\u0163ii literare (S.l., s.a.); Cosma; DGLR; DSR; DS\u20132000; Dragomirescu, Mihail: Critic\u0103 (Buc., 1927); F\u00fcl\u00f6p\u2013Ferencz; Ghibu, Onisifor: Portrete pedagogice (Buc., s.a.); Guly\u00e1s; Iorga, N. : Oameni cari am fost (V\u0103lenii de munte, 1911\u201339); Lupa\u015f, Ioan: C\u0103zut-a cununa capului nostru (Arad, 1918); M\u00e1ln\u00e1si; Ne\u015f, Teodor: Oameni din Bihor 1848\u20131918 (Oradea, 1937); Netea, Vasile: Figuri ardelene (Buc., 1943); Netea, V. : Figuri mure\u015fene (Tg. M., 1933); Povestitori ardeleni \u015fi b\u0103n\u0103\u0163eni p\u00e2n\u0103 la unire (Cluj, 1937); Predescu; Profiluri mure\u015fene. 1.; Profiluri reghinene; Regh. cult. 2; Floarea S\u0103l\u0103gean: Gimnaziul de stat \u201eV. O.\u201d (Gazeta Reghinului, nr. 11., 1994); Szab\u00f3\u2013Simon\u2013Sz\u00f6gi; Szinnyei; Valeria \u015eara: V. O. (1864\u20131915) (Gazeta Reghinului, nr. 11., 1994); Teculescu, Horea : V. Oni\u0163iu un educator deschiz\u0103tor de suflete \u015fi ziditor de idealuri (Buc., 1937); Transilvania; Valori mure\u015fene de patrimoniu; Vartolomei, Vasile: M\u0103rturii culturale bihorene (Cluj, 1944)<\/br><\/p>\n","protected":false},"excerpt":{"rendered":"<p>Sz\u00e1szr\u00e9gen, 1864. febr. 6., \u2020 Brass\u00f3, 1915. okt. 21.: tan\u00e1r, \u00edr\u00f3, irodalomkritikus. \u2013 Apja tan\u00e1csos Szegeden. Elemi iskol\u00e1it Sz\u00e1szr\u00e9genben \u00e9s Kar\u00e1nsebesen, a gimn\u00e1ziumot Szegeden v\u00e9gezte (1882). Teol\u00f3gi\u00e1t Szebenben hallgatott (1885), ott els\u0151 irodalmi alkot\u00e1sait a Musa c. foly\u00f3iratban k\u00f6z\u00f6lte. A teol\u00f3gia elv\u00e9gz\u00e9se ut\u00e1n a Telegraful Rom\u00e2n szerkeszt\u0151je lett. B\u00e9csben filol\u00f3gi\u00e1t \u00e9s filoz\u00f3fi\u00e1t hallgatott (1886\u201390), Bp.-en [&hellip;]<\/p>\n","protected":false},"featured_media":0,"comment_status":"open","ping_status":"closed","template":"","meta":[],"product_brand":[],"product_cat":[137],"product_tag":[],"class_list":{"0":"post-17055","1":"product","2":"type-product","3":"status-publish","5":"product_cat-maros-megyei-eletrajzi-lexikon","7":"first","8":"instock","9":"shipping-taxable","10":"product-type-simple"},"_links":{"self":[{"href":"https:\/\/uj.adatbank.ro\/lexikon\/wp-json\/wp\/v2\/product\/17055","targetHints":{"allow":["GET"]}}],"collection":[{"href":"https:\/\/uj.adatbank.ro\/lexikon\/wp-json\/wp\/v2\/product"}],"about":[{"href":"https:\/\/uj.adatbank.ro\/lexikon\/wp-json\/wp\/v2\/types\/product"}],"replies":[{"embeddable":true,"href":"https:\/\/uj.adatbank.ro\/lexikon\/wp-json\/wp\/v2\/comments?post=17055"}],"wp:attachment":[{"href":"https:\/\/uj.adatbank.ro\/lexikon\/wp-json\/wp\/v2\/media?parent=17055"}],"wp:term":[{"taxonomy":"product_brand","embeddable":true,"href":"https:\/\/uj.adatbank.ro\/lexikon\/wp-json\/wp\/v2\/product_brand?post=17055"},{"taxonomy":"product_cat","embeddable":true,"href":"https:\/\/uj.adatbank.ro\/lexikon\/wp-json\/wp\/v2\/product_cat?post=17055"},{"taxonomy":"product_tag","embeddable":true,"href":"https:\/\/uj.adatbank.ro\/lexikon\/wp-json\/wp\/v2\/product_tag?post=17055"}],"curies":[{"name":"wp","href":"https:\/\/api.w.org\/{rel}","templated":true}]}}