{"id":17056,"date":"2025-07-15T23:39:33","date_gmt":"2025-07-15T21:39:33","guid":{"rendered":"https:\/\/uj.adatbank.ro\/lexikon\/termek\/onodi-gergely\/"},"modified":"2025-07-15T23:39:33","modified_gmt":"2025-07-15T21:39:33","slug":"onodi-gergely","status":"publish","type":"product","link":"https:\/\/uj.adatbank.ro\/lexikon\/termek\/onodi-gergely\/","title":{"rendered":"ONODI Gergely"},"content":{"rendered":"<p>? \u2020\u00a0?: berekereszt\u00fari tan\u00edt\u00f3. \u2013 Val\u00f3sz\u00edn\u0171 \u0151 az els\u0151 ismert berekereszt\u00fari iskolamester (1614\u201320 k.). <br \/><strong>Irod.:<\/strong> Sebesty\u00e9n Mih\u00e1ly\u00a0:Sikl\u00f3di Gy\u00f6rgy v\u00e9grendelete 1620-b\u00f3l (N\u00fa. \u00e9vk., 2009)<\/br><\/p>\n","protected":false},"excerpt":{"rendered":"<p>? \u2020\u00a0?: berekereszt\u00fari tan\u00edt\u00f3. \u2013 Val\u00f3sz\u00edn\u0171 \u0151 az els\u0151 ismert berekereszt\u00fari iskolamester (1614\u201320 k.). Irod.: Sebesty\u00e9n Mih\u00e1ly\u00a0:Sikl\u00f3di Gy\u00f6rgy v\u00e9grendelete 1620-b\u00f3l (N\u00fa. \u00e9vk., 2009)<\/p>\n","protected":false},"featured_media":0,"comment_status":"open","ping_status":"closed","template":"","meta":[],"product_brand":[],"product_cat":[137],"product_tag":[],"class_list":{"0":"post-17056","1":"product","2":"type-product","3":"status-publish","5":"product_cat-maros-megyei-eletrajzi-lexikon","7":"first","8":"instock","9":"shipping-taxable","10":"product-type-simple"},"_links":{"self":[{"href":"https:\/\/uj.adatbank.ro\/lexikon\/wp-json\/wp\/v2\/product\/17056","targetHints":{"allow":["GET"]}}],"collection":[{"href":"https:\/\/uj.adatbank.ro\/lexikon\/wp-json\/wp\/v2\/product"}],"about":[{"href":"https:\/\/uj.adatbank.ro\/lexikon\/wp-json\/wp\/v2\/types\/product"}],"replies":[{"embeddable":true,"href":"https:\/\/uj.adatbank.ro\/lexikon\/wp-json\/wp\/v2\/comments?post=17056"}],"wp:attachment":[{"href":"https:\/\/uj.adatbank.ro\/lexikon\/wp-json\/wp\/v2\/media?parent=17056"}],"wp:term":[{"taxonomy":"product_brand","embeddable":true,"href":"https:\/\/uj.adatbank.ro\/lexikon\/wp-json\/wp\/v2\/product_brand?post=17056"},{"taxonomy":"product_cat","embeddable":true,"href":"https:\/\/uj.adatbank.ro\/lexikon\/wp-json\/wp\/v2\/product_cat?post=17056"},{"taxonomy":"product_tag","embeddable":true,"href":"https:\/\/uj.adatbank.ro\/lexikon\/wp-json\/wp\/v2\/product_tag?post=17056"}],"curies":[{"name":"wp","href":"https:\/\/api.w.org\/{rel}","templated":true}]}}