{"id":17062,"date":"2025-07-15T23:39:47","date_gmt":"2025-07-15T21:39:47","guid":{"rendered":"https:\/\/uj.adatbank.ro\/lexikon\/termek\/oprea-gheorghe\/"},"modified":"2025-07-15T23:39:47","modified_gmt":"2025-07-15T21:39:47","slug":"oprea-gheorghe","status":"publish","type":"product","link":"https:\/\/uj.adatbank.ro\/lexikon\/termek\/oprea-gheorghe\/","title":{"rendered":"OPREA, Gheorghe"},"content":{"rendered":"<p>B\u00f6z\u00f6d, ? \u2020 ? : g. kat. pap. \u2013 Illy\u00e9smez\u0151ben szolg\u00e1lata idej\u00e9ben (1868\u2013) \u00e9p\u00fclt a Sf.Arhangheli Mihail \u00e9s Gavril-nak aj\u00e1lott, feny\u0151gerend\u00e1kb\u00f3l \u00e9s agyagtapaszt\u00e1ssal vakolt templom. K\u00e9s\u0151bb ezt a templomot k\u00e9t alkalommal is lebontott\u00e1k, \u00e9s \u00fajj\u00e1\u00e9p\u00edtett\u00e9k(1909; 1982), \u00e9s t\u00f6rt\u00e9nelmi m\u0171eml\u00e9kk\u00e9 nyilv\u00e1n\u00edtott\u00e1k. <br \/><strong>Irod.:<\/strong> \u015eincan 2006<\/br><\/p>\n","protected":false},"excerpt":{"rendered":"<p>B\u00f6z\u00f6d, ? \u2020 ? : g. kat. pap. \u2013 Illy\u00e9smez\u0151ben szolg\u00e1lata idej\u00e9ben (1868\u2013) \u00e9p\u00fclt a Sf.Arhangheli Mihail \u00e9s Gavril-nak aj\u00e1lott, feny\u0151gerend\u00e1kb\u00f3l \u00e9s agyagtapaszt\u00e1ssal vakolt templom. K\u00e9s\u0151bb ezt a templomot k\u00e9t alkalommal is lebontott\u00e1k, \u00e9s \u00fajj\u00e1\u00e9p\u00edtett\u00e9k(1909; 1982), \u00e9s t\u00f6rt\u00e9nelmi m\u0171eml\u00e9kk\u00e9 nyilv\u00e1n\u00edtott\u00e1k. Irod.: \u015eincan 2006<\/p>\n","protected":false},"featured_media":0,"comment_status":"open","ping_status":"closed","template":"","meta":[],"product_brand":[],"product_cat":[137],"product_tag":[],"class_list":{"0":"post-17062","1":"product","2":"type-product","3":"status-publish","5":"product_cat-maros-megyei-eletrajzi-lexikon","7":"first","8":"instock","9":"shipping-taxable","10":"product-type-simple"},"_links":{"self":[{"href":"https:\/\/uj.adatbank.ro\/lexikon\/wp-json\/wp\/v2\/product\/17062","targetHints":{"allow":["GET"]}}],"collection":[{"href":"https:\/\/uj.adatbank.ro\/lexikon\/wp-json\/wp\/v2\/product"}],"about":[{"href":"https:\/\/uj.adatbank.ro\/lexikon\/wp-json\/wp\/v2\/types\/product"}],"replies":[{"embeddable":true,"href":"https:\/\/uj.adatbank.ro\/lexikon\/wp-json\/wp\/v2\/comments?post=17062"}],"wp:attachment":[{"href":"https:\/\/uj.adatbank.ro\/lexikon\/wp-json\/wp\/v2\/media?parent=17062"}],"wp:term":[{"taxonomy":"product_brand","embeddable":true,"href":"https:\/\/uj.adatbank.ro\/lexikon\/wp-json\/wp\/v2\/product_brand?post=17062"},{"taxonomy":"product_cat","embeddable":true,"href":"https:\/\/uj.adatbank.ro\/lexikon\/wp-json\/wp\/v2\/product_cat?post=17062"},{"taxonomy":"product_tag","embeddable":true,"href":"https:\/\/uj.adatbank.ro\/lexikon\/wp-json\/wp\/v2\/product_tag?post=17062"}],"curies":[{"name":"wp","href":"https:\/\/api.w.org\/{rel}","templated":true}]}}