{"id":17063,"date":"2025-07-15T23:39:49","date_gmt":"2025-07-15T21:39:49","guid":{"rendered":"https:\/\/uj.adatbank.ro\/lexikon\/termek\/oprea-gheorghe-2\/"},"modified":"2025-07-15T23:39:49","modified_gmt":"2025-07-15T21:39:49","slug":"oprea-gheorghe-2","status":"publish","type":"product","link":"https:\/\/uj.adatbank.ro\/lexikon\/termek\/oprea-gheorghe-2\/","title":{"rendered":"OPREA, Gheorghe"},"content":{"rendered":"<p>C\u0103l\u0103ra\u015fi, 1921. aug. 21., \u2020 S\u00f6v\u00e9nyfalva (Maros), 1944. szept. 8.\u00a0: katona. \u2013 Elesett \u00e9s S\u00f6v\u00e9nyfalv\u00e1n van eltemetve m\u00e9g 28 ismert \u00e9s 23 ismeretlen h\u0151sihal\u00e1lt halt t\u00e1rs\u00e1val. \u00ed MMK<\/br><\/p>\n","protected":false},"excerpt":{"rendered":"<p>C\u0103l\u0103ra\u015fi, 1921. aug. 21., \u2020 S\u00f6v\u00e9nyfalva (Maros), 1944. szept. 8.\u00a0: katona. \u2013 Elesett \u00e9s S\u00f6v\u00e9nyfalv\u00e1n van eltemetve m\u00e9g 28 ismert \u00e9s 23 ismeretlen h\u0151sihal\u00e1lt halt t\u00e1rs\u00e1val. \u00ed MMK<\/p>\n","protected":false},"featured_media":0,"comment_status":"open","ping_status":"closed","template":"","meta":[],"product_brand":[],"product_cat":[137],"product_tag":[],"class_list":{"0":"post-17063","1":"product","2":"type-product","3":"status-publish","5":"product_cat-maros-megyei-eletrajzi-lexikon","7":"first","8":"instock","9":"shipping-taxable","10":"product-type-simple"},"_links":{"self":[{"href":"https:\/\/uj.adatbank.ro\/lexikon\/wp-json\/wp\/v2\/product\/17063","targetHints":{"allow":["GET"]}}],"collection":[{"href":"https:\/\/uj.adatbank.ro\/lexikon\/wp-json\/wp\/v2\/product"}],"about":[{"href":"https:\/\/uj.adatbank.ro\/lexikon\/wp-json\/wp\/v2\/types\/product"}],"replies":[{"embeddable":true,"href":"https:\/\/uj.adatbank.ro\/lexikon\/wp-json\/wp\/v2\/comments?post=17063"}],"wp:attachment":[{"href":"https:\/\/uj.adatbank.ro\/lexikon\/wp-json\/wp\/v2\/media?parent=17063"}],"wp:term":[{"taxonomy":"product_brand","embeddable":true,"href":"https:\/\/uj.adatbank.ro\/lexikon\/wp-json\/wp\/v2\/product_brand?post=17063"},{"taxonomy":"product_cat","embeddable":true,"href":"https:\/\/uj.adatbank.ro\/lexikon\/wp-json\/wp\/v2\/product_cat?post=17063"},{"taxonomy":"product_tag","embeddable":true,"href":"https:\/\/uj.adatbank.ro\/lexikon\/wp-json\/wp\/v2\/product_tag?post=17063"}],"curies":[{"name":"wp","href":"https:\/\/api.w.org\/{rel}","templated":true}]}}