{"id":17064,"date":"2025-07-15T23:39:50","date_gmt":"2025-07-15T21:39:50","guid":{"rendered":"https:\/\/uj.adatbank.ro\/lexikon\/termek\/oprea-ioan\/"},"modified":"2025-07-15T23:39:50","modified_gmt":"2025-07-15T21:39:50","slug":"oprea-ioan","status":"publish","type":"product","link":"https:\/\/uj.adatbank.ro\/lexikon\/termek\/oprea-ioan\/","title":{"rendered":"OPREA, Ioan"},"content":{"rendered":"<p>P\u00e9terh\u00e1za, 1896., \u2020 Mv., 1985. m\u00e1rc. 2.: katona, t\u00f6rzs\u00f6rmester. \u2013 K\u00fcld\u00f6ttk\u00e9nt r\u00e9szt vett a gyulafeh\u00e9rv\u00e1i egyes\u00fcl\u00e9si gy\u0171l\u00e9sen (1918. dec. 1.). Gazdas\u00e1gi egyetemet v\u00e9gzett Kv.-on. R\u00e9szt vett az I. \u00e9s a II. vh. harcaiban. T\u00f6bb kit\u00fcntet\u00e9sben r\u00e9szes\u00fclt, k\u00f6zt\u00fck a Semicentenarul Marii Uniri\u00e9remmel is(1968). Hal\u00e1l\u00e1ig tagja volt a marosi Avram Iancu veter\u00e1nk\u00f3rusnak (1982\u201385). <br \/><strong>Irod.:<\/strong> Suciu<\/br><\/p>\n","protected":false},"excerpt":{"rendered":"<p>P\u00e9terh\u00e1za, 1896., \u2020 Mv., 1985. m\u00e1rc. 2.: katona, t\u00f6rzs\u00f6rmester. \u2013 K\u00fcld\u00f6ttk\u00e9nt r\u00e9szt vett a gyulafeh\u00e9rv\u00e1i egyes\u00fcl\u00e9si gy\u0171l\u00e9sen (1918. dec. 1.). Gazdas\u00e1gi egyetemet v\u00e9gzett Kv.-on. R\u00e9szt vett az I. \u00e9s a II. vh. harcaiban. T\u00f6bb kit\u00fcntet\u00e9sben r\u00e9szes\u00fclt, k\u00f6zt\u00fck a Semicentenarul Marii Uniri\u00e9remmel is(1968). Hal\u00e1l\u00e1ig tagja volt a marosi Avram Iancu veter\u00e1nk\u00f3rusnak (1982\u201385). Irod.: Suciu<\/p>\n","protected":false},"featured_media":0,"comment_status":"open","ping_status":"closed","template":"","meta":[],"product_brand":[],"product_cat":[137],"product_tag":[],"class_list":{"0":"post-17064","1":"product","2":"type-product","3":"status-publish","5":"product_cat-maros-megyei-eletrajzi-lexikon","7":"first","8":"instock","9":"shipping-taxable","10":"product-type-simple"},"_links":{"self":[{"href":"https:\/\/uj.adatbank.ro\/lexikon\/wp-json\/wp\/v2\/product\/17064","targetHints":{"allow":["GET"]}}],"collection":[{"href":"https:\/\/uj.adatbank.ro\/lexikon\/wp-json\/wp\/v2\/product"}],"about":[{"href":"https:\/\/uj.adatbank.ro\/lexikon\/wp-json\/wp\/v2\/types\/product"}],"replies":[{"embeddable":true,"href":"https:\/\/uj.adatbank.ro\/lexikon\/wp-json\/wp\/v2\/comments?post=17064"}],"wp:attachment":[{"href":"https:\/\/uj.adatbank.ro\/lexikon\/wp-json\/wp\/v2\/media?parent=17064"}],"wp:term":[{"taxonomy":"product_brand","embeddable":true,"href":"https:\/\/uj.adatbank.ro\/lexikon\/wp-json\/wp\/v2\/product_brand?post=17064"},{"taxonomy":"product_cat","embeddable":true,"href":"https:\/\/uj.adatbank.ro\/lexikon\/wp-json\/wp\/v2\/product_cat?post=17064"},{"taxonomy":"product_tag","embeddable":true,"href":"https:\/\/uj.adatbank.ro\/lexikon\/wp-json\/wp\/v2\/product_tag?post=17064"}],"curies":[{"name":"wp","href":"https:\/\/api.w.org\/{rel}","templated":true}]}}