{"id":17071,"date":"2025-07-15T23:40:06","date_gmt":"2025-07-15T21:40:06","guid":{"rendered":"https:\/\/uj.adatbank.ro\/lexikon\/termek\/oprica-zeharia\/"},"modified":"2025-07-15T23:40:06","modified_gmt":"2025-07-15T21:40:06","slug":"oprica-zeharia","status":"publish","type":"product","link":"https:\/\/uj.adatbank.ro\/lexikon\/termek\/oprica-zeharia\/","title":{"rendered":"OPRIC\u0102, Zeharia"},"content":{"rendered":"<p>V\u00e1rhegy, 1913. dec. 4. \u2020 Brass\u00f3, ? : p\u00e9k. \u2013 R\u00e1galmazta a n\u00e9pi demokr\u00e1ci\u00e1t, annak vezet\u0151it, a korm\u00e1nyt, a kommunist\u00e1kat. Hal\u00e1llal fenyegette a kollekt\u00edv gazdas\u00e1g vezet\u0151it \u00e9s tagjait. Brass\u00f3ba menek\u00fclt a letart\u00f3ztat\u00e1s el\u0151l, ott b\u00fajk\u00e1lt (1958. jan. 8.\u2013). Letart\u00f3ztatt\u00e1k \u00e9s v\u00e1d al\u00e1 helyezt\u00e9k (1959. \u00e1pr. 20.). <br \/><strong>Irod.:<\/strong> \u00c1ldozatok<\/br><\/p>\n","protected":false},"excerpt":{"rendered":"<p>V\u00e1rhegy, 1913. dec. 4. \u2020 Brass\u00f3, ? : p\u00e9k. \u2013 R\u00e1galmazta a n\u00e9pi demokr\u00e1ci\u00e1t, annak vezet\u0151it, a korm\u00e1nyt, a kommunist\u00e1kat. Hal\u00e1llal fenyegette a kollekt\u00edv gazdas\u00e1g vezet\u0151it \u00e9s tagjait. Brass\u00f3ba menek\u00fclt a letart\u00f3ztat\u00e1s el\u0151l, ott b\u00fajk\u00e1lt (1958. jan. 8.\u2013). Letart\u00f3ztatt\u00e1k \u00e9s v\u00e1d al\u00e1 helyezt\u00e9k (1959. \u00e1pr. 20.). Irod.: \u00c1ldozatok<\/p>\n","protected":false},"featured_media":0,"comment_status":"open","ping_status":"closed","template":"","meta":[],"product_brand":[],"product_cat":[137],"product_tag":[],"class_list":{"0":"post-17071","1":"product","2":"type-product","3":"status-publish","5":"product_cat-maros-megyei-eletrajzi-lexikon","7":"first","8":"instock","9":"shipping-taxable","10":"product-type-simple"},"_links":{"self":[{"href":"https:\/\/uj.adatbank.ro\/lexikon\/wp-json\/wp\/v2\/product\/17071","targetHints":{"allow":["GET"]}}],"collection":[{"href":"https:\/\/uj.adatbank.ro\/lexikon\/wp-json\/wp\/v2\/product"}],"about":[{"href":"https:\/\/uj.adatbank.ro\/lexikon\/wp-json\/wp\/v2\/types\/product"}],"replies":[{"embeddable":true,"href":"https:\/\/uj.adatbank.ro\/lexikon\/wp-json\/wp\/v2\/comments?post=17071"}],"wp:attachment":[{"href":"https:\/\/uj.adatbank.ro\/lexikon\/wp-json\/wp\/v2\/media?parent=17071"}],"wp:term":[{"taxonomy":"product_brand","embeddable":true,"href":"https:\/\/uj.adatbank.ro\/lexikon\/wp-json\/wp\/v2\/product_brand?post=17071"},{"taxonomy":"product_cat","embeddable":true,"href":"https:\/\/uj.adatbank.ro\/lexikon\/wp-json\/wp\/v2\/product_cat?post=17071"},{"taxonomy":"product_tag","embeddable":true,"href":"https:\/\/uj.adatbank.ro\/lexikon\/wp-json\/wp\/v2\/product_tag?post=17071"}],"curies":[{"name":"wp","href":"https:\/\/api.w.org\/{rel}","templated":true}]}}