{"id":17073,"date":"2025-07-15T23:40:09","date_gmt":"2025-07-15T21:40:09","guid":{"rendered":"https:\/\/uj.adatbank.ro\/lexikon\/termek\/opris-ioan\/"},"modified":"2025-07-15T23:40:09","modified_gmt":"2025-07-15T21:40:09","slug":"opris-ioan","status":"publish","type":"product","link":"https:\/\/uj.adatbank.ro\/lexikon\/termek\/opris-ioan\/","title":{"rendered":"OPRI\u015e, Ioan"},"content":{"rendered":"<p>? \u2020\u00a0?: ort. pap. \u2013 Terem\u00e9ben (1971\u201380). Szolg\u00e1lata idej\u00e9ben festett\u00e9k ki a Sf. Arhangheli templomot (1973\u201374 ; \u00e9p\u00fclt 1909). Fest\u0151je a fundatai Toma Condrea volt.Emilian Birda\u015f p\u00fcsp\u00f6k szentelte fel (1974. m\u00e1j. 24.). <br \/><strong>Irod.:<\/strong> \u015eincan 2006<\/br><\/p>\n","protected":false},"excerpt":{"rendered":"<p>? \u2020\u00a0?: ort. pap. \u2013 Terem\u00e9ben (1971\u201380). Szolg\u00e1lata idej\u00e9ben festett\u00e9k ki a Sf. Arhangheli templomot (1973\u201374 ; \u00e9p\u00fclt 1909). Fest\u0151je a fundatai Toma Condrea volt.Emilian Birda\u015f p\u00fcsp\u00f6k szentelte fel (1974. m\u00e1j. 24.). Irod.: \u015eincan 2006<\/p>\n","protected":false},"featured_media":0,"comment_status":"open","ping_status":"closed","template":"","meta":[],"product_brand":[],"product_cat":[137],"product_tag":[],"class_list":{"0":"post-17073","1":"product","2":"type-product","3":"status-publish","5":"product_cat-maros-megyei-eletrajzi-lexikon","7":"first","8":"instock","9":"shipping-taxable","10":"product-type-simple"},"_links":{"self":[{"href":"https:\/\/uj.adatbank.ro\/lexikon\/wp-json\/wp\/v2\/product\/17073","targetHints":{"allow":["GET"]}}],"collection":[{"href":"https:\/\/uj.adatbank.ro\/lexikon\/wp-json\/wp\/v2\/product"}],"about":[{"href":"https:\/\/uj.adatbank.ro\/lexikon\/wp-json\/wp\/v2\/types\/product"}],"replies":[{"embeddable":true,"href":"https:\/\/uj.adatbank.ro\/lexikon\/wp-json\/wp\/v2\/comments?post=17073"}],"wp:attachment":[{"href":"https:\/\/uj.adatbank.ro\/lexikon\/wp-json\/wp\/v2\/media?parent=17073"}],"wp:term":[{"taxonomy":"product_brand","embeddable":true,"href":"https:\/\/uj.adatbank.ro\/lexikon\/wp-json\/wp\/v2\/product_brand?post=17073"},{"taxonomy":"product_cat","embeddable":true,"href":"https:\/\/uj.adatbank.ro\/lexikon\/wp-json\/wp\/v2\/product_cat?post=17073"},{"taxonomy":"product_tag","embeddable":true,"href":"https:\/\/uj.adatbank.ro\/lexikon\/wp-json\/wp\/v2\/product_tag?post=17073"}],"curies":[{"name":"wp","href":"https:\/\/api.w.org\/{rel}","templated":true}]}}