{"id":17074,"date":"2025-07-15T23:40:11","date_gmt":"2025-07-15T21:40:11","guid":{"rendered":"https:\/\/uj.adatbank.ro\/lexikon\/termek\/opris-remus\/"},"modified":"2025-07-15T23:40:11","modified_gmt":"2025-07-15T21:40:11","slug":"opris-remus","status":"publish","type":"product","link":"https:\/\/uj.adatbank.ro\/lexikon\/termek\/opris-remus\/","title":{"rendered":"OPRI\u015e, Remus"},"content":{"rendered":"<p>Torda, 1918. m\u00e1rc. 3., \u2020 V\u00e1rmez\u0151, 1946. \u00e1pr. 6.: erd\u00e9szm\u00e9rn\u00f6k. <br \/><strong>Irod.:<\/strong> Chiheru<\/br><\/p>\n","protected":false},"excerpt":{"rendered":"<p>Torda, 1918. m\u00e1rc. 3., \u2020 V\u00e1rmez\u0151, 1946. \u00e1pr. 6.: erd\u00e9szm\u00e9rn\u00f6k. Irod.: Chiheru<\/p>\n","protected":false},"featured_media":0,"comment_status":"open","ping_status":"closed","template":"","meta":[],"product_brand":[],"product_cat":[137],"product_tag":[],"class_list":{"0":"post-17074","1":"product","2":"type-product","3":"status-publish","5":"product_cat-maros-megyei-eletrajzi-lexikon","7":"first","8":"instock","9":"shipping-taxable","10":"product-type-simple"},"_links":{"self":[{"href":"https:\/\/uj.adatbank.ro\/lexikon\/wp-json\/wp\/v2\/product\/17074","targetHints":{"allow":["GET"]}}],"collection":[{"href":"https:\/\/uj.adatbank.ro\/lexikon\/wp-json\/wp\/v2\/product"}],"about":[{"href":"https:\/\/uj.adatbank.ro\/lexikon\/wp-json\/wp\/v2\/types\/product"}],"replies":[{"embeddable":true,"href":"https:\/\/uj.adatbank.ro\/lexikon\/wp-json\/wp\/v2\/comments?post=17074"}],"wp:attachment":[{"href":"https:\/\/uj.adatbank.ro\/lexikon\/wp-json\/wp\/v2\/media?parent=17074"}],"wp:term":[{"taxonomy":"product_brand","embeddable":true,"href":"https:\/\/uj.adatbank.ro\/lexikon\/wp-json\/wp\/v2\/product_brand?post=17074"},{"taxonomy":"product_cat","embeddable":true,"href":"https:\/\/uj.adatbank.ro\/lexikon\/wp-json\/wp\/v2\/product_cat?post=17074"},{"taxonomy":"product_tag","embeddable":true,"href":"https:\/\/uj.adatbank.ro\/lexikon\/wp-json\/wp\/v2\/product_tag?post=17074"}],"curies":[{"name":"wp","href":"https:\/\/api.w.org\/{rel}","templated":true}]}}