{"id":17075,"date":"2025-07-15T23:40:14","date_gmt":"2025-07-15T21:40:14","guid":{"rendered":"https:\/\/uj.adatbank.ro\/lexikon\/termek\/opris-teodora\/"},"modified":"2025-07-15T23:40:14","modified_gmt":"2025-07-15T21:40:14","slug":"opris-teodora","status":"publish","type":"product","link":"https:\/\/uj.adatbank.ro\/lexikon\/termek\/opris-teodora\/","title":{"rendered":"OPRI\u015e, Teodora"},"content":{"rendered":"<p>Mih\u00e1lyfalva, 1918. j\u00fan. 2., \u2020\u00a0?\u00a0: \u00f3v\u00f3n\u0151. \u2013 Dolgozott a segesv\u00e1ri 2. sz. \u00f3v\u00f3d\u00e1ban. <br \/><strong>Irod.:<\/strong> Omagiu<\/br><\/p>\n","protected":false},"excerpt":{"rendered":"<p>Mih\u00e1lyfalva, 1918. j\u00fan. 2., \u2020\u00a0?\u00a0: \u00f3v\u00f3n\u0151. \u2013 Dolgozott a segesv\u00e1ri 2. sz. \u00f3v\u00f3d\u00e1ban. Irod.: Omagiu<\/p>\n","protected":false},"featured_media":0,"comment_status":"open","ping_status":"closed","template":"","meta":[],"product_brand":[],"product_cat":[137],"product_tag":[],"class_list":{"0":"post-17075","1":"product","2":"type-product","3":"status-publish","5":"product_cat-maros-megyei-eletrajzi-lexikon","7":"first","8":"instock","9":"shipping-taxable","10":"product-type-simple"},"_links":{"self":[{"href":"https:\/\/uj.adatbank.ro\/lexikon\/wp-json\/wp\/v2\/product\/17075","targetHints":{"allow":["GET"]}}],"collection":[{"href":"https:\/\/uj.adatbank.ro\/lexikon\/wp-json\/wp\/v2\/product"}],"about":[{"href":"https:\/\/uj.adatbank.ro\/lexikon\/wp-json\/wp\/v2\/types\/product"}],"replies":[{"embeddable":true,"href":"https:\/\/uj.adatbank.ro\/lexikon\/wp-json\/wp\/v2\/comments?post=17075"}],"wp:attachment":[{"href":"https:\/\/uj.adatbank.ro\/lexikon\/wp-json\/wp\/v2\/media?parent=17075"}],"wp:term":[{"taxonomy":"product_brand","embeddable":true,"href":"https:\/\/uj.adatbank.ro\/lexikon\/wp-json\/wp\/v2\/product_brand?post=17075"},{"taxonomy":"product_cat","embeddable":true,"href":"https:\/\/uj.adatbank.ro\/lexikon\/wp-json\/wp\/v2\/product_cat?post=17075"},{"taxonomy":"product_tag","embeddable":true,"href":"https:\/\/uj.adatbank.ro\/lexikon\/wp-json\/wp\/v2\/product_tag?post=17075"}],"curies":[{"name":"wp","href":"https:\/\/api.w.org\/{rel}","templated":true}]}}