{"id":17076,"date":"2025-07-15T23:40:16","date_gmt":"2025-07-15T21:40:16","guid":{"rendered":"https:\/\/uj.adatbank.ro\/lexikon\/termek\/opris-virgil\/"},"modified":"2025-07-15T23:40:16","modified_gmt":"2025-07-15T21:40:16","slug":"opris-virgil","status":"publish","type":"product","link":"https:\/\/uj.adatbank.ro\/lexikon\/termek\/opris-virgil\/","title":{"rendered":"OPRI\u015e Virgil"},"content":{"rendered":"<p>? \u2020\u00a0?: a vad\u00e1szt\u00e1rsas\u00e1g akt\u00edv tagja. \u2013 Irod. : Societate de V\u00e2n\u0103toare Apostolii Tg. Mure\u015f (Tg. Mure\u015f, 1941); Statutul Societ\u0103\u0163ii V\u00e2n\u0103torilor Diana (Tg. Mure\u015f, 1928)<\/br><\/p>\n","protected":false},"excerpt":{"rendered":"<p>? \u2020\u00a0?: a vad\u00e1szt\u00e1rsas\u00e1g akt\u00edv tagja. \u2013 Irod. : Societate de V\u00e2n\u0103toare Apostolii Tg. Mure\u015f (Tg. Mure\u015f, 1941); Statutul Societ\u0103\u0163ii V\u00e2n\u0103torilor Diana (Tg. Mure\u015f, 1928)<\/p>\n","protected":false},"featured_media":0,"comment_status":"open","ping_status":"closed","template":"","meta":[],"product_brand":[],"product_cat":[137],"product_tag":[],"class_list":{"0":"post-17076","1":"product","2":"type-product","3":"status-publish","5":"product_cat-maros-megyei-eletrajzi-lexikon","7":"first","8":"instock","9":"shipping-taxable","10":"product-type-simple"},"_links":{"self":[{"href":"https:\/\/uj.adatbank.ro\/lexikon\/wp-json\/wp\/v2\/product\/17076","targetHints":{"allow":["GET"]}}],"collection":[{"href":"https:\/\/uj.adatbank.ro\/lexikon\/wp-json\/wp\/v2\/product"}],"about":[{"href":"https:\/\/uj.adatbank.ro\/lexikon\/wp-json\/wp\/v2\/types\/product"}],"replies":[{"embeddable":true,"href":"https:\/\/uj.adatbank.ro\/lexikon\/wp-json\/wp\/v2\/comments?post=17076"}],"wp:attachment":[{"href":"https:\/\/uj.adatbank.ro\/lexikon\/wp-json\/wp\/v2\/media?parent=17076"}],"wp:term":[{"taxonomy":"product_brand","embeddable":true,"href":"https:\/\/uj.adatbank.ro\/lexikon\/wp-json\/wp\/v2\/product_brand?post=17076"},{"taxonomy":"product_cat","embeddable":true,"href":"https:\/\/uj.adatbank.ro\/lexikon\/wp-json\/wp\/v2\/product_cat?post=17076"},{"taxonomy":"product_tag","embeddable":true,"href":"https:\/\/uj.adatbank.ro\/lexikon\/wp-json\/wp\/v2\/product_tag?post=17076"}],"curies":[{"name":"wp","href":"https:\/\/api.w.org\/{rel}","templated":true}]}}