{"id":17080,"date":"2025-07-15T23:40:25","date_gmt":"2025-07-15T21:40:25","guid":{"rendered":"https:\/\/uj.adatbank.ro\/lexikon\/termek\/orbai-janos-2\/"},"modified":"2025-07-15T23:40:25","modified_gmt":"2025-07-15T21:40:25","slug":"orbai-janos-2","status":"publish","type":"product","link":"https:\/\/uj.adatbank.ro\/lexikon\/termek\/orbai-janos-2\/","title":{"rendered":"ORBAI J\u00e1nos"},"content":{"rendered":"<p>? \u2020\u00a0?: tan\u00e1csos, szen\u00e1tor, \u00f6nk\u00e9ntesek kapit\u00e1ny.- V\u00e1rosi tan\u00e1csos (1800)\u00a0; \u00d6nk\u00e9nteseket toboroztak a cs\u00e1sz\u00e1ri h\u00e1z v\u00e9delm\u00e9re, az \u00f6nk\u00e9ntesek kapit\u00e1nya volt (1809)\u00a0; cs\u0151dbiztos tan\u00e1csos (1825). <br \/><strong>Irod.:<\/strong> Id\u0151t\u00e1r 1; P\u00e1l-Antal 2009<\/br><\/p>\n","protected":false},"excerpt":{"rendered":"<p>? \u2020\u00a0?: tan\u00e1csos, szen\u00e1tor, \u00f6nk\u00e9ntesek kapit\u00e1ny.- V\u00e1rosi tan\u00e1csos (1800)\u00a0; \u00d6nk\u00e9nteseket toboroztak a cs\u00e1sz\u00e1ri h\u00e1z v\u00e9delm\u00e9re, az \u00f6nk\u00e9ntesek kapit\u00e1nya volt (1809)\u00a0; cs\u0151dbiztos tan\u00e1csos (1825). Irod.: Id\u0151t\u00e1r 1; P\u00e1l-Antal 2009<\/p>\n","protected":false},"featured_media":0,"comment_status":"open","ping_status":"closed","template":"","meta":[],"product_brand":[],"product_cat":[137],"product_tag":[],"class_list":{"0":"post-17080","1":"product","2":"type-product","3":"status-publish","5":"product_cat-maros-megyei-eletrajzi-lexikon","7":"first","8":"instock","9":"shipping-taxable","10":"product-type-simple"},"_links":{"self":[{"href":"https:\/\/uj.adatbank.ro\/lexikon\/wp-json\/wp\/v2\/product\/17080","targetHints":{"allow":["GET"]}}],"collection":[{"href":"https:\/\/uj.adatbank.ro\/lexikon\/wp-json\/wp\/v2\/product"}],"about":[{"href":"https:\/\/uj.adatbank.ro\/lexikon\/wp-json\/wp\/v2\/types\/product"}],"replies":[{"embeddable":true,"href":"https:\/\/uj.adatbank.ro\/lexikon\/wp-json\/wp\/v2\/comments?post=17080"}],"wp:attachment":[{"href":"https:\/\/uj.adatbank.ro\/lexikon\/wp-json\/wp\/v2\/media?parent=17080"}],"wp:term":[{"taxonomy":"product_brand","embeddable":true,"href":"https:\/\/uj.adatbank.ro\/lexikon\/wp-json\/wp\/v2\/product_brand?post=17080"},{"taxonomy":"product_cat","embeddable":true,"href":"https:\/\/uj.adatbank.ro\/lexikon\/wp-json\/wp\/v2\/product_cat?post=17080"},{"taxonomy":"product_tag","embeddable":true,"href":"https:\/\/uj.adatbank.ro\/lexikon\/wp-json\/wp\/v2\/product_tag?post=17080"}],"curies":[{"name":"wp","href":"https:\/\/api.w.org\/{rel}","templated":true}]}}