{"id":17081,"date":"2025-07-15T23:40:26","date_gmt":"2025-07-15T21:40:26","guid":{"rendered":"https:\/\/uj.adatbank.ro\/lexikon\/termek\/orban\/"},"modified":"2025-07-15T23:40:26","modified_gmt":"2025-07-15T21:40:26","slug":"orban","status":"publish","type":"product","link":"https:\/\/uj.adatbank.ro\/lexikon\/termek\/orban\/","title":{"rendered":"ORB\u00c1N"},"content":{"rendered":"<p>Kib\u00e9di csal\u00e1d: O. J\u00f3zsef \u00e1llom\u00e1si biztos K\u00fck\u00fcll\u0151 v\u00e1rmegy\u00e9ben (1848-ban). O. S\u00e1ndor kolozsv\u00e1ri lakos nemess\u00e9ge \u00e9s el\u0151neve \u00f6r\u00f6kbefogad\u00e1s utj\u00e1n \u00e1truh\u00e1ztatott 1914. szept. 3. Fej\u00e9r Vilmos hadnagyra a Fej\u00e9r-Orb\u00e1n kett\u0151sn\u00e9vvel. \u2013 Irod. : Kempelen; Nagy Iv\u00e1n<\/p>\n","protected":false},"excerpt":{"rendered":"<p>Kib\u00e9di csal\u00e1d: O. J\u00f3zsef \u00e1llom\u00e1si biztos K\u00fck\u00fcll\u0151 v\u00e1rmegy\u00e9ben (1848-ban). O. S\u00e1ndor kolozsv\u00e1ri lakos nemess\u00e9ge \u00e9s el\u0151neve \u00f6r\u00f6kbefogad\u00e1s utj\u00e1n \u00e1truh\u00e1ztatott 1914. szept. 3. Fej\u00e9r Vilmos hadnagyra a Fej\u00e9r-Orb\u00e1n kett\u0151sn\u00e9vvel. \u2013 Irod. : Kempelen; Nagy Iv\u00e1n<\/p>\n","protected":false},"featured_media":0,"comment_status":"open","ping_status":"closed","template":"","meta":[],"product_brand":[],"product_cat":[137],"product_tag":[],"class_list":{"0":"post-17081","1":"product","2":"type-product","3":"status-publish","5":"product_cat-maros-megyei-eletrajzi-lexikon","7":"first","8":"instock","9":"shipping-taxable","10":"product-type-simple"},"_links":{"self":[{"href":"https:\/\/uj.adatbank.ro\/lexikon\/wp-json\/wp\/v2\/product\/17081","targetHints":{"allow":["GET"]}}],"collection":[{"href":"https:\/\/uj.adatbank.ro\/lexikon\/wp-json\/wp\/v2\/product"}],"about":[{"href":"https:\/\/uj.adatbank.ro\/lexikon\/wp-json\/wp\/v2\/types\/product"}],"replies":[{"embeddable":true,"href":"https:\/\/uj.adatbank.ro\/lexikon\/wp-json\/wp\/v2\/comments?post=17081"}],"wp:attachment":[{"href":"https:\/\/uj.adatbank.ro\/lexikon\/wp-json\/wp\/v2\/media?parent=17081"}],"wp:term":[{"taxonomy":"product_brand","embeddable":true,"href":"https:\/\/uj.adatbank.ro\/lexikon\/wp-json\/wp\/v2\/product_brand?post=17081"},{"taxonomy":"product_cat","embeddable":true,"href":"https:\/\/uj.adatbank.ro\/lexikon\/wp-json\/wp\/v2\/product_cat?post=17081"},{"taxonomy":"product_tag","embeddable":true,"href":"https:\/\/uj.adatbank.ro\/lexikon\/wp-json\/wp\/v2\/product_tag?post=17081"}],"curies":[{"name":"wp","href":"https:\/\/api.w.org\/{rel}","templated":true}]}}