{"id":17082,"date":"2025-07-15T23:40:28","date_gmt":"2025-07-15T21:40:28","guid":{"rendered":"https:\/\/uj.adatbank.ro\/lexikon\/termek\/orban-markosfalvi\/"},"modified":"2025-07-15T23:40:28","modified_gmt":"2025-07-15T21:40:28","slug":"orban-markosfalvi","status":"publish","type":"product","link":"https:\/\/uj.adatbank.ro\/lexikon\/termek\/orban-markosfalvi\/","title":{"rendered":"ORB\u00c1N, m\u00e1rkosfalvi"},"content":{"rendered":"<p>H\u00e1romsz\u00e9ki nemes csal\u00e1d, egyik \u00e1ga. O. D\u00e1niel (*1800, \u2020 ?) Erd\u0151szentgy\u00f6rgyre sz\u00e1rmazott (1848 el\u0151tt). A csal\u00e1d tagjai Mez\u0151madaras f\u0151ldbirtokosai voltak. A Bethlen\u2013Orb\u00e1n-udvarh\u00e1z ma elhagyatottan \u00e9s kifosztva pusztul. Az udvarh\u00e1z m\u00f6g\u00f6tti gy\u00fcm\u00f6lcs\u00f6s az Orb\u00e1n csal\u00e1d temetkez\u00e9si helye volt, de az eredeti s\u00edrjelek mind elt\u0171ntek, csak egy homokk\u0151 s\u00edrk\u0151 \u00e1ll\u00edt eml\u00e9ket (1995). <br \/><strong>Irod.:<\/strong> P\u00e1lmay; Sepsisz\u00e9ki<\/br><\/p>\n","protected":false},"excerpt":{"rendered":"<p>H\u00e1romsz\u00e9ki nemes csal\u00e1d, egyik \u00e1ga. O. D\u00e1niel (*1800, \u2020 ?) Erd\u0151szentgy\u00f6rgyre sz\u00e1rmazott (1848 el\u0151tt). A csal\u00e1d tagjai Mez\u0151madaras f\u0151ldbirtokosai voltak. A Bethlen\u2013Orb\u00e1n-udvarh\u00e1z ma elhagyatottan \u00e9s kifosztva pusztul. Az udvarh\u00e1z m\u00f6g\u00f6tti gy\u00fcm\u00f6lcs\u00f6s az Orb\u00e1n csal\u00e1d temetkez\u00e9si helye volt, de az eredeti s\u00edrjelek mind elt\u0171ntek, csak egy homokk\u0151 s\u00edrk\u0151 \u00e1ll\u00edt eml\u00e9ket (1995). Irod.: P\u00e1lmay; Sepsisz\u00e9ki<\/p>\n","protected":false},"featured_media":0,"comment_status":"open","ping_status":"closed","template":"","meta":[],"product_brand":[],"product_cat":[137],"product_tag":[],"class_list":{"0":"post-17082","1":"product","2":"type-product","3":"status-publish","5":"product_cat-maros-megyei-eletrajzi-lexikon","7":"first","8":"instock","9":"shipping-taxable","10":"product-type-simple"},"_links":{"self":[{"href":"https:\/\/uj.adatbank.ro\/lexikon\/wp-json\/wp\/v2\/product\/17082","targetHints":{"allow":["GET"]}}],"collection":[{"href":"https:\/\/uj.adatbank.ro\/lexikon\/wp-json\/wp\/v2\/product"}],"about":[{"href":"https:\/\/uj.adatbank.ro\/lexikon\/wp-json\/wp\/v2\/types\/product"}],"replies":[{"embeddable":true,"href":"https:\/\/uj.adatbank.ro\/lexikon\/wp-json\/wp\/v2\/comments?post=17082"}],"wp:attachment":[{"href":"https:\/\/uj.adatbank.ro\/lexikon\/wp-json\/wp\/v2\/media?parent=17082"}],"wp:term":[{"taxonomy":"product_brand","embeddable":true,"href":"https:\/\/uj.adatbank.ro\/lexikon\/wp-json\/wp\/v2\/product_brand?post=17082"},{"taxonomy":"product_cat","embeddable":true,"href":"https:\/\/uj.adatbank.ro\/lexikon\/wp-json\/wp\/v2\/product_cat?post=17082"},{"taxonomy":"product_tag","embeddable":true,"href":"https:\/\/uj.adatbank.ro\/lexikon\/wp-json\/wp\/v2\/product_tag?post=17082"}],"curies":[{"name":"wp","href":"https:\/\/api.w.org\/{rel}","templated":true}]}}