{"id":17084,"date":"2025-07-15T23:40:31","date_gmt":"2025-07-15T21:40:31","guid":{"rendered":"https:\/\/uj.adatbank.ro\/lexikon\/termek\/orban-alajos\/"},"modified":"2025-07-15T23:40:31","modified_gmt":"2025-07-15T21:40:31","slug":"orban-alajos","status":"publish","type":"product","link":"https:\/\/uj.adatbank.ro\/lexikon\/termek\/orban-alajos\/","title":{"rendered":"ORB\u00c1N Alajos"},"content":{"rendered":"<p>1793, \u2020 1878 : szerzetes. \u2013 A mikh\u00e1zi kolostorb\u00f3l l\u00e1tta el Sz\u00e9kelyb\u0151t (1866), innen Szamos\u00fajv\u00e1rra ker\u00fclt vik\u00e1riusk\u00e9nt hal\u00e1l\u00e1ig. <br \/><strong>Irod.:<\/strong> Maros megyei m. t\u00f6rt.5.<\/br><\/p>\n","protected":false},"excerpt":{"rendered":"<p>1793, \u2020 1878 : szerzetes. \u2013 A mikh\u00e1zi kolostorb\u00f3l l\u00e1tta el Sz\u00e9kelyb\u0151t (1866), innen Szamos\u00fajv\u00e1rra ker\u00fclt vik\u00e1riusk\u00e9nt hal\u00e1l\u00e1ig. Irod.: Maros megyei m. t\u00f6rt.5.<\/p>\n","protected":false},"featured_media":0,"comment_status":"open","ping_status":"closed","template":"","meta":[],"product_brand":[],"product_cat":[137],"product_tag":[],"class_list":{"0":"post-17084","1":"product","2":"type-product","3":"status-publish","5":"product_cat-maros-megyei-eletrajzi-lexikon","7":"first","8":"instock","9":"shipping-taxable","10":"product-type-simple"},"_links":{"self":[{"href":"https:\/\/uj.adatbank.ro\/lexikon\/wp-json\/wp\/v2\/product\/17084","targetHints":{"allow":["GET"]}}],"collection":[{"href":"https:\/\/uj.adatbank.ro\/lexikon\/wp-json\/wp\/v2\/product"}],"about":[{"href":"https:\/\/uj.adatbank.ro\/lexikon\/wp-json\/wp\/v2\/types\/product"}],"replies":[{"embeddable":true,"href":"https:\/\/uj.adatbank.ro\/lexikon\/wp-json\/wp\/v2\/comments?post=17084"}],"wp:attachment":[{"href":"https:\/\/uj.adatbank.ro\/lexikon\/wp-json\/wp\/v2\/media?parent=17084"}],"wp:term":[{"taxonomy":"product_brand","embeddable":true,"href":"https:\/\/uj.adatbank.ro\/lexikon\/wp-json\/wp\/v2\/product_brand?post=17084"},{"taxonomy":"product_cat","embeddable":true,"href":"https:\/\/uj.adatbank.ro\/lexikon\/wp-json\/wp\/v2\/product_cat?post=17084"},{"taxonomy":"product_tag","embeddable":true,"href":"https:\/\/uj.adatbank.ro\/lexikon\/wp-json\/wp\/v2\/product_tag?post=17084"}],"curies":[{"name":"wp","href":"https:\/\/api.w.org\/{rel}","templated":true}]}}