{"id":17085,"date":"2025-07-15T23:40:34","date_gmt":"2025-07-15T21:40:34","guid":{"rendered":"https:\/\/uj.adatbank.ro\/lexikon\/termek\/orban-balazs\/"},"modified":"2025-07-15T23:40:34","modified_gmt":"2025-07-15T21:40:34","slug":"orban-balazs","status":"publish","type":"product","link":"https:\/\/uj.adatbank.ro\/lexikon\/termek\/orban-balazs\/","title":{"rendered":"ORB\u00c1N Bal\u00e1zs"},"content":{"rendered":"<p>Szentegyh\u00e1zasfalu, 1938. jan. 24., \u2020\u00a0G\u00f6rg\u00e9ny\u00fcvegcs\u0171r, 1988. j\u00fan. 6.: r.k. pap. \u2013 Gyulafeh\u00e9rv\u00e1ron v\u00e9gezte teol\u00f3giai tanulm\u00e1nyait \u00e9s papp\u00e1 szentelt\u00e9k (1961. dec. 8.). K\u00e1pl\u00e1n Cs\u00edkszentdomokoson. Pl\u00e9b\u00e1nos Mez\u0151szengyelen (1965), G\u00f6rg\u00e9ny\u00fcvegcs\u0171r\u00f6n (1972\u201388). <br \/><strong>Irod.:<\/strong> Ferenczi S\u00e1ndor 2009; Maros-k\u00fck\u00fcll\u0151i f\u0151esp.<\/br><\/p>\n","protected":false},"excerpt":{"rendered":"<p>Szentegyh\u00e1zasfalu, 1938. jan. 24., \u2020\u00a0G\u00f6rg\u00e9ny\u00fcvegcs\u0171r, 1988. j\u00fan. 6.: r.k. pap. \u2013 Gyulafeh\u00e9rv\u00e1ron v\u00e9gezte teol\u00f3giai tanulm\u00e1nyait \u00e9s papp\u00e1 szentelt\u00e9k (1961. dec. 8.). K\u00e1pl\u00e1n Cs\u00edkszentdomokoson. Pl\u00e9b\u00e1nos Mez\u0151szengyelen (1965), G\u00f6rg\u00e9ny\u00fcvegcs\u0171r\u00f6n (1972\u201388). Irod.: Ferenczi S\u00e1ndor 2009; Maros-k\u00fck\u00fcll\u0151i f\u0151esp.<\/p>\n","protected":false},"featured_media":0,"comment_status":"open","ping_status":"closed","template":"","meta":[],"product_brand":[],"product_cat":[137],"product_tag":[],"class_list":{"0":"post-17085","1":"product","2":"type-product","3":"status-publish","5":"product_cat-maros-megyei-eletrajzi-lexikon","7":"first","8":"instock","9":"shipping-taxable","10":"product-type-simple"},"_links":{"self":[{"href":"https:\/\/uj.adatbank.ro\/lexikon\/wp-json\/wp\/v2\/product\/17085","targetHints":{"allow":["GET"]}}],"collection":[{"href":"https:\/\/uj.adatbank.ro\/lexikon\/wp-json\/wp\/v2\/product"}],"about":[{"href":"https:\/\/uj.adatbank.ro\/lexikon\/wp-json\/wp\/v2\/types\/product"}],"replies":[{"embeddable":true,"href":"https:\/\/uj.adatbank.ro\/lexikon\/wp-json\/wp\/v2\/comments?post=17085"}],"wp:attachment":[{"href":"https:\/\/uj.adatbank.ro\/lexikon\/wp-json\/wp\/v2\/media?parent=17085"}],"wp:term":[{"taxonomy":"product_brand","embeddable":true,"href":"https:\/\/uj.adatbank.ro\/lexikon\/wp-json\/wp\/v2\/product_brand?post=17085"},{"taxonomy":"product_cat","embeddable":true,"href":"https:\/\/uj.adatbank.ro\/lexikon\/wp-json\/wp\/v2\/product_cat?post=17085"},{"taxonomy":"product_tag","embeddable":true,"href":"https:\/\/uj.adatbank.ro\/lexikon\/wp-json\/wp\/v2\/product_tag?post=17085"}],"curies":[{"name":"wp","href":"https:\/\/api.w.org\/{rel}","templated":true}]}}