{"id":17088,"date":"2025-07-15T23:40:39","date_gmt":"2025-07-15T21:40:39","guid":{"rendered":"https:\/\/uj.adatbank.ro\/lexikon\/termek\/orban-borbala\/"},"modified":"2025-07-15T23:40:39","modified_gmt":"2025-07-15T21:40:39","slug":"orban-borbala","status":"publish","type":"product","link":"https:\/\/uj.adatbank.ro\/lexikon\/termek\/orban-borbala\/","title":{"rendered":"ORB\u00c1N Borb\u00e1la"},"content":{"rendered":"<p>? \u2020\u00a01771.:T\u00f6r\u00f6k Istv\u00e1n feles\u00e9ge. A mv.-i egykori obszerv\u00e1ns ferences kolostortemplom kript\u00e1j\u00e1ba temett\u00e9k. <br \/><strong>Irod.:<\/strong> Mv.-i \u00f6rm\u00e9nyek<\/br><\/p>\n","protected":false},"excerpt":{"rendered":"<p>? \u2020\u00a01771.:T\u00f6r\u00f6k Istv\u00e1n feles\u00e9ge. A mv.-i egykori obszerv\u00e1ns ferences kolostortemplom kript\u00e1j\u00e1ba temett\u00e9k. Irod.: Mv.-i \u00f6rm\u00e9nyek<\/p>\n","protected":false},"featured_media":0,"comment_status":"open","ping_status":"closed","template":"","meta":[],"product_brand":[],"product_cat":[137],"product_tag":[],"class_list":{"0":"post-17088","1":"product","2":"type-product","3":"status-publish","5":"product_cat-maros-megyei-eletrajzi-lexikon","7":"first","8":"instock","9":"shipping-taxable","10":"product-type-simple"},"_links":{"self":[{"href":"https:\/\/uj.adatbank.ro\/lexikon\/wp-json\/wp\/v2\/product\/17088","targetHints":{"allow":["GET"]}}],"collection":[{"href":"https:\/\/uj.adatbank.ro\/lexikon\/wp-json\/wp\/v2\/product"}],"about":[{"href":"https:\/\/uj.adatbank.ro\/lexikon\/wp-json\/wp\/v2\/types\/product"}],"replies":[{"embeddable":true,"href":"https:\/\/uj.adatbank.ro\/lexikon\/wp-json\/wp\/v2\/comments?post=17088"}],"wp:attachment":[{"href":"https:\/\/uj.adatbank.ro\/lexikon\/wp-json\/wp\/v2\/media?parent=17088"}],"wp:term":[{"taxonomy":"product_brand","embeddable":true,"href":"https:\/\/uj.adatbank.ro\/lexikon\/wp-json\/wp\/v2\/product_brand?post=17088"},{"taxonomy":"product_cat","embeddable":true,"href":"https:\/\/uj.adatbank.ro\/lexikon\/wp-json\/wp\/v2\/product_cat?post=17088"},{"taxonomy":"product_tag","embeddable":true,"href":"https:\/\/uj.adatbank.ro\/lexikon\/wp-json\/wp\/v2\/product_tag?post=17088"}],"curies":[{"name":"wp","href":"https:\/\/api.w.org\/{rel}","templated":true}]}}