{"id":17089,"date":"2025-07-15T23:40:40","date_gmt":"2025-07-15T21:40:40","guid":{"rendered":"https:\/\/uj.adatbank.ro\/lexikon\/termek\/orban-borbala-2\/"},"modified":"2025-07-15T23:40:40","modified_gmt":"2025-07-15T21:40:40","slug":"orban-borbala-2","status":"publish","type":"product","link":"https:\/\/uj.adatbank.ro\/lexikon\/termek\/orban-borbala-2\/","title":{"rendered":"ORB\u00c1N Borb\u00e1la"},"content":{"rendered":"<p>? \u2020\u00a0? : fest\u0151m\u0171v\u00e9sz. \u2013 B\u00e1nffy Endre 3. feles\u00e9ge.\u00a0<br \/><strong>Irod.:<\/strong> Megal\u00e1zottan is m\u00e9lt\u00f3s\u00e1ggal viselni a sorsunkat \u2013 ez az \u00f6r\u00f6ks\u00e9g\u00fcnk\u00a0! (Ol\u00e1h-G\u00e1l Elvira besz\u00e9lget\u00e9se gr. Mikes Borb\u00e1l\u00e1val; Sz\u00e9kelyf\u00f6ld, 10. sz., 2010)<\/br><\/p>\n","protected":false},"excerpt":{"rendered":"<p>? \u2020\u00a0? : fest\u0151m\u0171v\u00e9sz. \u2013 B\u00e1nffy Endre 3. feles\u00e9ge.\u00a0Irod.: Megal\u00e1zottan is m\u00e9lt\u00f3s\u00e1ggal viselni a sorsunkat \u2013 ez az \u00f6r\u00f6ks\u00e9g\u00fcnk\u00a0! (Ol\u00e1h-G\u00e1l Elvira besz\u00e9lget\u00e9se gr. Mikes Borb\u00e1l\u00e1val; Sz\u00e9kelyf\u00f6ld, 10. sz., 2010)<\/p>\n","protected":false},"featured_media":0,"comment_status":"open","ping_status":"closed","template":"","meta":[],"product_brand":[],"product_cat":[137],"product_tag":[],"class_list":{"0":"post-17089","1":"product","2":"type-product","3":"status-publish","5":"product_cat-maros-megyei-eletrajzi-lexikon","7":"first","8":"instock","9":"shipping-taxable","10":"product-type-simple"},"_links":{"self":[{"href":"https:\/\/uj.adatbank.ro\/lexikon\/wp-json\/wp\/v2\/product\/17089","targetHints":{"allow":["GET"]}}],"collection":[{"href":"https:\/\/uj.adatbank.ro\/lexikon\/wp-json\/wp\/v2\/product"}],"about":[{"href":"https:\/\/uj.adatbank.ro\/lexikon\/wp-json\/wp\/v2\/types\/product"}],"replies":[{"embeddable":true,"href":"https:\/\/uj.adatbank.ro\/lexikon\/wp-json\/wp\/v2\/comments?post=17089"}],"wp:attachment":[{"href":"https:\/\/uj.adatbank.ro\/lexikon\/wp-json\/wp\/v2\/media?parent=17089"}],"wp:term":[{"taxonomy":"product_brand","embeddable":true,"href":"https:\/\/uj.adatbank.ro\/lexikon\/wp-json\/wp\/v2\/product_brand?post=17089"},{"taxonomy":"product_cat","embeddable":true,"href":"https:\/\/uj.adatbank.ro\/lexikon\/wp-json\/wp\/v2\/product_cat?post=17089"},{"taxonomy":"product_tag","embeddable":true,"href":"https:\/\/uj.adatbank.ro\/lexikon\/wp-json\/wp\/v2\/product_tag?post=17089"}],"curies":[{"name":"wp","href":"https:\/\/api.w.org\/{rel}","templated":true}]}}