{"id":17091,"date":"2025-07-15T23:40:46","date_gmt":"2025-07-15T21:40:46","guid":{"rendered":"https:\/\/uj.adatbank.ro\/lexikon\/termek\/orban-denes\/"},"modified":"2025-07-15T23:40:46","modified_gmt":"2025-07-15T21:40:46","slug":"orban-denes","status":"publish","type":"product","link":"https:\/\/uj.adatbank.ro\/lexikon\/termek\/orban-denes\/","title":{"rendered":"ORB\u00c1N D\u00e9nes"},"content":{"rendered":"<p>Sz\u00e9kelyb\u0151, 1872. jan. 9., \u2020 Magyarfenes, 1936. m\u00e1j. 15.: r. k. pap. \u2013 Mv.-en, Gyulafeh\u00e9rv\u00e1ron \u00e9s B\u00e9csben a P\u00e1zm\u00e1neumban (1894\u201396) tanult. Papp\u00e1 szentelt\u00e9k (1896. j\u00fal. 16.). K\u00e1pl\u00e1n Gyergy\u00f3alfaluban, Gyergy\u00f3remet\u00e9n, Gelenc\u00e9n, Bereckben, Mv.-en. Lelkip\u00e1sztor Mez\u0151s\u00e1msondon (1904\u201313), majd Fut\u00e1sfalv\u00e1n, Magyarfenesen.K\u00e1pl\u00e1n Gyergy\u00f3szentmikl\u00f3son, Gyergy\u00f3b\u00e9k\u00e1son nyugd\u00edjkaz\u00e1s\u00e1ig (1929). <br \/><strong>Irod.:<\/strong> Ferenczi S\u00e1ndor 2009<\/br><\/p>\n","protected":false},"excerpt":{"rendered":"<p>Sz\u00e9kelyb\u0151, 1872. jan. 9., \u2020 Magyarfenes, 1936. m\u00e1j. 15.: r. k. pap. \u2013 Mv.-en, Gyulafeh\u00e9rv\u00e1ron \u00e9s B\u00e9csben a P\u00e1zm\u00e1neumban (1894\u201396) tanult. Papp\u00e1 szentelt\u00e9k (1896. j\u00fal. 16.). K\u00e1pl\u00e1n Gyergy\u00f3alfaluban, Gyergy\u00f3remet\u00e9n, Gelenc\u00e9n, Bereckben, Mv.-en. Lelkip\u00e1sztor Mez\u0151s\u00e1msondon (1904\u201313), majd Fut\u00e1sfalv\u00e1n, Magyarfenesen.K\u00e1pl\u00e1n Gyergy\u00f3szentmikl\u00f3son, Gyergy\u00f3b\u00e9k\u00e1son nyugd\u00edjkaz\u00e1s\u00e1ig (1929). Irod.: Ferenczi S\u00e1ndor 2009<\/p>\n","protected":false},"featured_media":0,"comment_status":"open","ping_status":"closed","template":"","meta":[],"product_brand":[],"product_cat":[137],"product_tag":[],"class_list":{"0":"post-17091","1":"product","2":"type-product","3":"status-publish","5":"product_cat-maros-megyei-eletrajzi-lexikon","7":"first","8":"instock","9":"shipping-taxable","10":"product-type-simple"},"_links":{"self":[{"href":"https:\/\/uj.adatbank.ro\/lexikon\/wp-json\/wp\/v2\/product\/17091","targetHints":{"allow":["GET"]}}],"collection":[{"href":"https:\/\/uj.adatbank.ro\/lexikon\/wp-json\/wp\/v2\/product"}],"about":[{"href":"https:\/\/uj.adatbank.ro\/lexikon\/wp-json\/wp\/v2\/types\/product"}],"replies":[{"embeddable":true,"href":"https:\/\/uj.adatbank.ro\/lexikon\/wp-json\/wp\/v2\/comments?post=17091"}],"wp:attachment":[{"href":"https:\/\/uj.adatbank.ro\/lexikon\/wp-json\/wp\/v2\/media?parent=17091"}],"wp:term":[{"taxonomy":"product_brand","embeddable":true,"href":"https:\/\/uj.adatbank.ro\/lexikon\/wp-json\/wp\/v2\/product_brand?post=17091"},{"taxonomy":"product_cat","embeddable":true,"href":"https:\/\/uj.adatbank.ro\/lexikon\/wp-json\/wp\/v2\/product_cat?post=17091"},{"taxonomy":"product_tag","embeddable":true,"href":"https:\/\/uj.adatbank.ro\/lexikon\/wp-json\/wp\/v2\/product_tag?post=17091"}],"curies":[{"name":"wp","href":"https:\/\/api.w.org\/{rel}","templated":true}]}}