{"id":17093,"date":"2025-07-15T23:40:49","date_gmt":"2025-07-15T21:40:49","guid":{"rendered":"https:\/\/uj.adatbank.ro\/lexikon\/termek\/orban-dezso-2\/"},"modified":"2025-07-15T23:40:49","modified_gmt":"2025-07-15T21:40:49","slug":"orban-dezso-2","status":"publish","type":"product","link":"https:\/\/uj.adatbank.ro\/lexikon\/termek\/orban-dezso-2\/","title":{"rendered":"ORB\u00c1N Dezs\u0151"},"content":{"rendered":"<p>Brass\u00f3, 1906. okt. 28., \u2020\u00a0Brass\u00f3, 1986. dec. 13.: r. k. pap. \u2013 Brass\u00f3ban \u00e9s Gyulafeh\u00e9rv\u00e1ron tanult, itt papp\u00e1 szentelt\u00e9k (1932. j\u00fan. 12).T\u00f6bb helyen szolg\u00e1lt mint k\u00e1pl\u00e1n, majd lelkip\u00e1sztor (1932\u201357). V\u00e9g\u00fcl lelkip\u00e1sztor Sz\u00e9kelyhodoson (1957\u2013). <br \/><strong>Irod.:<\/strong> Ferenczi S\u00e1ndor 2009<\/br><\/p>\n","protected":false},"excerpt":{"rendered":"<p>Brass\u00f3, 1906. okt. 28., \u2020\u00a0Brass\u00f3, 1986. dec. 13.: r. k. pap. \u2013 Brass\u00f3ban \u00e9s Gyulafeh\u00e9rv\u00e1ron tanult, itt papp\u00e1 szentelt\u00e9k (1932. j\u00fan. 12).T\u00f6bb helyen szolg\u00e1lt mint k\u00e1pl\u00e1n, majd lelkip\u00e1sztor (1932\u201357). V\u00e9g\u00fcl lelkip\u00e1sztor Sz\u00e9kelyhodoson (1957\u2013). Irod.: Ferenczi S\u00e1ndor 2009<\/p>\n","protected":false},"featured_media":0,"comment_status":"open","ping_status":"closed","template":"","meta":[],"product_brand":[],"product_cat":[137],"product_tag":[],"class_list":{"0":"post-17093","1":"product","2":"type-product","3":"status-publish","5":"product_cat-maros-megyei-eletrajzi-lexikon","7":"first","8":"instock","9":"shipping-taxable","10":"product-type-simple"},"_links":{"self":[{"href":"https:\/\/uj.adatbank.ro\/lexikon\/wp-json\/wp\/v2\/product\/17093","targetHints":{"allow":["GET"]}}],"collection":[{"href":"https:\/\/uj.adatbank.ro\/lexikon\/wp-json\/wp\/v2\/product"}],"about":[{"href":"https:\/\/uj.adatbank.ro\/lexikon\/wp-json\/wp\/v2\/types\/product"}],"replies":[{"embeddable":true,"href":"https:\/\/uj.adatbank.ro\/lexikon\/wp-json\/wp\/v2\/comments?post=17093"}],"wp:attachment":[{"href":"https:\/\/uj.adatbank.ro\/lexikon\/wp-json\/wp\/v2\/media?parent=17093"}],"wp:term":[{"taxonomy":"product_brand","embeddable":true,"href":"https:\/\/uj.adatbank.ro\/lexikon\/wp-json\/wp\/v2\/product_brand?post=17093"},{"taxonomy":"product_cat","embeddable":true,"href":"https:\/\/uj.adatbank.ro\/lexikon\/wp-json\/wp\/v2\/product_cat?post=17093"},{"taxonomy":"product_tag","embeddable":true,"href":"https:\/\/uj.adatbank.ro\/lexikon\/wp-json\/wp\/v2\/product_tag?post=17093"}],"curies":[{"name":"wp","href":"https:\/\/api.w.org\/{rel}","templated":true}]}}