{"id":17094,"date":"2025-07-15T23:40:51","date_gmt":"2025-07-15T21:40:51","guid":{"rendered":"https:\/\/uj.adatbank.ro\/lexikon\/termek\/orban-elek\/"},"modified":"2025-07-15T23:40:51","modified_gmt":"2025-07-15T21:40:51","slug":"orban-elek","status":"publish","type":"product","link":"https:\/\/uj.adatbank.ro\/lexikon\/termek\/orban-elek\/","title":{"rendered":"ORB\u00c1N Elek"},"content":{"rendered":"<p>? \u2020 ?: tan\u00edt\u00f3. \u2013 Tal\u00e1n Kv.-on subscrib\u00e1lt (1768). Bonyh\u00e1ban tan\u00edtott (1771\u201384), szakmunk\u00e1ja magavisete ellen soha semmi kifog\u00e1s nem volt. A tan\u00edt\u00f3i lak\u00e1s lakhatatlan volt, a b\u00e9r\u00e9t nem fizett\u00e9k, val\u00f3sz\u00edn\u0171leg ez\u00e9rt t\u00e1vozott. <br \/><strong>Irod.:<\/strong> Bonyha \u00e9s egyh\u00e1za; K\u00fck\u00fcll\u0151i Ref. Egyh\u00e1zm.1.<\/br><\/p>\n","protected":false},"excerpt":{"rendered":"<p>? \u2020 ?: tan\u00edt\u00f3. \u2013 Tal\u00e1n Kv.-on subscrib\u00e1lt (1768). Bonyh\u00e1ban tan\u00edtott (1771\u201384), szakmunk\u00e1ja magavisete ellen soha semmi kifog\u00e1s nem volt. A tan\u00edt\u00f3i lak\u00e1s lakhatatlan volt, a b\u00e9r\u00e9t nem fizett\u00e9k, val\u00f3sz\u00edn\u0171leg ez\u00e9rt t\u00e1vozott. Irod.: Bonyha \u00e9s egyh\u00e1za; K\u00fck\u00fcll\u0151i Ref. Egyh\u00e1zm.1.<\/p>\n","protected":false},"featured_media":0,"comment_status":"open","ping_status":"closed","template":"","meta":[],"product_brand":[],"product_cat":[137],"product_tag":[],"class_list":{"0":"post-17094","1":"product","2":"type-product","3":"status-publish","5":"product_cat-maros-megyei-eletrajzi-lexikon","7":"first","8":"instock","9":"shipping-taxable","10":"product-type-simple"},"_links":{"self":[{"href":"https:\/\/uj.adatbank.ro\/lexikon\/wp-json\/wp\/v2\/product\/17094","targetHints":{"allow":["GET"]}}],"collection":[{"href":"https:\/\/uj.adatbank.ro\/lexikon\/wp-json\/wp\/v2\/product"}],"about":[{"href":"https:\/\/uj.adatbank.ro\/lexikon\/wp-json\/wp\/v2\/types\/product"}],"replies":[{"embeddable":true,"href":"https:\/\/uj.adatbank.ro\/lexikon\/wp-json\/wp\/v2\/comments?post=17094"}],"wp:attachment":[{"href":"https:\/\/uj.adatbank.ro\/lexikon\/wp-json\/wp\/v2\/media?parent=17094"}],"wp:term":[{"taxonomy":"product_brand","embeddable":true,"href":"https:\/\/uj.adatbank.ro\/lexikon\/wp-json\/wp\/v2\/product_brand?post=17094"},{"taxonomy":"product_cat","embeddable":true,"href":"https:\/\/uj.adatbank.ro\/lexikon\/wp-json\/wp\/v2\/product_cat?post=17094"},{"taxonomy":"product_tag","embeddable":true,"href":"https:\/\/uj.adatbank.ro\/lexikon\/wp-json\/wp\/v2\/product_tag?post=17094"}],"curies":[{"name":"wp","href":"https:\/\/api.w.org\/{rel}","templated":true}]}}