{"id":17096,"date":"2025-07-15T23:40:55","date_gmt":"2025-07-15T21:40:55","guid":{"rendered":"https:\/\/uj.adatbank.ro\/lexikon\/termek\/orban-elek-3\/"},"modified":"2025-07-15T23:40:55","modified_gmt":"2025-07-15T21:40:55","slug":"orban-elek-3","status":"publish","type":"product","link":"https:\/\/uj.adatbank.ro\/lexikon\/termek\/orban-elek-3\/","title":{"rendered":"ORB\u00c1N Elek"},"content":{"rendered":"<p>Mez\u0151pagocsa, 1879., \u2020 ?: gimn\u00e1ziumi tan\u00e1r. \u2013 Latin-t\u00f6rt. szakos diplom\u00e1t szerzett (1907). Mv.-en tan\u00edtott, mint helyettes tan\u00e1r a Ref. F\u0151gimn\u00e1ziumban (1904\u201312), a tanul\u00f3k k\u00f6nyvt\u00e1r\u00e1nak felel\u0151se (1909\u201310), S\u00e1rospatakra t\u00e1vozott. <br \/><strong>Irod.:<\/strong> Guly\u00e1s; Mv. t\u00f6rt. 2.; Sebesty\u00e9n<\/br><\/p>\n","protected":false},"excerpt":{"rendered":"<p>Mez\u0151pagocsa, 1879., \u2020 ?: gimn\u00e1ziumi tan\u00e1r. \u2013 Latin-t\u00f6rt. szakos diplom\u00e1t szerzett (1907). Mv.-en tan\u00edtott, mint helyettes tan\u00e1r a Ref. F\u0151gimn\u00e1ziumban (1904\u201312), a tanul\u00f3k k\u00f6nyvt\u00e1r\u00e1nak felel\u0151se (1909\u201310), S\u00e1rospatakra t\u00e1vozott. Irod.: Guly\u00e1s; Mv. t\u00f6rt. 2.; Sebesty\u00e9n<\/p>\n","protected":false},"featured_media":0,"comment_status":"open","ping_status":"closed","template":"","meta":[],"product_brand":[],"product_cat":[137],"product_tag":[],"class_list":{"0":"post-17096","1":"product","2":"type-product","3":"status-publish","5":"product_cat-maros-megyei-eletrajzi-lexikon","7":"first","8":"instock","9":"shipping-taxable","10":"product-type-simple"},"_links":{"self":[{"href":"https:\/\/uj.adatbank.ro\/lexikon\/wp-json\/wp\/v2\/product\/17096","targetHints":{"allow":["GET"]}}],"collection":[{"href":"https:\/\/uj.adatbank.ro\/lexikon\/wp-json\/wp\/v2\/product"}],"about":[{"href":"https:\/\/uj.adatbank.ro\/lexikon\/wp-json\/wp\/v2\/types\/product"}],"replies":[{"embeddable":true,"href":"https:\/\/uj.adatbank.ro\/lexikon\/wp-json\/wp\/v2\/comments?post=17096"}],"wp:attachment":[{"href":"https:\/\/uj.adatbank.ro\/lexikon\/wp-json\/wp\/v2\/media?parent=17096"}],"wp:term":[{"taxonomy":"product_brand","embeddable":true,"href":"https:\/\/uj.adatbank.ro\/lexikon\/wp-json\/wp\/v2\/product_brand?post=17096"},{"taxonomy":"product_cat","embeddable":true,"href":"https:\/\/uj.adatbank.ro\/lexikon\/wp-json\/wp\/v2\/product_cat?post=17096"},{"taxonomy":"product_tag","embeddable":true,"href":"https:\/\/uj.adatbank.ro\/lexikon\/wp-json\/wp\/v2\/product_tag?post=17096"}],"curies":[{"name":"wp","href":"https:\/\/api.w.org\/{rel}","templated":true}]}}