{"id":17099,"date":"2025-07-15T23:41:01","date_gmt":"2025-07-15T21:41:01","guid":{"rendered":"https:\/\/uj.adatbank.ro\/lexikon\/termek\/orban-eszter\/"},"modified":"2025-07-15T23:41:01","modified_gmt":"2025-07-15T21:41:01","slug":"orban-eszter","status":"publish","type":"product","link":"https:\/\/uj.adatbank.ro\/lexikon\/termek\/orban-eszter\/","title":{"rendered":"ORB\u00c1N Eszter"},"content":{"rendered":"<p>1943.\u2020 Mv., 2021. nov. 30.: zen\u00e9sz. \u2013 A Mv.-i \u00c1llami Filharm\u00f3nia egykori heged\u0171m\u0171v\u00e9sze. <br \/><strong>Irod.:<\/strong> Nekrol\u00f3g. (N\u00fa., 2021. dec. 2.).<\/br><\/p>\n","protected":false},"excerpt":{"rendered":"<p>1943.\u2020 Mv., 2021. nov. 30.: zen\u00e9sz. \u2013 A Mv.-i \u00c1llami Filharm\u00f3nia egykori heged\u0171m\u0171v\u00e9sze. Irod.: Nekrol\u00f3g. (N\u00fa., 2021. dec. 2.).<\/p>\n","protected":false},"featured_media":0,"comment_status":"open","ping_status":"closed","template":"","meta":[],"product_brand":[],"product_cat":[137],"product_tag":[],"class_list":{"0":"post-17099","1":"product","2":"type-product","3":"status-publish","5":"product_cat-maros-megyei-eletrajzi-lexikon","7":"first","8":"instock","9":"shipping-taxable","10":"product-type-simple"},"_links":{"self":[{"href":"https:\/\/uj.adatbank.ro\/lexikon\/wp-json\/wp\/v2\/product\/17099","targetHints":{"allow":["GET"]}}],"collection":[{"href":"https:\/\/uj.adatbank.ro\/lexikon\/wp-json\/wp\/v2\/product"}],"about":[{"href":"https:\/\/uj.adatbank.ro\/lexikon\/wp-json\/wp\/v2\/types\/product"}],"replies":[{"embeddable":true,"href":"https:\/\/uj.adatbank.ro\/lexikon\/wp-json\/wp\/v2\/comments?post=17099"}],"wp:attachment":[{"href":"https:\/\/uj.adatbank.ro\/lexikon\/wp-json\/wp\/v2\/media?parent=17099"}],"wp:term":[{"taxonomy":"product_brand","embeddable":true,"href":"https:\/\/uj.adatbank.ro\/lexikon\/wp-json\/wp\/v2\/product_brand?post=17099"},{"taxonomy":"product_cat","embeddable":true,"href":"https:\/\/uj.adatbank.ro\/lexikon\/wp-json\/wp\/v2\/product_cat?post=17099"},{"taxonomy":"product_tag","embeddable":true,"href":"https:\/\/uj.adatbank.ro\/lexikon\/wp-json\/wp\/v2\/product_tag?post=17099"}],"curies":[{"name":"wp","href":"https:\/\/api.w.org\/{rel}","templated":true}]}}