{"id":17114,"date":"2025-07-15T23:41:31","date_gmt":"2025-07-15T21:41:31","guid":{"rendered":"https:\/\/uj.adatbank.ro\/lexikon\/termek\/orban-janos\/"},"modified":"2025-07-15T23:41:31","modified_gmt":"2025-07-15T21:41:31","slug":"orban-janos","status":"publish","type":"product","link":"https:\/\/uj.adatbank.ro\/lexikon\/termek\/orban-janos\/","title":{"rendered":"ORB\u00c1N J\u00e1nos"},"content":{"rendered":"<p>V\u00e1rhegy, 1899., \u2020\u00a0?: gazd\u00e1lkod\u00f3. \u2013 \u00d6n\u00e1ll\u00f3 gazda V\u00e1rhegyen (1922\u2013). Az els\u0151 vh.-ban a 62. gy. e.-ben az olasz \u00e9s rom\u00e1n fronton harcolt. A ref. egyh\u00e1z presbitere, a k\u00f6zs\u00e9g bir\u00e1ja (1940\u2013) volt. <br \/><strong>Irod.:<\/strong> Sz\u00e9kelyf\u00f6ld \u00ed.k.<\/br><\/p>\n","protected":false},"excerpt":{"rendered":"<p>V\u00e1rhegy, 1899., \u2020\u00a0?: gazd\u00e1lkod\u00f3. \u2013 \u00d6n\u00e1ll\u00f3 gazda V\u00e1rhegyen (1922\u2013). Az els\u0151 vh.-ban a 62. gy. e.-ben az olasz \u00e9s rom\u00e1n fronton harcolt. A ref. egyh\u00e1z presbitere, a k\u00f6zs\u00e9g bir\u00e1ja (1940\u2013) volt. Irod.: Sz\u00e9kelyf\u00f6ld \u00ed.k.<\/p>\n","protected":false},"featured_media":0,"comment_status":"open","ping_status":"closed","template":"","meta":[],"product_brand":[],"product_cat":[137],"product_tag":[],"class_list":{"0":"post-17114","1":"product","2":"type-product","3":"status-publish","5":"product_cat-maros-megyei-eletrajzi-lexikon","7":"first","8":"instock","9":"shipping-taxable","10":"product-type-simple"},"_links":{"self":[{"href":"https:\/\/uj.adatbank.ro\/lexikon\/wp-json\/wp\/v2\/product\/17114","targetHints":{"allow":["GET"]}}],"collection":[{"href":"https:\/\/uj.adatbank.ro\/lexikon\/wp-json\/wp\/v2\/product"}],"about":[{"href":"https:\/\/uj.adatbank.ro\/lexikon\/wp-json\/wp\/v2\/types\/product"}],"replies":[{"embeddable":true,"href":"https:\/\/uj.adatbank.ro\/lexikon\/wp-json\/wp\/v2\/comments?post=17114"}],"wp:attachment":[{"href":"https:\/\/uj.adatbank.ro\/lexikon\/wp-json\/wp\/v2\/media?parent=17114"}],"wp:term":[{"taxonomy":"product_brand","embeddable":true,"href":"https:\/\/uj.adatbank.ro\/lexikon\/wp-json\/wp\/v2\/product_brand?post=17114"},{"taxonomy":"product_cat","embeddable":true,"href":"https:\/\/uj.adatbank.ro\/lexikon\/wp-json\/wp\/v2\/product_cat?post=17114"},{"taxonomy":"product_tag","embeddable":true,"href":"https:\/\/uj.adatbank.ro\/lexikon\/wp-json\/wp\/v2\/product_tag?post=17114"}],"curies":[{"name":"wp","href":"https:\/\/api.w.org\/{rel}","templated":true}]}}