{"id":17116,"date":"2025-07-15T23:41:35","date_gmt":"2025-07-15T21:41:35","guid":{"rendered":"https:\/\/uj.adatbank.ro\/lexikon\/termek\/orban-janos-3\/"},"modified":"2025-07-15T23:41:35","modified_gmt":"2025-07-15T21:41:35","slug":"orban-janos-3","status":"publish","type":"product","link":"https:\/\/uj.adatbank.ro\/lexikon\/termek\/orban-janos-3\/","title":{"rendered":"ORB\u00c1N J\u00e1nos"},"content":{"rendered":"<p>L\u00f6v\u00e9te , 1929. febr. 7., \u2020 Mv., 1998. okt.19.: orvos, orvost\u00f6rt\u00e9n\u00e9sz, adjunktus. \u2013 K\u00f6z\u00e9piskolai tanulm\u00e1nyait a sz\u00e9kelyudvarhelyi R. K. Gimn\u00e1ziumban v\u00e9gezte (1948), \u00e1ltal\u00e1nos orvosi szakon a MOGYI-n v\u00e9gzett (1954). Nagytarn\u00e1n k\u00f6rorvos (1954. okt. 1.\u2013), Avasfels\u0151faluban rajoni f\u0151orvos (1955. nov. 1.\u2013), majd visszah\u00edvt\u00e1k az egyetemre, ahol tan\u00e1rseg\u00e9d az Orvost\u00f6rt\u00e9neti Tansz\u00e9ken (1960. dec. 1.\u2013), a K\u00f6zeg\u00e9szs\u00e9gtani (1960\u201361), majd a T\u00e1rsadalomorvostani Tansz\u00e9ken (1961\u201364) is tartott gyakorlatokat. Doktor\u00e1tusi disszert\u00e1ci\u00f3ja : Aspecte din contribu\u0163ia \u015fcolii clujene la dezvoltarea medicinii patriei noastre 1775\u20131940 (Tg. M., 1983). A Megyei Eg\u00e9szs\u00e9g\u00fcgyi Igazgat\u00f3s\u00e1gon aligazgat\u00f3 volt integr\u00e1lt \u00e1ll\u00e1sban. Spielmann prof. nyugd\u00edjaz\u00e1sa ut\u00e1n adjunktus (1983. szept. 15.\u2013), vezette a MOGYE Orvost\u00f6rt\u00e9neti tansz\u00e9k\u00e9t nyugd\u00edjaz\u00e1s\u00e1i (1967\u20131991. okt. 1.), r\u00e9szt vett a gy\u00f3gyszer\u00e9szk\u00e9pz\u00e9sben is. Nyugd\u00edjaz\u00e1sa ut\u00e1n \u00f3raad\u00f3k\u00e9nt m\u00e9g megtartotta a m. nyelv\u0171 el\u0151ad\u00e1sokat (1983\u20131996), valamint oktatott a mv.-i Bod P\u00e9ter Ref. Diakonissza Asszisztensk\u00e9pz\u0151 F\u0151iskol\u00e1n (?). Kutat\u00e1si ter\u00fclete az erd\u00e9lyi gy\u00f3gyszert\u00e1rak t\u00f6rt\u00e9nete, a n\u00e9pgy\u00f3gy\u00e1szatban haszn\u00e1lt n\u00f6v\u00e9nyi szerek, a fog\u00e1szati oktat\u00e1s kezdetei. Szakdolgozatait k\u00f6z\u00f6lte a Revista medicala-Orvosi Szemle, Korunk, cikkeit V.Z., N\u00fa..(Gondolatok a k\u00f6nyvt\u00e1rban, N\u00fa., 1992. nov. 21.). \u2013 <strong>F. m.:<\/strong> <strong>t\u00e1rssz.:<\/strong> Sz\u00e1zhuszon\u00f6t \u00e9ve ny\u00edlt meg a Kolozsv\u00e1ri Tudom\u00e1nyegyetem (Piliscsaba, 1983); A Marosv\u00e1s\u00e1rhelyi magyar nyelv\u0171 orvos \u00e9s gy\u00f3gyszer\u00e9szk\u00e9pz\u00e9s 50 \u00e9ve (Mv., ?); Brand J\u00f3zsef, a veseseb\u00e9szet erd\u00e9lyi \u00fatt\u00f6r\u0151je = Spielmann J\u00f3zsef orvost\u00f6rt\u00e9n\u00e9sz eml\u00e9kk\u00f6nve (2008). <br \/><strong>Irod.:<\/strong> Facultatea de Farmacie; Genersich; [Nekrol\u00f3g] (N\u00fa., 1998. okt. 20.); Kiss-P.- P; P\u00e9ter; P\u00e9ter 2006; P\u00e9ter Mih\u00e1ly: A MOGYE Orvost\u00f6rt\u00e9neti tansz\u00e9k\u00e9nek t\u00f6rt\u00e9net\u00e9r\u0151l = Spielmann J\u00f3zsef orvost\u00f6rt\u00e9n\u00e9sz eml\u00e9kk\u00f6nyve; Revista de medicin\u0103 \u015fi Farmacie (1999. 1\u20134 sz. Cojocaru-R\u00e1cz: In memoriam)<\/br><\/p>\n","protected":false},"excerpt":{"rendered":"<p>L\u00f6v\u00e9te , 1929. febr. 7., \u2020 Mv., 1998. okt.19.: orvos, orvost\u00f6rt\u00e9n\u00e9sz, adjunktus. \u2013 K\u00f6z\u00e9piskolai tanulm\u00e1nyait a sz\u00e9kelyudvarhelyi R. K. Gimn\u00e1ziumban v\u00e9gezte (1948), \u00e1ltal\u00e1nos orvosi szakon a MOGYI-n v\u00e9gzett (1954). Nagytarn\u00e1n k\u00f6rorvos (1954. okt. 1.\u2013), Avasfels\u0151faluban rajoni f\u0151orvos (1955. nov. 1.\u2013), majd visszah\u00edvt\u00e1k az egyetemre, ahol tan\u00e1rseg\u00e9d az Orvost\u00f6rt\u00e9neti Tansz\u00e9ken (1960. dec. 1.\u2013), a K\u00f6zeg\u00e9szs\u00e9gtani (1960\u201361), [&hellip;]<\/p>\n","protected":false},"featured_media":0,"comment_status":"open","ping_status":"closed","template":"","meta":[],"product_brand":[],"product_cat":[137],"product_tag":[],"class_list":{"0":"post-17116","1":"product","2":"type-product","3":"status-publish","5":"product_cat-maros-megyei-eletrajzi-lexikon","7":"first","8":"instock","9":"shipping-taxable","10":"product-type-simple"},"_links":{"self":[{"href":"https:\/\/uj.adatbank.ro\/lexikon\/wp-json\/wp\/v2\/product\/17116","targetHints":{"allow":["GET"]}}],"collection":[{"href":"https:\/\/uj.adatbank.ro\/lexikon\/wp-json\/wp\/v2\/product"}],"about":[{"href":"https:\/\/uj.adatbank.ro\/lexikon\/wp-json\/wp\/v2\/types\/product"}],"replies":[{"embeddable":true,"href":"https:\/\/uj.adatbank.ro\/lexikon\/wp-json\/wp\/v2\/comments?post=17116"}],"wp:attachment":[{"href":"https:\/\/uj.adatbank.ro\/lexikon\/wp-json\/wp\/v2\/media?parent=17116"}],"wp:term":[{"taxonomy":"product_brand","embeddable":true,"href":"https:\/\/uj.adatbank.ro\/lexikon\/wp-json\/wp\/v2\/product_brand?post=17116"},{"taxonomy":"product_cat","embeddable":true,"href":"https:\/\/uj.adatbank.ro\/lexikon\/wp-json\/wp\/v2\/product_cat?post=17116"},{"taxonomy":"product_tag","embeddable":true,"href":"https:\/\/uj.adatbank.ro\/lexikon\/wp-json\/wp\/v2\/product_tag?post=17116"}],"curies":[{"name":"wp","href":"https:\/\/api.w.org\/{rel}","templated":true}]}}