{"id":17123,"date":"2025-07-15T23:41:48","date_gmt":"2025-07-15T21:41:48","guid":{"rendered":"https:\/\/uj.adatbank.ro\/lexikon\/termek\/orban-karoly\/"},"modified":"2025-07-15T23:41:48","modified_gmt":"2025-07-15T21:41:48","slug":"orban-karoly","status":"publish","type":"product","link":"https:\/\/uj.adatbank.ro\/lexikon\/termek\/orban-karoly\/","title":{"rendered":"ORB\u00c1N K\u00e1roly"},"content":{"rendered":"<p>? \u2020\u00a0Ny\u00e1r\u00e1dmagyar\u00f3s, 1905. aug. 25.: ref. lelk\u00e9sz. \u2013 Ny\u00e1r\u00e1dmagyar\u00f3son seg\u00e9dlelk\u00e9sz (1848\u201350), majd megv\u00e1lasztott lelk\u00e9sz (1850\u20131905).Templomot \u00e9p\u00edttetett. Feles\u00e9ge Sipos Paula. <br \/><strong>Irod.:<\/strong> Imreh Barna; Ny\u00e1r\u00e1dmagyaros le\u00e1nydombjai<\/br><\/p>\n","protected":false},"excerpt":{"rendered":"<p>? \u2020\u00a0Ny\u00e1r\u00e1dmagyar\u00f3s, 1905. aug. 25.: ref. lelk\u00e9sz. \u2013 Ny\u00e1r\u00e1dmagyar\u00f3son seg\u00e9dlelk\u00e9sz (1848\u201350), majd megv\u00e1lasztott lelk\u00e9sz (1850\u20131905).Templomot \u00e9p\u00edttetett. Feles\u00e9ge Sipos Paula. Irod.: Imreh Barna; Ny\u00e1r\u00e1dmagyaros le\u00e1nydombjai<\/p>\n","protected":false},"featured_media":0,"comment_status":"open","ping_status":"closed","template":"","meta":[],"product_brand":[],"product_cat":[137],"product_tag":[],"class_list":{"0":"post-17123","1":"product","2":"type-product","3":"status-publish","5":"product_cat-maros-megyei-eletrajzi-lexikon","7":"first","8":"instock","9":"shipping-taxable","10":"product-type-simple"},"_links":{"self":[{"href":"https:\/\/uj.adatbank.ro\/lexikon\/wp-json\/wp\/v2\/product\/17123","targetHints":{"allow":["GET"]}}],"collection":[{"href":"https:\/\/uj.adatbank.ro\/lexikon\/wp-json\/wp\/v2\/product"}],"about":[{"href":"https:\/\/uj.adatbank.ro\/lexikon\/wp-json\/wp\/v2\/types\/product"}],"replies":[{"embeddable":true,"href":"https:\/\/uj.adatbank.ro\/lexikon\/wp-json\/wp\/v2\/comments?post=17123"}],"wp:attachment":[{"href":"https:\/\/uj.adatbank.ro\/lexikon\/wp-json\/wp\/v2\/media?parent=17123"}],"wp:term":[{"taxonomy":"product_brand","embeddable":true,"href":"https:\/\/uj.adatbank.ro\/lexikon\/wp-json\/wp\/v2\/product_brand?post=17123"},{"taxonomy":"product_cat","embeddable":true,"href":"https:\/\/uj.adatbank.ro\/lexikon\/wp-json\/wp\/v2\/product_cat?post=17123"},{"taxonomy":"product_tag","embeddable":true,"href":"https:\/\/uj.adatbank.ro\/lexikon\/wp-json\/wp\/v2\/product_tag?post=17123"}],"curies":[{"name":"wp","href":"https:\/\/api.w.org\/{rel}","templated":true}]}}