{"id":17128,"date":"2025-07-15T23:41:58","date_gmt":"2025-07-15T21:41:58","guid":{"rendered":"https:\/\/uj.adatbank.ro\/lexikon\/termek\/orban-lajos-2\/"},"modified":"2025-07-15T23:41:58","modified_gmt":"2025-07-15T21:41:58","slug":"orban-lajos-2","status":"publish","type":"product","link":"https:\/\/uj.adatbank.ro\/lexikon\/termek\/orban-lajos-2\/","title":{"rendered":"ORB\u00c1N Lajos"},"content":{"rendered":"<p>Dem\u00e9nyh\u00e1za, 1900., \u2020\u00a0?: k\u00f6rjegyz\u0151. \u2013 Tanulm\u00e1nyait Mv.-en v\u00e9gezte \u00e9s Lugoson nyert jegyz\u0151i oklevelet. Mint seg\u00e9djegyz\u0151 Ny\u00e1r\u00e1dkar\u00e1csonyon m\u0171k\u00f6d\u00f6tt, majd Nagyteremiben (1940\u2013) k\u00f6rjegyz\u0151 volt. Minden hazafias \u00e9s kultur\u00e1lis egyes\u00fclet t\u00e1mogat\u00f3ja volt. <br \/><strong>Irod.:<\/strong> Sz\u00e9kelyf\u00f6ld \u00ed.k.<\/br><\/p>\n","protected":false},"excerpt":{"rendered":"<p>Dem\u00e9nyh\u00e1za, 1900., \u2020\u00a0?: k\u00f6rjegyz\u0151. \u2013 Tanulm\u00e1nyait Mv.-en v\u00e9gezte \u00e9s Lugoson nyert jegyz\u0151i oklevelet. Mint seg\u00e9djegyz\u0151 Ny\u00e1r\u00e1dkar\u00e1csonyon m\u0171k\u00f6d\u00f6tt, majd Nagyteremiben (1940\u2013) k\u00f6rjegyz\u0151 volt. Minden hazafias \u00e9s kultur\u00e1lis egyes\u00fclet t\u00e1mogat\u00f3ja volt. Irod.: Sz\u00e9kelyf\u00f6ld \u00ed.k.<\/p>\n","protected":false},"featured_media":0,"comment_status":"open","ping_status":"closed","template":"","meta":[],"product_brand":[],"product_cat":[137],"product_tag":[],"class_list":{"0":"post-17128","1":"product","2":"type-product","3":"status-publish","5":"product_cat-maros-megyei-eletrajzi-lexikon","7":"first","8":"instock","9":"shipping-taxable","10":"product-type-simple"},"_links":{"self":[{"href":"https:\/\/uj.adatbank.ro\/lexikon\/wp-json\/wp\/v2\/product\/17128","targetHints":{"allow":["GET"]}}],"collection":[{"href":"https:\/\/uj.adatbank.ro\/lexikon\/wp-json\/wp\/v2\/product"}],"about":[{"href":"https:\/\/uj.adatbank.ro\/lexikon\/wp-json\/wp\/v2\/types\/product"}],"replies":[{"embeddable":true,"href":"https:\/\/uj.adatbank.ro\/lexikon\/wp-json\/wp\/v2\/comments?post=17128"}],"wp:attachment":[{"href":"https:\/\/uj.adatbank.ro\/lexikon\/wp-json\/wp\/v2\/media?parent=17128"}],"wp:term":[{"taxonomy":"product_brand","embeddable":true,"href":"https:\/\/uj.adatbank.ro\/lexikon\/wp-json\/wp\/v2\/product_brand?post=17128"},{"taxonomy":"product_cat","embeddable":true,"href":"https:\/\/uj.adatbank.ro\/lexikon\/wp-json\/wp\/v2\/product_cat?post=17128"},{"taxonomy":"product_tag","embeddable":true,"href":"https:\/\/uj.adatbank.ro\/lexikon\/wp-json\/wp\/v2\/product_tag?post=17128"}],"curies":[{"name":"wp","href":"https:\/\/api.w.org\/{rel}","templated":true}]}}