{"id":17129,"date":"2025-07-15T23:42:00","date_gmt":"2025-07-15T21:42:00","guid":{"rendered":"https:\/\/uj.adatbank.ro\/lexikon\/termek\/orban-lajos-3\/"},"modified":"2025-07-15T23:42:00","modified_gmt":"2025-07-15T21:42:00","slug":"orban-lajos-3","status":"publish","type":"product","link":"https:\/\/uj.adatbank.ro\/lexikon\/termek\/orban-lajos-3\/","title":{"rendered":"ORB\u00c1N Lajos"},"content":{"rendered":"<p>1938.? \u2020 Mv., 2023. dec. 25.:zen\u00e9sz \u2013 A Marosv\u00e1\u00e1rhelyi \u00c1llami Filharm\u00f3nia egykori klarin\u00e9tm\u0171v\u00e9sze volt. Temet\u00e9se dec.30. <br \/><strong>Irod.:<\/strong> N\u00fa., 2023. dec. 29..<\/br><\/p>\n","protected":false},"excerpt":{"rendered":"<p>1938.? \u2020 Mv., 2023. dec. 25.:zen\u00e9sz \u2013 A Marosv\u00e1\u00e1rhelyi \u00c1llami Filharm\u00f3nia egykori klarin\u00e9tm\u0171v\u00e9sze volt. Temet\u00e9se dec.30. Irod.: N\u00fa., 2023. dec. 29..<\/p>\n","protected":false},"featured_media":0,"comment_status":"open","ping_status":"closed","template":"","meta":[],"product_brand":[],"product_cat":[137],"product_tag":[],"class_list":{"0":"post-17129","1":"product","2":"type-product","3":"status-publish","5":"product_cat-maros-megyei-eletrajzi-lexikon","7":"first","8":"instock","9":"shipping-taxable","10":"product-type-simple"},"_links":{"self":[{"href":"https:\/\/uj.adatbank.ro\/lexikon\/wp-json\/wp\/v2\/product\/17129","targetHints":{"allow":["GET"]}}],"collection":[{"href":"https:\/\/uj.adatbank.ro\/lexikon\/wp-json\/wp\/v2\/product"}],"about":[{"href":"https:\/\/uj.adatbank.ro\/lexikon\/wp-json\/wp\/v2\/types\/product"}],"replies":[{"embeddable":true,"href":"https:\/\/uj.adatbank.ro\/lexikon\/wp-json\/wp\/v2\/comments?post=17129"}],"wp:attachment":[{"href":"https:\/\/uj.adatbank.ro\/lexikon\/wp-json\/wp\/v2\/media?parent=17129"}],"wp:term":[{"taxonomy":"product_brand","embeddable":true,"href":"https:\/\/uj.adatbank.ro\/lexikon\/wp-json\/wp\/v2\/product_brand?post=17129"},{"taxonomy":"product_cat","embeddable":true,"href":"https:\/\/uj.adatbank.ro\/lexikon\/wp-json\/wp\/v2\/product_cat?post=17129"},{"taxonomy":"product_tag","embeddable":true,"href":"https:\/\/uj.adatbank.ro\/lexikon\/wp-json\/wp\/v2\/product_tag?post=17129"}],"curies":[{"name":"wp","href":"https:\/\/api.w.org\/{rel}","templated":true}]}}