{"id":17131,"date":"2025-07-15T23:42:04","date_gmt":"2025-07-15T21:42:04","guid":{"rendered":"https:\/\/uj.adatbank.ro\/lexikon\/termek\/orban-laszlo-2\/"},"modified":"2025-07-15T23:42:04","modified_gmt":"2025-07-15T21:42:04","slug":"orban-laszlo-2","status":"publish","type":"product","link":"https:\/\/uj.adatbank.ro\/lexikon\/termek\/orban-laszlo-2\/","title":{"rendered":"ORB\u00c1N L\u00e1szl\u00f3"},"content":{"rendered":"<p>K\u00e9zdim\u00e1rkosfalva (Kov.), 1888., \u2020\u00a0? : s\u00fct\u0151mester. \u2013 Iskol\u00e1i elv\u00e9gz\u00e9se ut\u00e1n a s\u00fct\u0151ipart tanulta, majd \u00f6n\u00e1ll\u00f3 mester lett Mv.-en, \u00fczlet\u00e9ben 3\u20134 alkalmazottat tartott, tekint\u00e9lyes polg\u00e1ra volt a v\u00e1rosnak. Az els\u0151 vh.-ban az orosz fronton harcolt.. <br \/><strong>Irod.:<\/strong> Sz\u00e9kelyf\u00f6ld \u00ed.k.<\/br><\/p>\n","protected":false},"excerpt":{"rendered":"<p>K\u00e9zdim\u00e1rkosfalva (Kov.), 1888., \u2020\u00a0? : s\u00fct\u0151mester. \u2013 Iskol\u00e1i elv\u00e9gz\u00e9se ut\u00e1n a s\u00fct\u0151ipart tanulta, majd \u00f6n\u00e1ll\u00f3 mester lett Mv.-en, \u00fczlet\u00e9ben 3\u20134 alkalmazottat tartott, tekint\u00e9lyes polg\u00e1ra volt a v\u00e1rosnak. Az els\u0151 vh.-ban az orosz fronton harcolt.. Irod.: Sz\u00e9kelyf\u00f6ld \u00ed.k.<\/p>\n","protected":false},"featured_media":0,"comment_status":"open","ping_status":"closed","template":"","meta":[],"product_brand":[],"product_cat":[137],"product_tag":[],"class_list":{"0":"post-17131","1":"product","2":"type-product","3":"status-publish","5":"product_cat-maros-megyei-eletrajzi-lexikon","7":"first","8":"instock","9":"shipping-taxable","10":"product-type-simple"},"_links":{"self":[{"href":"https:\/\/uj.adatbank.ro\/lexikon\/wp-json\/wp\/v2\/product\/17131","targetHints":{"allow":["GET"]}}],"collection":[{"href":"https:\/\/uj.adatbank.ro\/lexikon\/wp-json\/wp\/v2\/product"}],"about":[{"href":"https:\/\/uj.adatbank.ro\/lexikon\/wp-json\/wp\/v2\/types\/product"}],"replies":[{"embeddable":true,"href":"https:\/\/uj.adatbank.ro\/lexikon\/wp-json\/wp\/v2\/comments?post=17131"}],"wp:attachment":[{"href":"https:\/\/uj.adatbank.ro\/lexikon\/wp-json\/wp\/v2\/media?parent=17131"}],"wp:term":[{"taxonomy":"product_brand","embeddable":true,"href":"https:\/\/uj.adatbank.ro\/lexikon\/wp-json\/wp\/v2\/product_brand?post=17131"},{"taxonomy":"product_cat","embeddable":true,"href":"https:\/\/uj.adatbank.ro\/lexikon\/wp-json\/wp\/v2\/product_cat?post=17131"},{"taxonomy":"product_tag","embeddable":true,"href":"https:\/\/uj.adatbank.ro\/lexikon\/wp-json\/wp\/v2\/product_tag?post=17131"}],"curies":[{"name":"wp","href":"https:\/\/api.w.org\/{rel}","templated":true}]}}