{"id":17135,"date":"2025-07-15T23:42:10","date_gmt":"2025-07-15T21:42:10","guid":{"rendered":"https:\/\/uj.adatbank.ro\/lexikon\/termek\/orban-miklos-2\/"},"modified":"2025-07-15T23:42:10","modified_gmt":"2025-07-15T21:42:10","slug":"orban-miklos-2","status":"publish","type":"product","link":"https:\/\/uj.adatbank.ro\/lexikon\/termek\/orban-miklos-2\/","title":{"rendered":"ORB\u00c1N Mikl\u00f3s"},"content":{"rendered":"<p>1819.? \u2020\u00a0Mv., 1870. m\u00e1j. 17.: f\u0151hadnagy. \u2013 Testv\u00e9rei: O. K\u00e1rolina Rosnyai J\u00f3zsefn\u00e9 (1816.? \u2013 Mv., 1874. m\u00e1j. 26.); O. Anna Szarvady Lajosn\u00e9; O. J\u00f3zsef, O. Domokos. Feles\u00e9ge: Rosnyai Eszter. \u2013 A m. kir. honv\u00e9d f\u0151hadnagy a 27. honv\u00e9d z\u00e1szl\u00f3alj tisztikar\u00e1ban volt. <br \/><strong>Irod.:<\/strong> Gy\u00e1szjelent\u0151<\/br><\/p>\n","protected":false},"excerpt":{"rendered":"<p>1819.? \u2020\u00a0Mv., 1870. m\u00e1j. 17.: f\u0151hadnagy. \u2013 Testv\u00e9rei: O. K\u00e1rolina Rosnyai J\u00f3zsefn\u00e9 (1816.? \u2013 Mv., 1874. m\u00e1j. 26.); O. Anna Szarvady Lajosn\u00e9; O. J\u00f3zsef, O. Domokos. Feles\u00e9ge: Rosnyai Eszter. \u2013 A m. kir. honv\u00e9d f\u0151hadnagy a 27. honv\u00e9d z\u00e1szl\u00f3alj tisztikar\u00e1ban volt. Irod.: Gy\u00e1szjelent\u0151<\/p>\n","protected":false},"featured_media":0,"comment_status":"open","ping_status":"closed","template":"","meta":[],"product_brand":[],"product_cat":[137],"product_tag":[],"class_list":{"0":"post-17135","1":"product","2":"type-product","3":"status-publish","5":"product_cat-maros-megyei-eletrajzi-lexikon","7":"first","8":"instock","9":"shipping-taxable","10":"product-type-simple"},"_links":{"self":[{"href":"https:\/\/uj.adatbank.ro\/lexikon\/wp-json\/wp\/v2\/product\/17135","targetHints":{"allow":["GET"]}}],"collection":[{"href":"https:\/\/uj.adatbank.ro\/lexikon\/wp-json\/wp\/v2\/product"}],"about":[{"href":"https:\/\/uj.adatbank.ro\/lexikon\/wp-json\/wp\/v2\/types\/product"}],"replies":[{"embeddable":true,"href":"https:\/\/uj.adatbank.ro\/lexikon\/wp-json\/wp\/v2\/comments?post=17135"}],"wp:attachment":[{"href":"https:\/\/uj.adatbank.ro\/lexikon\/wp-json\/wp\/v2\/media?parent=17135"}],"wp:term":[{"taxonomy":"product_brand","embeddable":true,"href":"https:\/\/uj.adatbank.ro\/lexikon\/wp-json\/wp\/v2\/product_brand?post=17135"},{"taxonomy":"product_cat","embeddable":true,"href":"https:\/\/uj.adatbank.ro\/lexikon\/wp-json\/wp\/v2\/product_cat?post=17135"},{"taxonomy":"product_tag","embeddable":true,"href":"https:\/\/uj.adatbank.ro\/lexikon\/wp-json\/wp\/v2\/product_tag?post=17135"}],"curies":[{"name":"wp","href":"https:\/\/api.w.org\/{rel}","templated":true}]}}