{"id":17136,"date":"2025-07-15T23:42:14","date_gmt":"2025-07-15T21:42:14","guid":{"rendered":"https:\/\/uj.adatbank.ro\/lexikon\/termek\/orban-miklos-3\/"},"modified":"2025-07-15T23:42:14","modified_gmt":"2025-07-15T21:42:14","slug":"orban-miklos-3","status":"publish","type":"product","link":"https:\/\/uj.adatbank.ro\/lexikon\/termek\/orban-miklos-3\/","title":{"rendered":"ORB\u00c1N Mikl\u00f3s"},"content":{"rendered":"<p>? \u2020\u00a0?: \u00fcgyv\u00e9d, f\u00f6ldbirtokos. \u2013 T\u00e1bla \u00fcgyv\u00e9dje (1848). F\u00f6ldbirtokos Mez\u0151s\u00e1msondon. A ref. egyh\u00e1z patr\u00f3nusa is volt. Saj\u00e1t telk\u00e9t adom\u00e1nyozta a rom\u00e1n egyh\u00e1znak, ahol ma az ortodox templom \u00e1ll, a r\u00e9gi v\u00e1lyogb\u00f3l \u00e9p\u00fclt rom\u00e1n iskola helyett \u00faj iskol\u00e1t \u00e9s tan\u00edt\u00f3i lak\u00e1st \u00e9p\u00edtettek r\u00e1 (1919\u2013). A mv.-i Kir. Az EMKE alap\u00edt\u00f3 \u00e9s \u00f6r\u00f6k\u00f6s tagja volt. <br \/><strong>Irod.:<\/strong> Mez\u0151s\u00e1msond; S\u00e1ndor<\/br><\/p>\n","protected":false},"excerpt":{"rendered":"<p>? \u2020\u00a0?: \u00fcgyv\u00e9d, f\u00f6ldbirtokos. \u2013 T\u00e1bla \u00fcgyv\u00e9dje (1848). F\u00f6ldbirtokos Mez\u0151s\u00e1msondon. A ref. egyh\u00e1z patr\u00f3nusa is volt. Saj\u00e1t telk\u00e9t adom\u00e1nyozta a rom\u00e1n egyh\u00e1znak, ahol ma az ortodox templom \u00e1ll, a r\u00e9gi v\u00e1lyogb\u00f3l \u00e9p\u00fclt rom\u00e1n iskola helyett \u00faj iskol\u00e1t \u00e9s tan\u00edt\u00f3i lak\u00e1st \u00e9p\u00edtettek r\u00e1 (1919\u2013). A mv.-i Kir. Az EMKE alap\u00edt\u00f3 \u00e9s \u00f6r\u00f6k\u00f6s tagja volt. Irod.: Mez\u0151s\u00e1msond; [&hellip;]<\/p>\n","protected":false},"featured_media":0,"comment_status":"open","ping_status":"closed","template":"","meta":[],"product_brand":[],"product_cat":[137],"product_tag":[],"class_list":{"0":"post-17136","1":"product","2":"type-product","3":"status-publish","5":"product_cat-maros-megyei-eletrajzi-lexikon","7":"first","8":"instock","9":"shipping-taxable","10":"product-type-simple"},"_links":{"self":[{"href":"https:\/\/uj.adatbank.ro\/lexikon\/wp-json\/wp\/v2\/product\/17136","targetHints":{"allow":["GET"]}}],"collection":[{"href":"https:\/\/uj.adatbank.ro\/lexikon\/wp-json\/wp\/v2\/product"}],"about":[{"href":"https:\/\/uj.adatbank.ro\/lexikon\/wp-json\/wp\/v2\/types\/product"}],"replies":[{"embeddable":true,"href":"https:\/\/uj.adatbank.ro\/lexikon\/wp-json\/wp\/v2\/comments?post=17136"}],"wp:attachment":[{"href":"https:\/\/uj.adatbank.ro\/lexikon\/wp-json\/wp\/v2\/media?parent=17136"}],"wp:term":[{"taxonomy":"product_brand","embeddable":true,"href":"https:\/\/uj.adatbank.ro\/lexikon\/wp-json\/wp\/v2\/product_brand?post=17136"},{"taxonomy":"product_cat","embeddable":true,"href":"https:\/\/uj.adatbank.ro\/lexikon\/wp-json\/wp\/v2\/product_cat?post=17136"},{"taxonomy":"product_tag","embeddable":true,"href":"https:\/\/uj.adatbank.ro\/lexikon\/wp-json\/wp\/v2\/product_tag?post=17136"}],"curies":[{"name":"wp","href":"https:\/\/api.w.org\/{rel}","templated":true}]}}