{"id":17140,"date":"2025-07-15T23:42:21","date_gmt":"2025-07-15T21:42:21","guid":{"rendered":"https:\/\/uj.adatbank.ro\/lexikon\/termek\/orban-piri\/"},"modified":"2025-07-15T23:42:21","modified_gmt":"2025-07-15T21:42:21","slug":"orban-piri","status":"publish","type":"product","link":"https:\/\/uj.adatbank.ro\/lexikon\/termek\/orban-piri\/","title":{"rendered":"ORB\u00c1N Piri"},"content":{"rendered":"<p>? \u2020 ? : sz\u00edn\u00e9szn\u0151. \u2013 a Mv. Sz\u00e9kely Sz\u00ednh\u00e1zban m\u0171k\u00f6d\u00f6tt (1946\u20131947 ). \u2013 <strong>F. sz.:<\/strong> Mici (K\u00e1lm\u00e1n Imre: Cs\u00e1rd\u00e1skir\u00e1lyn\u0151); III. Matr\u00f3z (***Marci, mint Robinson); R\u00e9zi, szolg\u00e1l\u00f3 (F\u00e9nyes Szabolcs: V\u00e9n di\u00f3fa). <br \/><strong>Irod.:<\/strong> Horv\u00e1th Bea<\/br><\/p>\n","protected":false},"excerpt":{"rendered":"<p>? \u2020 ? : sz\u00edn\u00e9szn\u0151. \u2013 a Mv. Sz\u00e9kely Sz\u00ednh\u00e1zban m\u0171k\u00f6d\u00f6tt (1946\u20131947 ). \u2013 F. sz.: Mici (K\u00e1lm\u00e1n Imre: Cs\u00e1rd\u00e1skir\u00e1lyn\u0151); III. Matr\u00f3z (***Marci, mint Robinson); R\u00e9zi, szolg\u00e1l\u00f3 (F\u00e9nyes Szabolcs: V\u00e9n di\u00f3fa). Irod.: Horv\u00e1th Bea<\/p>\n","protected":false},"featured_media":0,"comment_status":"open","ping_status":"closed","template":"","meta":[],"product_brand":[],"product_cat":[137],"product_tag":[],"class_list":{"0":"post-17140","1":"product","2":"type-product","3":"status-publish","5":"product_cat-maros-megyei-eletrajzi-lexikon","7":"first","8":"instock","9":"shipping-taxable","10":"product-type-simple"},"_links":{"self":[{"href":"https:\/\/uj.adatbank.ro\/lexikon\/wp-json\/wp\/v2\/product\/17140","targetHints":{"allow":["GET"]}}],"collection":[{"href":"https:\/\/uj.adatbank.ro\/lexikon\/wp-json\/wp\/v2\/product"}],"about":[{"href":"https:\/\/uj.adatbank.ro\/lexikon\/wp-json\/wp\/v2\/types\/product"}],"replies":[{"embeddable":true,"href":"https:\/\/uj.adatbank.ro\/lexikon\/wp-json\/wp\/v2\/comments?post=17140"}],"wp:attachment":[{"href":"https:\/\/uj.adatbank.ro\/lexikon\/wp-json\/wp\/v2\/media?parent=17140"}],"wp:term":[{"taxonomy":"product_brand","embeddable":true,"href":"https:\/\/uj.adatbank.ro\/lexikon\/wp-json\/wp\/v2\/product_brand?post=17140"},{"taxonomy":"product_cat","embeddable":true,"href":"https:\/\/uj.adatbank.ro\/lexikon\/wp-json\/wp\/v2\/product_cat?post=17140"},{"taxonomy":"product_tag","embeddable":true,"href":"https:\/\/uj.adatbank.ro\/lexikon\/wp-json\/wp\/v2\/product_tag?post=17140"}],"curies":[{"name":"wp","href":"https:\/\/api.w.org\/{rel}","templated":true}]}}