{"id":17142,"date":"2025-07-15T23:42:26","date_gmt":"2025-07-15T21:42:26","guid":{"rendered":"https:\/\/uj.adatbank.ro\/lexikon\/termek\/orban-rozalia-bolyai-janosne\/"},"modified":"2025-07-15T23:42:26","modified_gmt":"2025-07-15T21:42:26","slug":"orban-rozalia-bolyai-janosne","status":"publish","type":"product","link":"https:\/\/uj.adatbank.ro\/lexikon\/termek\/orban-rozalia-bolyai-janosne\/","title":{"rendered":"ORB\u00c1N Roz\u00e1lia, Bolyai J\u00e1nosn\u00e9"},"content":{"rendered":"<p>K\u00f3rodszentm\u00e1rton, 1818, esetleg 1810 vagy 1806., \u2020\u00a0Br\u0103ila, 1872.: Bolyai J\u00e1nos \u00e9lett\u00e1rsa (1837\u2013), feles\u00e9ge. Gyermekeik: B. D\u00e9nes, B. Am\u00e1lia \u00e9s Gyula. \u2013 Mivel polg\u00e1ri sz\u00e1rmaz\u00e1s\u00fa l\u00e1nyt szeretett volna feles\u00e9g\u00fcl venni, Bolyai J\u00e1nosnak hi\u00e1nyzott az anyagi fedezete a kauci\u00f3 let\u00e9tel\u00e9hez, ez\u00e9rt majd m\u00e1sf\u00e9l \u00e9vtizedes egy\u00fcttl\u00e9t ut\u00e1n tudta csak feles\u00e9g\u00fcl venni (1849. m\u00e1j. 18.). Felbomlott a csal\u00e1d (1858), elk\u00f6lt\u00f6z\u00f6tt Mv.-r\u0151l, K\u00f3r\u00f3dszentm\u00e1rtonban, majd Kv.-on \u00e9lt rokonokn\u00e1l \u00e9s v\u00e9g\u00fcl, le\u00e1ny\u00e1hoz k\u00f6lt\u00f6z\u00f6tt Br\u0103ilaba \u00e9s ott is halt meg. M\u00e9g \u00e1ll K\u00f3r\u00f3dszentm\u00e1rtonban a sz\u00fcl\u0151h\u00e1za. <br \/><strong>Irod.:<\/strong> Apa \u00e9s fi\u00fa k\u00fczdelme a k\u00f3rokkal (Mv., 2005)<\/br><\/p>\n","protected":false},"excerpt":{"rendered":"<p>K\u00f3rodszentm\u00e1rton, 1818, esetleg 1810 vagy 1806., \u2020\u00a0Br\u0103ila, 1872.: Bolyai J\u00e1nos \u00e9lett\u00e1rsa (1837\u2013), feles\u00e9ge. Gyermekeik: B. D\u00e9nes, B. Am\u00e1lia \u00e9s Gyula. \u2013 Mivel polg\u00e1ri sz\u00e1rmaz\u00e1s\u00fa l\u00e1nyt szeretett volna feles\u00e9g\u00fcl venni, Bolyai J\u00e1nosnak hi\u00e1nyzott az anyagi fedezete a kauci\u00f3 let\u00e9tel\u00e9hez, ez\u00e9rt majd m\u00e1sf\u00e9l \u00e9vtizedes egy\u00fcttl\u00e9t ut\u00e1n tudta csak feles\u00e9g\u00fcl venni (1849. m\u00e1j. 18.). Felbomlott a csal\u00e1d (1858), [&hellip;]<\/p>\n","protected":false},"featured_media":0,"comment_status":"open","ping_status":"closed","template":"","meta":[],"product_brand":[],"product_cat":[137],"product_tag":[],"class_list":{"0":"post-17142","1":"product","2":"type-product","3":"status-publish","5":"product_cat-maros-megyei-eletrajzi-lexikon","7":"first","8":"instock","9":"shipping-taxable","10":"product-type-simple"},"_links":{"self":[{"href":"https:\/\/uj.adatbank.ro\/lexikon\/wp-json\/wp\/v2\/product\/17142","targetHints":{"allow":["GET"]}}],"collection":[{"href":"https:\/\/uj.adatbank.ro\/lexikon\/wp-json\/wp\/v2\/product"}],"about":[{"href":"https:\/\/uj.adatbank.ro\/lexikon\/wp-json\/wp\/v2\/types\/product"}],"replies":[{"embeddable":true,"href":"https:\/\/uj.adatbank.ro\/lexikon\/wp-json\/wp\/v2\/comments?post=17142"}],"wp:attachment":[{"href":"https:\/\/uj.adatbank.ro\/lexikon\/wp-json\/wp\/v2\/media?parent=17142"}],"wp:term":[{"taxonomy":"product_brand","embeddable":true,"href":"https:\/\/uj.adatbank.ro\/lexikon\/wp-json\/wp\/v2\/product_brand?post=17142"},{"taxonomy":"product_cat","embeddable":true,"href":"https:\/\/uj.adatbank.ro\/lexikon\/wp-json\/wp\/v2\/product_cat?post=17142"},{"taxonomy":"product_tag","embeddable":true,"href":"https:\/\/uj.adatbank.ro\/lexikon\/wp-json\/wp\/v2\/product_tag?post=17142"}],"curies":[{"name":"wp","href":"https:\/\/api.w.org\/{rel}","templated":true}]}}