{"id":17143,"date":"2025-07-15T23:42:27","date_gmt":"2025-07-15T21:42:27","guid":{"rendered":"https:\/\/uj.adatbank.ro\/lexikon\/termek\/orban-sandor\/"},"modified":"2025-07-15T23:42:27","modified_gmt":"2025-07-15T21:42:27","slug":"orban-sandor","status":"publish","type":"product","link":"https:\/\/uj.adatbank.ro\/lexikon\/termek\/orban-sandor\/","title":{"rendered":"ORB\u00c1N S\u00e1ndor"},"content":{"rendered":"<p>? \u2020\u00a0?: tan\u00edt\u00f3. \u2013 El\u0151bb Ber\u00e9ben majd Ilencfalv\u00e1n \u00e9s Lukafalv\u00e1n tan\u00edtott (1823\u201329). Orb\u00e1n Bal\u00e1zs szerint neki k\u00f6sz\u00f6nhet\u0151 a z\u00f6lds\u00e9gtermeszt\u00e9s meghonos\u00edt\u00e1sa\u00a0a Ny\u00e1r\u00e1dment\u00e9n. Szenved\u00e9lyes kert\u00e9sz volt. Gergely Lajos szerint f\u0151leg a celler termeszt\u00e9s\u00e9t honos\u00edtotta meg. \u2013 Irod. : Benk\u0151 Samu<\/br><\/p>\n","protected":false},"excerpt":{"rendered":"<p>? \u2020\u00a0?: tan\u00edt\u00f3. \u2013 El\u0151bb Ber\u00e9ben majd Ilencfalv\u00e1n \u00e9s Lukafalv\u00e1n tan\u00edtott (1823\u201329). Orb\u00e1n Bal\u00e1zs szerint neki k\u00f6sz\u00f6nhet\u0151 a z\u00f6lds\u00e9gtermeszt\u00e9s meghonos\u00edt\u00e1sa\u00a0a Ny\u00e1r\u00e1dment\u00e9n. Szenved\u00e9lyes kert\u00e9sz volt. Gergely Lajos szerint f\u0151leg a celler termeszt\u00e9s\u00e9t honos\u00edtotta meg. \u2013 Irod. : Benk\u0151 Samu<\/p>\n","protected":false},"featured_media":0,"comment_status":"open","ping_status":"closed","template":"","meta":[],"product_brand":[],"product_cat":[137],"product_tag":[],"class_list":{"0":"post-17143","1":"product","2":"type-product","3":"status-publish","5":"product_cat-maros-megyei-eletrajzi-lexikon","7":"first","8":"instock","9":"shipping-taxable","10":"product-type-simple"},"_links":{"self":[{"href":"https:\/\/uj.adatbank.ro\/lexikon\/wp-json\/wp\/v2\/product\/17143","targetHints":{"allow":["GET"]}}],"collection":[{"href":"https:\/\/uj.adatbank.ro\/lexikon\/wp-json\/wp\/v2\/product"}],"about":[{"href":"https:\/\/uj.adatbank.ro\/lexikon\/wp-json\/wp\/v2\/types\/product"}],"replies":[{"embeddable":true,"href":"https:\/\/uj.adatbank.ro\/lexikon\/wp-json\/wp\/v2\/comments?post=17143"}],"wp:attachment":[{"href":"https:\/\/uj.adatbank.ro\/lexikon\/wp-json\/wp\/v2\/media?parent=17143"}],"wp:term":[{"taxonomy":"product_brand","embeddable":true,"href":"https:\/\/uj.adatbank.ro\/lexikon\/wp-json\/wp\/v2\/product_brand?post=17143"},{"taxonomy":"product_cat","embeddable":true,"href":"https:\/\/uj.adatbank.ro\/lexikon\/wp-json\/wp\/v2\/product_cat?post=17143"},{"taxonomy":"product_tag","embeddable":true,"href":"https:\/\/uj.adatbank.ro\/lexikon\/wp-json\/wp\/v2\/product_tag?post=17143"}],"curies":[{"name":"wp","href":"https:\/\/api.w.org\/{rel}","templated":true}]}}