{"id":17145,"date":"2025-07-15T23:42:31","date_gmt":"2025-07-15T21:42:31","guid":{"rendered":"https:\/\/uj.adatbank.ro\/lexikon\/termek\/orban-sandorne-medvesy\/"},"modified":"2025-07-15T23:42:31","modified_gmt":"2025-07-15T21:42:31","slug":"orban-sandorne-medvesy","status":"publish","type":"product","link":"https:\/\/uj.adatbank.ro\/lexikon\/termek\/orban-sandorne-medvesy\/","title":{"rendered":"ORB\u00c1N S\u00e1ndorn\u00e9; Medv\u00e9sy"},"content":{"rendered":"<p>1874., \u2020\u00a0?: malomtulajdonos. \u2013 F\u00e9rjhez ment Orb\u00e1n S\u00e1ndorhoz (1896), aki tekint\u00e9lyes moln\u00e1rmester volt Ny\u00e1r\u00e1dszered\u00e1ban. F\u00e9rje hal\u00e1la ut\u00e1n csal\u00e1dj\u00e1val k\u00f6z\u00f6sen vezette a malmot, ahol 5\u20136 \u00e1lland\u00f3 alkalmazott volt. <br \/><strong>Irod.:<\/strong> Sz\u00e9kelyf\u00f6ld \u00ed.k.\u00a0; Visnai<\/br><\/p>\n","protected":false},"excerpt":{"rendered":"<p>1874., \u2020\u00a0?: malomtulajdonos. \u2013 F\u00e9rjhez ment Orb\u00e1n S\u00e1ndorhoz (1896), aki tekint\u00e9lyes moln\u00e1rmester volt Ny\u00e1r\u00e1dszered\u00e1ban. F\u00e9rje hal\u00e1la ut\u00e1n csal\u00e1dj\u00e1val k\u00f6z\u00f6sen vezette a malmot, ahol 5\u20136 \u00e1lland\u00f3 alkalmazott volt. Irod.: Sz\u00e9kelyf\u00f6ld \u00ed.k.\u00a0; Visnai<\/p>\n","protected":false},"featured_media":0,"comment_status":"open","ping_status":"closed","template":"","meta":[],"product_brand":[],"product_cat":[137],"product_tag":[],"class_list":{"0":"post-17145","1":"product","2":"type-product","3":"status-publish","5":"product_cat-maros-megyei-eletrajzi-lexikon","7":"first","8":"instock","9":"shipping-taxable","10":"product-type-simple"},"_links":{"self":[{"href":"https:\/\/uj.adatbank.ro\/lexikon\/wp-json\/wp\/v2\/product\/17145","targetHints":{"allow":["GET"]}}],"collection":[{"href":"https:\/\/uj.adatbank.ro\/lexikon\/wp-json\/wp\/v2\/product"}],"about":[{"href":"https:\/\/uj.adatbank.ro\/lexikon\/wp-json\/wp\/v2\/types\/product"}],"replies":[{"embeddable":true,"href":"https:\/\/uj.adatbank.ro\/lexikon\/wp-json\/wp\/v2\/comments?post=17145"}],"wp:attachment":[{"href":"https:\/\/uj.adatbank.ro\/lexikon\/wp-json\/wp\/v2\/media?parent=17145"}],"wp:term":[{"taxonomy":"product_brand","embeddable":true,"href":"https:\/\/uj.adatbank.ro\/lexikon\/wp-json\/wp\/v2\/product_brand?post=17145"},{"taxonomy":"product_cat","embeddable":true,"href":"https:\/\/uj.adatbank.ro\/lexikon\/wp-json\/wp\/v2\/product_cat?post=17145"},{"taxonomy":"product_tag","embeddable":true,"href":"https:\/\/uj.adatbank.ro\/lexikon\/wp-json\/wp\/v2\/product_tag?post=17145"}],"curies":[{"name":"wp","href":"https:\/\/api.w.org\/{rel}","templated":true}]}}