{"id":17148,"date":"2025-07-15T23:42:39","date_gmt":"2025-07-15T21:42:39","guid":{"rendered":"https:\/\/uj.adatbank.ro\/lexikon\/termek\/orbok-eva-maria\/"},"modified":"2025-07-15T23:42:39","modified_gmt":"2025-07-15T21:42:39","slug":"orbok-eva-maria","status":"publish","type":"product","link":"https:\/\/uj.adatbank.ro\/lexikon\/termek\/orbok-eva-maria\/","title":{"rendered":"ORB\u00d3K \u00c9va-M\u00e1ria"},"content":{"rendered":"<p>1921. j\u00fal. 2. \u2020\u00a0?: Bp.-en a P\u00e1zm\u00e1ny P\u00e9ter egyetem b\u00f6lcs\u00e9sz kar\u00e1n magyar irodalom \u00e9s m\u0171v\u00e9szett\u00f6rt\u00e9netb\u0151l doktor\u00e1lt (1946). Sz\u00e1va J\u00e1nos Zolt\u00e1n dr. feles\u00e9ge. <br \/><strong>Irod.:<\/strong> Sz\u00e1va<\/br><\/p>\n","protected":false},"excerpt":{"rendered":"<p>1921. j\u00fal. 2. \u2020\u00a0?: Bp.-en a P\u00e1zm\u00e1ny P\u00e9ter egyetem b\u00f6lcs\u00e9sz kar\u00e1n magyar irodalom \u00e9s m\u0171v\u00e9szett\u00f6rt\u00e9netb\u0151l doktor\u00e1lt (1946). Sz\u00e1va J\u00e1nos Zolt\u00e1n dr. feles\u00e9ge. Irod.: Sz\u00e1va<\/p>\n","protected":false},"featured_media":0,"comment_status":"open","ping_status":"closed","template":"","meta":[],"product_brand":[],"product_cat":[137],"product_tag":[],"class_list":{"0":"post-17148","1":"product","2":"type-product","3":"status-publish","5":"product_cat-maros-megyei-eletrajzi-lexikon","7":"first","8":"instock","9":"shipping-taxable","10":"product-type-simple"},"_links":{"self":[{"href":"https:\/\/uj.adatbank.ro\/lexikon\/wp-json\/wp\/v2\/product\/17148","targetHints":{"allow":["GET"]}}],"collection":[{"href":"https:\/\/uj.adatbank.ro\/lexikon\/wp-json\/wp\/v2\/product"}],"about":[{"href":"https:\/\/uj.adatbank.ro\/lexikon\/wp-json\/wp\/v2\/types\/product"}],"replies":[{"embeddable":true,"href":"https:\/\/uj.adatbank.ro\/lexikon\/wp-json\/wp\/v2\/comments?post=17148"}],"wp:attachment":[{"href":"https:\/\/uj.adatbank.ro\/lexikon\/wp-json\/wp\/v2\/media?parent=17148"}],"wp:term":[{"taxonomy":"product_brand","embeddable":true,"href":"https:\/\/uj.adatbank.ro\/lexikon\/wp-json\/wp\/v2\/product_brand?post=17148"},{"taxonomy":"product_cat","embeddable":true,"href":"https:\/\/uj.adatbank.ro\/lexikon\/wp-json\/wp\/v2\/product_cat?post=17148"},{"taxonomy":"product_tag","embeddable":true,"href":"https:\/\/uj.adatbank.ro\/lexikon\/wp-json\/wp\/v2\/product_tag?post=17148"}],"curies":[{"name":"wp","href":"https:\/\/api.w.org\/{rel}","templated":true}]}}