{"id":17153,"date":"2025-07-15T23:42:47","date_gmt":"2025-07-15T21:42:47","guid":{"rendered":"https:\/\/uj.adatbank.ro\/lexikon\/termek\/ordog-andras\/"},"modified":"2025-07-15T23:42:47","modified_gmt":"2025-07-15T21:42:47","slug":"ordog-andras","status":"publish","type":"product","link":"https:\/\/uj.adatbank.ro\/lexikon\/termek\/ordog-andras\/","title":{"rendered":"\u00d6RD\u00d6G Andr\u00e1s"},"content":{"rendered":"<p>Holtmaros, 1949., \u2020 Kov\u00e1szna, 2008 \u00e1pr. 24, eltemetve Marosmagyar\u00f3n: jog\u00e1sz, a Kov\u00e1szna Megyei T\u00f6rv\u00e9nysz\u00e9k eln\u00f6ke. <br \/><strong>Irod.:<\/strong> [Nekrol\u00f3g] (N\u00fa., 2008. \u00e1pr. 24.)<\/br><\/p>\n","protected":false},"excerpt":{"rendered":"<p>Holtmaros, 1949., \u2020 Kov\u00e1szna, 2008 \u00e1pr. 24, eltemetve Marosmagyar\u00f3n: jog\u00e1sz, a Kov\u00e1szna Megyei T\u00f6rv\u00e9nysz\u00e9k eln\u00f6ke. Irod.: [Nekrol\u00f3g] (N\u00fa., 2008. \u00e1pr. 24.)<\/p>\n","protected":false},"featured_media":0,"comment_status":"open","ping_status":"closed","template":"","meta":[],"product_brand":[],"product_cat":[137],"product_tag":[],"class_list":{"0":"post-17153","1":"product","2":"type-product","3":"status-publish","5":"product_cat-maros-megyei-eletrajzi-lexikon","7":"first","8":"instock","9":"shipping-taxable","10":"product-type-simple"},"_links":{"self":[{"href":"https:\/\/uj.adatbank.ro\/lexikon\/wp-json\/wp\/v2\/product\/17153","targetHints":{"allow":["GET"]}}],"collection":[{"href":"https:\/\/uj.adatbank.ro\/lexikon\/wp-json\/wp\/v2\/product"}],"about":[{"href":"https:\/\/uj.adatbank.ro\/lexikon\/wp-json\/wp\/v2\/types\/product"}],"replies":[{"embeddable":true,"href":"https:\/\/uj.adatbank.ro\/lexikon\/wp-json\/wp\/v2\/comments?post=17153"}],"wp:attachment":[{"href":"https:\/\/uj.adatbank.ro\/lexikon\/wp-json\/wp\/v2\/media?parent=17153"}],"wp:term":[{"taxonomy":"product_brand","embeddable":true,"href":"https:\/\/uj.adatbank.ro\/lexikon\/wp-json\/wp\/v2\/product_brand?post=17153"},{"taxonomy":"product_cat","embeddable":true,"href":"https:\/\/uj.adatbank.ro\/lexikon\/wp-json\/wp\/v2\/product_cat?post=17153"},{"taxonomy":"product_tag","embeddable":true,"href":"https:\/\/uj.adatbank.ro\/lexikon\/wp-json\/wp\/v2\/product_tag?post=17153"}],"curies":[{"name":"wp","href":"https:\/\/api.w.org\/{rel}","templated":true}]}}