{"id":17154,"date":"2025-07-15T23:42:49","date_gmt":"2025-07-15T21:42:49","guid":{"rendered":"https:\/\/uj.adatbank.ro\/lexikon\/termek\/ordog-gyorgy\/"},"modified":"2025-07-15T23:42:49","modified_gmt":"2025-07-15T21:42:49","slug":"ordog-gyorgy","status":"publish","type":"product","link":"https:\/\/uj.adatbank.ro\/lexikon\/termek\/ordog-gyorgy\/","title":{"rendered":"\u00d6RD\u00d6G Gy\u0151rgy"},"content":{"rendered":"<p>Magyar\u00f3, 196. m\u00e1j. 28., \u2020Magyar\u00f3, 2008. febr. 28. :csend\u0151r. \u2013 \u0150rd\u0151g Mih\u00e1ly \u00e9s Kocsis Anna fia. Feles\u00e9ge Sz\u0151cs Katalin (sz. 1923). \u2013 Rom\u00e1n sorkatonai szolg\u00e1lat ut\u00e1n jelentkezett a M. Kir. Csend\u0151rs\u00e9ghez. Ungv\u00e1ron v\u00e9gzett \u00e1tk\u00e9pz\u0151 csend\u00f6riskolai tanfolyamot (1941. jan. 1. A mv.-i X. csend\u0151rker\u00fcletben v\u00e9gleges\u00edtett\u00e9k (1942. j\u00fal.) \u0150rszolg\u00e1latot a zetelaki \u0151rs\u00f6n teljes\u00edtett. A mak\u00f3i gyalogsz\u00e1zadn\u00e1l els\u0151nek v\u00e9gzett j\u00e1r\u0151rt\u00e1rsi iskol\u00e1t (1943. aug.). Orosz hadifogs\u00e1gba esett.(1945-ben szabadult) \u00e9s Magyar\u00f3ra t\u00e9rt haza. A sz\u00e1szr\u00e9geni fakitermel\u0151 v\u00e1llalatn\u00e1l, a v\u00e1llalat oszt\u00e1lyvezet\u0151je (1955\u20131968). Elv\u00e9gezte a cs\u00edkszeredai erd\u00e9szeti iskol\u00e1t, \u00e9s \u00e9retts\u00e9gi oklevelet szerzett.<br \/><strong>Irod.:<\/strong> Nemes \u2013 Csend\u0151rs\u00e9g<\/br><\/p>\n","protected":false},"excerpt":{"rendered":"<p>Magyar\u00f3, 196. m\u00e1j. 28., \u2020Magyar\u00f3, 2008. febr. 28. :csend\u0151r. \u2013 \u0150rd\u0151g Mih\u00e1ly \u00e9s Kocsis Anna fia. Feles\u00e9ge Sz\u0151cs Katalin (sz. 1923). \u2013 Rom\u00e1n sorkatonai szolg\u00e1lat ut\u00e1n jelentkezett a M. Kir. Csend\u0151rs\u00e9ghez. Ungv\u00e1ron v\u00e9gzett \u00e1tk\u00e9pz\u0151 csend\u00f6riskolai tanfolyamot (1941. jan. 1. A mv.-i X. csend\u0151rker\u00fcletben v\u00e9gleges\u00edtett\u00e9k (1942. j\u00fal.) \u0150rszolg\u00e1latot a zetelaki \u0151rs\u00f6n teljes\u00edtett. A mak\u00f3i gyalogsz\u00e1zadn\u00e1l els\u0151nek [&hellip;]<\/p>\n","protected":false},"featured_media":0,"comment_status":"open","ping_status":"closed","template":"","meta":[],"product_brand":[],"product_cat":[137],"product_tag":[],"class_list":{"0":"post-17154","1":"product","2":"type-product","3":"status-publish","5":"product_cat-maros-megyei-eletrajzi-lexikon","7":"first","8":"instock","9":"shipping-taxable","10":"product-type-simple"},"_links":{"self":[{"href":"https:\/\/uj.adatbank.ro\/lexikon\/wp-json\/wp\/v2\/product\/17154","targetHints":{"allow":["GET"]}}],"collection":[{"href":"https:\/\/uj.adatbank.ro\/lexikon\/wp-json\/wp\/v2\/product"}],"about":[{"href":"https:\/\/uj.adatbank.ro\/lexikon\/wp-json\/wp\/v2\/types\/product"}],"replies":[{"embeddable":true,"href":"https:\/\/uj.adatbank.ro\/lexikon\/wp-json\/wp\/v2\/comments?post=17154"}],"wp:attachment":[{"href":"https:\/\/uj.adatbank.ro\/lexikon\/wp-json\/wp\/v2\/media?parent=17154"}],"wp:term":[{"taxonomy":"product_brand","embeddable":true,"href":"https:\/\/uj.adatbank.ro\/lexikon\/wp-json\/wp\/v2\/product_brand?post=17154"},{"taxonomy":"product_cat","embeddable":true,"href":"https:\/\/uj.adatbank.ro\/lexikon\/wp-json\/wp\/v2\/product_cat?post=17154"},{"taxonomy":"product_tag","embeddable":true,"href":"https:\/\/uj.adatbank.ro\/lexikon\/wp-json\/wp\/v2\/product_tag?post=17154"}],"curies":[{"name":"wp","href":"https:\/\/api.w.org\/{rel}","templated":true}]}}