{"id":17155,"date":"2025-07-15T23:42:52","date_gmt":"2025-07-15T21:42:52","guid":{"rendered":"https:\/\/uj.adatbank.ro\/lexikon\/termek\/ordog-istvan-mihaly\/"},"modified":"2025-07-15T23:42:52","modified_gmt":"2025-07-15T21:42:52","slug":"ordog-istvan-mihaly","status":"publish","type":"product","link":"https:\/\/uj.adatbank.ro\/lexikon\/termek\/ordog-istvan-mihaly\/","title":{"rendered":"\u00d6RD\u00d6G Istv\u00e1n Mih\u00e1ly"},"content":{"rendered":"<p>Magyar\u00f3, 1890., \u2020\u00a0?: gazd\u00e1lkod\u00f3. \u2013 Magyar\u00f3n gazd\u00e1lkodott (1920\u2013), gabonanem\u0171t termelt \u00e9s haszon\u00e1llatokat is teny\u00e9sztett. Az I. ez\u00fcst, k\u00e9t II. ez\u00fcst, bronz vit\u00e9zi \u00e9rem, a K\u00e1roly Csapatkereszt valamint a hat\u00e9vest szolg\u00e1lati kereszt tulajdonosa. Minden kultur\u00e1lis \u00e9s hazafias egyes\u00fcletet t\u00e1mogatott-<br \/><strong>Irod.:<\/strong> Sz\u00e9kelyf\u00f6ld \u00ed.k.<\/br><\/p>\n","protected":false},"excerpt":{"rendered":"<p>Magyar\u00f3, 1890., \u2020\u00a0?: gazd\u00e1lkod\u00f3. \u2013 Magyar\u00f3n gazd\u00e1lkodott (1920\u2013), gabonanem\u0171t termelt \u00e9s haszon\u00e1llatokat is teny\u00e9sztett. Az I. ez\u00fcst, k\u00e9t II. ez\u00fcst, bronz vit\u00e9zi \u00e9rem, a K\u00e1roly Csapatkereszt valamint a hat\u00e9vest szolg\u00e1lati kereszt tulajdonosa. Minden kultur\u00e1lis \u00e9s hazafias egyes\u00fcletet t\u00e1mogatott-Irod.: Sz\u00e9kelyf\u00f6ld \u00ed.k.<\/p>\n","protected":false},"featured_media":0,"comment_status":"open","ping_status":"closed","template":"","meta":[],"product_brand":[],"product_cat":[137],"product_tag":[],"class_list":{"0":"post-17155","1":"product","2":"type-product","3":"status-publish","5":"product_cat-maros-megyei-eletrajzi-lexikon","7":"first","8":"instock","9":"shipping-taxable","10":"product-type-simple"},"_links":{"self":[{"href":"https:\/\/uj.adatbank.ro\/lexikon\/wp-json\/wp\/v2\/product\/17155","targetHints":{"allow":["GET"]}}],"collection":[{"href":"https:\/\/uj.adatbank.ro\/lexikon\/wp-json\/wp\/v2\/product"}],"about":[{"href":"https:\/\/uj.adatbank.ro\/lexikon\/wp-json\/wp\/v2\/types\/product"}],"replies":[{"embeddable":true,"href":"https:\/\/uj.adatbank.ro\/lexikon\/wp-json\/wp\/v2\/comments?post=17155"}],"wp:attachment":[{"href":"https:\/\/uj.adatbank.ro\/lexikon\/wp-json\/wp\/v2\/media?parent=17155"}],"wp:term":[{"taxonomy":"product_brand","embeddable":true,"href":"https:\/\/uj.adatbank.ro\/lexikon\/wp-json\/wp\/v2\/product_brand?post=17155"},{"taxonomy":"product_cat","embeddable":true,"href":"https:\/\/uj.adatbank.ro\/lexikon\/wp-json\/wp\/v2\/product_cat?post=17155"},{"taxonomy":"product_tag","embeddable":true,"href":"https:\/\/uj.adatbank.ro\/lexikon\/wp-json\/wp\/v2\/product_tag?post=17155"}],"curies":[{"name":"wp","href":"https:\/\/api.w.org\/{rel}","templated":true}]}}