{"id":17157,"date":"2025-07-15T23:42:56","date_gmt":"2025-07-15T21:42:56","guid":{"rendered":"https:\/\/uj.adatbank.ro\/lexikon\/termek\/ordog-mihaly\/"},"modified":"2025-07-15T23:42:56","modified_gmt":"2025-07-15T21:42:56","slug":"ordog-mihaly","status":"publish","type":"product","link":"https:\/\/uj.adatbank.ro\/lexikon\/termek\/ordog-mihaly\/","title":{"rendered":"\u00d6RD\u00d6G Mih\u00e1ly"},"content":{"rendered":"<p>? \u2020\u00a0?: sportol\u00f3, kos\u00e1rlabd\u00e1z\u00f3. \u2013 Mv.-en a kereskedelmi k\u00f6z\u00e9piskol\u00e1ba j\u00e1rt amikor elkezdett kosarazni, Z\u00f6ldi Istv\u00e1n v\u00e1logatta ki. Mv.-en n\u00e9h\u00e1ny \u00e9vet j\u00e1tszott, majd Nagyv\u00e1radon, 10 \u00e9vet Buk.-ben a CCA-ban, folytatta a mv.-i Dinamo-ban, siker\u00fclt itthon legy\u0151zni\u00fck a CCA-t (1959). 127-szer volt tagja a v\u00e1logatott csaptanak. 21-szer j\u00e1rt k\u00f6lf\u00f6ld\u00f6n, 13 orsz\u00e1gban, nagy sikereik az 1950-es \u00e9vekben voltak. <br \/><strong>Irod.:<\/strong> N\u00fa. (1999. j\u00fal. 8); Weisz S\u00e1ndor\u00a0: O. O. (V. Z., 1969. j\u00e1n. 22.)<\/br><\/p>\n","protected":false},"excerpt":{"rendered":"<p>? \u2020\u00a0?: sportol\u00f3, kos\u00e1rlabd\u00e1z\u00f3. \u2013 Mv.-en a kereskedelmi k\u00f6z\u00e9piskol\u00e1ba j\u00e1rt amikor elkezdett kosarazni, Z\u00f6ldi Istv\u00e1n v\u00e1logatta ki. Mv.-en n\u00e9h\u00e1ny \u00e9vet j\u00e1tszott, majd Nagyv\u00e1radon, 10 \u00e9vet Buk.-ben a CCA-ban, folytatta a mv.-i Dinamo-ban, siker\u00fclt itthon legy\u0151zni\u00fck a CCA-t (1959). 127-szer volt tagja a v\u00e1logatott csaptanak. 21-szer j\u00e1rt k\u00f6lf\u00f6ld\u00f6n, 13 orsz\u00e1gban, nagy sikereik az 1950-es \u00e9vekben voltak. [&hellip;]<\/p>\n","protected":false},"featured_media":0,"comment_status":"open","ping_status":"closed","template":"","meta":[],"product_brand":[],"product_cat":[137],"product_tag":[],"class_list":{"0":"post-17157","1":"product","2":"type-product","3":"status-publish","5":"product_cat-maros-megyei-eletrajzi-lexikon","7":"first","8":"instock","9":"shipping-taxable","10":"product-type-simple"},"_links":{"self":[{"href":"https:\/\/uj.adatbank.ro\/lexikon\/wp-json\/wp\/v2\/product\/17157","targetHints":{"allow":["GET"]}}],"collection":[{"href":"https:\/\/uj.adatbank.ro\/lexikon\/wp-json\/wp\/v2\/product"}],"about":[{"href":"https:\/\/uj.adatbank.ro\/lexikon\/wp-json\/wp\/v2\/types\/product"}],"replies":[{"embeddable":true,"href":"https:\/\/uj.adatbank.ro\/lexikon\/wp-json\/wp\/v2\/comments?post=17157"}],"wp:attachment":[{"href":"https:\/\/uj.adatbank.ro\/lexikon\/wp-json\/wp\/v2\/media?parent=17157"}],"wp:term":[{"taxonomy":"product_brand","embeddable":true,"href":"https:\/\/uj.adatbank.ro\/lexikon\/wp-json\/wp\/v2\/product_brand?post=17157"},{"taxonomy":"product_cat","embeddable":true,"href":"https:\/\/uj.adatbank.ro\/lexikon\/wp-json\/wp\/v2\/product_cat?post=17157"},{"taxonomy":"product_tag","embeddable":true,"href":"https:\/\/uj.adatbank.ro\/lexikon\/wp-json\/wp\/v2\/product_tag?post=17157"}],"curies":[{"name":"wp","href":"https:\/\/api.w.org\/{rel}","templated":true}]}}