{"id":1717,"date":"2025-06-28T11:50:57","date_gmt":"2025-06-28T09:50:57","guid":{"rendered":"https:\/\/uj.adatbank.ro\/lexikon\/termek\/albert-gyorgy\/"},"modified":"2025-06-28T11:50:57","modified_gmt":"2025-06-28T09:50:57","slug":"albert-gyorgy","status":"publish","type":"product","link":"https:\/\/uj.adatbank.ro\/lexikon\/termek\/albert-gyorgy\/","title":{"rendered":"ALBERT Gy\u00f6rgy"},"content":{"rendered":"<p>? \u2020\u00a0? : ref. lelk\u00e9sz. \u2013 A mv.-i Ref. K\u00f6nyvt\u00e1r k\u00f6nyvt\u00e1rosa volt di\u00e1kkor\u00e1ban (1819\u201322). Magyar\u00f3n volt lelk\u00e9sz (1825\u201360). <br \/><strong>Irod.:<\/strong> B\u00f6jthe Andor; Koncz 1879<\/br><\/p>\n","protected":false},"excerpt":{"rendered":"<p>? \u2020\u00a0? : ref. lelk\u00e9sz. \u2013 A mv.-i Ref. K\u00f6nyvt\u00e1r k\u00f6nyvt\u00e1rosa volt di\u00e1kkor\u00e1ban (1819\u201322). Magyar\u00f3n volt lelk\u00e9sz (1825\u201360). Irod.: B\u00f6jthe Andor; Koncz 1879<\/p>\n","protected":false},"featured_media":0,"comment_status":"open","ping_status":"closed","template":"","meta":[],"product_brand":[],"product_cat":[137],"product_tag":[],"class_list":{"0":"post-1717","1":"product","2":"type-product","3":"status-publish","5":"product_cat-maros-megyei-eletrajzi-lexikon","7":"first","8":"instock","9":"shipping-taxable","10":"product-type-simple"},"_links":{"self":[{"href":"https:\/\/uj.adatbank.ro\/lexikon\/wp-json\/wp\/v2\/product\/1717","targetHints":{"allow":["GET"]}}],"collection":[{"href":"https:\/\/uj.adatbank.ro\/lexikon\/wp-json\/wp\/v2\/product"}],"about":[{"href":"https:\/\/uj.adatbank.ro\/lexikon\/wp-json\/wp\/v2\/types\/product"}],"replies":[{"embeddable":true,"href":"https:\/\/uj.adatbank.ro\/lexikon\/wp-json\/wp\/v2\/comments?post=1717"}],"wp:attachment":[{"href":"https:\/\/uj.adatbank.ro\/lexikon\/wp-json\/wp\/v2\/media?parent=1717"}],"wp:term":[{"taxonomy":"product_brand","embeddable":true,"href":"https:\/\/uj.adatbank.ro\/lexikon\/wp-json\/wp\/v2\/product_brand?post=1717"},{"taxonomy":"product_cat","embeddable":true,"href":"https:\/\/uj.adatbank.ro\/lexikon\/wp-json\/wp\/v2\/product_cat?post=1717"},{"taxonomy":"product_tag","embeddable":true,"href":"https:\/\/uj.adatbank.ro\/lexikon\/wp-json\/wp\/v2\/product_tag?post=1717"}],"curies":[{"name":"wp","href":"https:\/\/api.w.org\/{rel}","templated":true}]}}